{"id":2712,"date":"2024-07-16T08:21:42","date_gmt":"2024-07-16T08:21:42","guid":{"rendered":"https:\/\/e-locum.eu\/wind-of-renewal\/"},"modified":"2025-12-18T10:29:00","modified_gmt":"2025-12-18T10:29:00","slug":"wind-of-renewal","status":"publish","type":"page","link":"https:\/\/e-locum.eu\/sl\/wind-of-renewal\/","title":{"rendered":"Wind of Renewal"},"content":{"rendered":"\t\t<div data-elementor-type=\"wp-post\" data-elementor-id=\"2712\" class=\"elementor elementor-2712 elementor-1724\" data-elementor-post-type=\"page\">\n\t\t\t\t<div class=\"elementor-element elementor-element-qa2xtqv e-flex e-con-boxed e-con e-parent\" data-id=\"qa2xtqv\" data-element_type=\"container\" data-e-type=\"container\" data-settings=\"{&quot;background_background&quot;:&quot;classic&quot;}\">\n\t\t\t\t\t<div class=\"e-con-inner\">\n\t\t<div class=\"elementor-element elementor-element-c1b36fd e-con-full animated-slow e-flex elementor-invisible e-con e-child\" data-id=\"c1b36fd\" data-element_type=\"container\" data-e-type=\"container\" data-settings=\"{&quot;background_background&quot;:&quot;classic&quot;,&quot;animation&quot;:&quot;zoomIn&quot;}\">\n\t\t\t\t<div class=\"elementor-element elementor-element-c04ee8a elementor-widget elementor-widget-heading\" data-id=\"c04ee8a\" data-element_type=\"widget\" data-e-type=\"widget\" data-widget_type=\"heading.default\">\n\t\t\t\t<div class=\"elementor-widget-container\">\n\t\t\t\t\t<h2 class=\"elementor-heading-title elementor-size-default\">Wind of Renewal<\/h2>\t\t\t\t<\/div>\n\t\t\t\t<\/div>\n\t\t\t\t<div class=\"elementor-element elementor-element-e55af1c elementor-widget elementor-widget-text-editor\" data-id=\"e55af1c\" data-element_type=\"widget\" data-e-type=\"widget\" data-widget_type=\"text-editor.default\">\n\t\t\t\t<div class=\"elementor-widget-container\">\n\t\t\t\t\t\t\t\t\t<p>Veter prenove, socialno zadru\u017eno podjetje kolektivne in dru\u017ebenokoristne narave <strong>(gr\u0161ko)<\/strong><\/p>\n\t\t\t\t\t\t\t\t<\/div>\n\t\t\t\t<\/div>\n\t\t\t\t<div class=\"elementor-element elementor-element-330149b elementor-widget elementor-widget-image\" data-id=\"330149b\" data-element_type=\"widget\" data-e-type=\"widget\" data-widget_type=\"image.default\">\n\t\t\t\t<div class=\"elementor-widget-container\">\n\t\t\t\t\t\t\t\t\t\t\t\t\t\t\t<img fetchpriority=\"high\" decoding=\"async\" width=\"1000\" height=\"1000\" src=\"https:\/\/e-locum.eu\/wp-content\/uploads\/2024\/07\/wind_of_renewal_logo-transformed-min-1.png\" class=\"attachment-large size-large wp-image-2511\" alt=\"\" srcset=\"https:\/\/e-locum.eu\/wp-content\/uploads\/2024\/07\/wind_of_renewal_logo-transformed-min-1.png 1000w, https:\/\/e-locum.eu\/wp-content\/uploads\/2024\/07\/wind_of_renewal_logo-transformed-min-1-300x300.png 300w, https:\/\/e-locum.eu\/wp-content\/uploads\/2024\/07\/wind_of_renewal_logo-transformed-min-1-150x150.png 150w, https:\/\/e-locum.eu\/wp-content\/uploads\/2024\/07\/wind_of_renewal_logo-transformed-min-1-768x768.png 768w\" sizes=\"(max-width: 1000px) 100vw, 1000px\" \/>\t\t\t\t\t\t\t\t\t\t\t\t\t\t\t<\/div>\n\t\t\t\t<\/div>\n\t\t\t\t<\/div>\n\t\t<div class=\"elementor-element elementor-element-1009169 e-con-full e-flex e-con e-child\" data-id=\"1009169\" data-element_type=\"container\" data-e-type=\"container\">\n\t\t\t\t<\/div>\n\t\t\t\t\t<\/div>\n\t\t\t\t<\/div>\n\t\t<div class=\"elementor-element elementor-element-bfc5512 e-flex e-con-boxed e-con e-parent\" data-id=\"bfc5512\" data-element_type=\"container\" data-e-type=\"container\">\n\t\t\t\t\t<div class=\"e-con-inner\">\n\t\t\t\t<div class=\"elementor-element elementor-element-64ca386 elementor-widget-divider--view-line_text elementor-widget-divider--element-align-left elementor-widget elementor-widget-divider\" data-id=\"64ca386\" data-element_type=\"widget\" data-e-type=\"widget\" data-widget_type=\"divider.default\">\n\t\t\t\t<div class=\"elementor-widget-container\">\n\t\t\t\t\t\t\t<div class=\"elementor-divider\">\n\t\t\t<span class=\"elementor-divider-separator\">\n\t\t\t\t\t\t\t<span class=\"elementor-divider__text elementor-divider__element\">\n\t\t\t\tVe\u010d o\t\t\t\t<\/span>\n\t\t\t\t\t\t<\/span>\n\t\t<\/div>\n\t\t\t\t\t\t<\/div>\n\t\t\t\t<\/div>\n\t\t<div class=\"elementor-element elementor-element-0337bfb e-con-full e-flex e-con e-child\" data-id=\"0337bfb\" data-element_type=\"container\" data-e-type=\"container\">\n\t\t\t\t<div class=\"elementor-element elementor-element-cdb051e elementor-widget elementor-widget-text-editor\" data-id=\"cdb051e\" data-element_type=\"widget\" data-e-type=\"widget\" data-widget_type=\"text-editor.default\">\n\t\t\t\t<div class=\"elementor-widget-container\">\n\t\t\t\t\t\t\t\t\t<p><span style=\"font-weight: 400;\">Gr\u0161ko socialno podjetje Wind of Renewal je bilo ustanovljeno leta 2014 za spodbujanje odgovornega socialnega zadru\u017enega gospodarstva, socialnega podjetni\u0161tva, zeleno-kro\u017enega gospodarstva, vklju\u010devanja demokracije in \u010dlovekovih pravic v finan\u010dno in dru\u017ebeno \u017eivljenje ter eko-socialnih inovacij.<\/span><\/p>\n<p><span style=\"font-weight: 400;\">Njegova glavna podro\u010dja delovanja so:<\/span><\/p>\n<ul>\n<li><span style=\"font-weight: 400;\"> Ozave\u0161\u010danje: Forumi socialnega podjetni\u0161tva v Atenah in drugih mestih (2014\u20132017), seminarji o na\u010drtovanju prehoda na energetsko u\u010dinkovita mesta, delavnice o energetskih zadrugah v \u0161olah;<\/span><\/li>\n<li><span style=\"font-weight: 400;\"> Krepitev zmogljivosti javnih organov in socialnih dele\u017enikov na podro\u010dju eko-socialne trajnosti (2015);<\/span><\/li>\n<li><span style=\"font-weight: 400;\"> Svetovalne storitve in podpora za pristop od spodaj navzgor pobude;<\/span><\/li>\n<li><span style=\"font-weight: 400;\"> Raziskave\/politika: dokument o energetski rev\u0161\u010dini v Gr\u010diji, Predlogi za socialne inovacije za re\u0161evanje tega pojava (2017), dokument o zeleni regionalni razvoj (2015);<\/span><\/li>\n<li><span style=\"font-weight: 400;\"> Storitve sprejema in vklju\u010devanja beguncev: nastanitev, opolnomo\u010denje, socialna vklju\u010denost;<\/span><\/li>\n<li><span style=\"font-weight: 400;\"> Mre\u017eenje in izmenjava najbolj\u0161ih praks na lokalni, nacionalni in evropski ravni.<\/span><\/li>\n<\/ul>\n<p><span style=\"font-weight: 400;\">Med drugim je Wind of Renewal septembra 2016 v sodelovanju z Atensko agencijo za razvoj in upravljanje destinacij (EATA) in UNHCR izvedel projekt Welcommon, v okviru katerega je nastal modelni skupnostni center za gostovanje in spodbujanje socialne vklju\u010denosti beguncev. Hostel WELCOMMON ni le visokokakovostna namestitev za trajnostni turizem, temve\u010d tudi prizori\u0161\u010de \u0161tevilnih dejavnosti, ki jih gostje organizirajo sami, za neformalno izobra\u017eevanje in socialno vklju\u010devanje beguncev.<\/span><\/p>\n<p>\u00a0<\/p>\n<p><span style=\"font-weight: 400;\">Spletna stran: <\/span><a href=\"https:\/\/anemosananeosis.gr\/en\/main-page-en-2\/\" target=\"_blank\" rel=\"noopener\"><span style=\"font-weight: 400;\">Wind of Renewal (anemosananeosis.gr)<\/span><\/a><\/p>\n\t\t\t\t\t\t\t\t<\/div>\n\t\t\t\t<\/div>\n\t\t\t\t<\/div>\n\t\t\t\t\t<\/div>\n\t\t\t\t<\/div>\n\t\t\t\t<\/div>\n\t\t","protected":false},"excerpt":{"rendered":"<p>Wind of Renewal Veter prenove, socialno zadru\u017eno podjetje kolektivne in dru\u017ebenokoristne narave (gr\u0161ko) Ve\u010d o Gr\u0161ko socialno podjetje Wind of Renewal je bilo ustanovljeno leta 2014 za spodbujanje odgovornega socialnega zadru\u017enega gospodarstva, socialnega podjetni\u0161tva, zeleno-kro\u017enega gospodarstva, vklju\u010devanja demokracije in \u010dlovekovih pravic v finan\u010dno in dru\u017ebeno \u017eivljenje ter eko-socialnih inovacij. Njegova glavna podro\u010dja delovanja so: Ozave\u0161\u010danje: [&hellip;]<\/p>\n","protected":false},"author":1,"featured_media":0,"parent":0,"menu_order":0,"comment_status":"closed","ping_status":"closed","template":"","meta":{"_uag_custom_page_level_css":"","site-sidebar-layout":"no-sidebar","site-content-layout":"page-builder","ast-site-content-layout":"full-width-container","site-content-style":"unboxed","site-sidebar-style":"unboxed","ast-global-header-display":"","ast-banner-title-visibility":"","ast-main-header-display":"","ast-hfb-above-header-display":"","ast-hfb-below-header-display":"","ast-hfb-mobile-header-display":"","site-post-title":"disabled","ast-breadcrumbs-content":"","ast-featured-img":"disabled","footer-sml-layout":"","ast-disable-related-posts":"","theme-transparent-header-meta":"default","adv-header-id-meta":"","stick-header-meta":"","header-above-stick-meta":"","header-main-stick-meta":"","header-below-stick-meta":"","astra-migrate-meta-layouts":"default","ast-page-background-enabled":"default","ast-page-background-meta":{"desktop":{"background-color":"","background-image":"","background-repeat":"repeat","background-position":"center center","background-size":"auto","background-attachment":"scroll","background-type":"","background-media":"","overlay-type":"","overlay-color":"","overlay-opacity":"","overlay-gradient":""},"tablet":{"background-color":"","background-image":"","background-repeat":"repeat","background-position":"center center","background-size":"auto","background-attachment":"scroll","background-type":"","background-media":"","overlay-type":"","overlay-color":"","overlay-opacity":"","overlay-gradient":""},"mobile":{"background-color":"","background-image":"","background-repeat":"repeat","background-position":"center center","background-size":"auto","background-attachment":"scroll","background-type":"","background-media":"","overlay-type":"","overlay-color":"","overlay-opacity":"","overlay-gradient":""}},"ast-content-background-meta":{"desktop":{"background-color":"var(--ast-global-color-5)","background-image":"","background-repeat":"repeat","background-position":"center center","background-size":"auto","background-attachment":"scroll","background-type":"","background-media":"","overlay-type":"","overlay-color":"","overlay-opacity":"","overlay-gradient":""},"tablet":{"background-color":"var(--ast-global-color-5)","background-image":"","background-repeat":"repeat","background-position":"center center","background-size":"auto","background-attachment":"scroll","background-type":"","background-media":"","overlay-type":"","overlay-color":"","overlay-opacity":"","overlay-gradient":""},"mobile":{"background-color":"var(--ast-global-color-5)","background-image":"","background-repeat":"repeat","background-position":"center center","background-size":"auto","background-attachment":"scroll","background-type":"","background-media":"","overlay-type":"","overlay-color":"","overlay-opacity":"","overlay-gradient":""}},"footnotes":""},"class_list":["post-2712","page","type-page","status-publish","hentry"],"uagb_featured_image_src":{"full":false,"thumbnail":false,"medium":false,"medium_large":false,"large":false,"1536x1536":false,"2048x2048":false},"uagb_author_info":{"display_name":"raisissoftware.admin","author_link":"https:\/\/e-locum.eu\/sl\/author\/raisissoftware-admin\/"},"uagb_comment_info":0,"uagb_excerpt":"Wind of Renewal Veter prenove, socialno zadru\u017eno podjetje kolektivne in dru\u017ebenokoristne narave (gr\u0161ko) Ve\u010d o Gr\u0161ko socialno podjetje Wind of Renewal je bilo ustanovljeno leta 2014 za spodbujanje odgovornega socialnega zadru\u017enega gospodarstva, socialnega podjetni\u0161tva, zeleno-kro\u017enega gospodarstva, vklju\u010devanja demokracije in \u010dlovekovih pravic v finan\u010dno in dru\u017ebeno \u017eivljenje ter eko-socialnih inovacij. Njegova glavna podro\u010dja delovanja so: Ozave\u0161\u010danje:&hellip;","_links":{"self":[{"href":"https:\/\/e-locum.eu\/sl\/wp-json\/wp\/v2\/pages\/2712","targetHints":{"allow":["GET"]}}],"collection":[{"href":"https:\/\/e-locum.eu\/sl\/wp-json\/wp\/v2\/pages"}],"about":[{"href":"https:\/\/e-locum.eu\/sl\/wp-json\/wp\/v2\/types\/page"}],"author":[{"embeddable":true,"href":"https:\/\/e-locum.eu\/sl\/wp-json\/wp\/v2\/users\/1"}],"replies":[{"embeddable":true,"href":"https:\/\/e-locum.eu\/sl\/wp-json\/wp\/v2\/comments?post=2712"}],"version-history":[{"count":1,"href":"https:\/\/e-locum.eu\/sl\/wp-json\/wp\/v2\/pages\/2712\/revisions"}],"predecessor-version":[{"id":2713,"href":"https:\/\/e-locum.eu\/sl\/wp-json\/wp\/v2\/pages\/2712\/revisions\/2713"}],"wp:attachment":[{"href":"https:\/\/e-locum.eu\/sl\/wp-json\/wp\/v2\/media?parent=2712"}],"curies":[{"name":"wp","href":"https:\/\/api.w.org\/{rel}","templated":true}]}}