{"id":2708,"date":"2024-07-16T13:35:55","date_gmt":"2024-07-16T13:35:55","guid":{"rendered":"https:\/\/e-locum.eu\/pogoji-poslovanja\/"},"modified":"2025-12-18T10:28:04","modified_gmt":"2025-12-18T10:28:04","slug":"pogoji-poslovanja","status":"publish","type":"page","link":"https:\/\/e-locum.eu\/sl\/pogoji-poslovanja\/","title":{"rendered":"Pogoji poslovanja"},"content":{"rendered":"\t\t<div data-elementor-type=\"wp-post\" data-elementor-id=\"2708\" class=\"elementor elementor-2708 elementor-1883\" data-elementor-post-type=\"page\">\n\t\t\t\t<div class=\"elementor-element elementor-element-8f7483f e-flex e-con-boxed e-con e-parent\" data-id=\"8f7483f\" data-element_type=\"container\" data-e-type=\"container\" data-settings=\"{&quot;background_background&quot;:&quot;classic&quot;,&quot;shape_divider_bottom&quot;:&quot;opacity-fan&quot;}\">\n\t\t\t\t\t<div class=\"e-con-inner\">\n\t\t\t\t<div class=\"elementor-shape elementor-shape-bottom\" aria-hidden=\"true\" data-negative=\"false\">\n\t\t\t<svg xmlns=\"http:\/\/www.w3.org\/2000\/svg\" viewBox=\"0 0 283.5 19.6\" preserveAspectRatio=\"none\">\n\t<path class=\"elementor-shape-fill\" style=\"opacity:0.33\" d=\"M0 0L0 18.8 141.8 4.1 283.5 18.8 283.5 0z\"\/>\n\t<path class=\"elementor-shape-fill\" style=\"opacity:0.33\" d=\"M0 0L0 12.6 141.8 4 283.5 12.6 283.5 0z\"\/>\n\t<path class=\"elementor-shape-fill\" style=\"opacity:0.33\" d=\"M0 0L0 6.4 141.8 4 283.5 6.4 283.5 0z\"\/>\n\t<path class=\"elementor-shape-fill\" d=\"M0 0L0 1.2 141.8 4 283.5 1.2 283.5 0z\"\/>\n<\/svg>\t\t<\/div>\n\t\t\t\t\t<\/div>\n\t\t\t\t<\/div>\n\t\t<div class=\"elementor-element elementor-element-bfc5512 e-flex e-con-boxed e-con e-parent\" data-id=\"bfc5512\" data-element_type=\"container\" data-e-type=\"container\">\n\t\t\t\t\t<div class=\"e-con-inner\">\n\t\t\t\t<div class=\"elementor-element elementor-element-64ca386 elementor-widget-divider--view-line_text elementor-widget-divider--element-align-left elementor-widget elementor-widget-divider\" data-id=\"64ca386\" data-element_type=\"widget\" data-e-type=\"widget\" data-widget_type=\"divider.default\">\n\t\t\t\t<div class=\"elementor-widget-container\">\n\t\t\t\t\t\t\t<div class=\"elementor-divider\">\n\t\t\t<span class=\"elementor-divider-separator\">\n\t\t\t\t\t\t<\/span>\n\t\t<\/div>\n\t\t\t\t\t\t<\/div>\n\t\t\t\t<\/div>\n\t\t<div class=\"elementor-element elementor-element-0337bfb e-con-full e-flex e-con e-child\" data-id=\"0337bfb\" data-element_type=\"container\" data-e-type=\"container\">\n\t\t\t\t<div class=\"elementor-element elementor-element-cdb051e elementor-widget elementor-widget-text-editor\" data-id=\"cdb051e\" data-element_type=\"widget\" data-e-type=\"widget\" data-widget_type=\"text-editor.default\">\n\t\t\t\t<div class=\"elementor-widget-container\">\n\t\t\t\t\t\t\t\t\t<div class=\"w-full text-token-text-primary\" dir=\"auto\" data-testid=\"conversation-turn-5\" data-scroll-anchor=\"false\">\n<div class=\"text-base py-2 juice:py-[18px] px-3 md:px-4 m-auto md:px-5 lg:px-1 xl:px-5\">\n<div class=\"mx-auto flex flex-1 gap-3 text-base juice:gap-4 juice:md:gap-5 juice:lg:gap-6 md:max-w-3xl lg:max-w-[40rem] xl:max-w-[48rem]\">\n<div class=\"group\/conversation-turn relativna flex w-full min-w-0 flex-col agent-turn\">\n<div class=\"flex-col gap-1 md:gap-3\">\n<div class=\"flex flex-grow flex-col max-w-full\">\n<div class=\"min-h-[20px] text-message flex flex-col items-start whitespace-pre-wrap break-words [.text-message+&amp;]:mt-5 juice:w-full juice:items-end overflow-x-auto gap-2\" dir=\"auto\" data-message-author-role=\"assistant\" data-message-id=\"87c9d2fa-f5c4-425b-a2bd-7b83e47a6017\">\n<div class=\"flex w-full flex-col gap-1 juice:empty:hidden juice:first:pt-[3px]\">\n<div class=\"markdown prose w-full break-words dark:prose-invert dark\">\n<p><strong>Datum za\u010detka veljavnosti:<\/strong> 17.07.2024<\/p>\n<h3>1. Uvod<\/h3>\n<p>Dobrodo\u0161li na spletnem mestu \u00bbE-Locum \u2013 Lokalni dogovori Zdru\u017eenih partnerjev Evrope\u00ab [URL spletnega mesta] (\u00bbSpletno mesto\u00ab). Ti pogoji in dolo\u010dila (\u00bbPogoji\u00ab) urejajo va\u0161o uporabo na\u0161ega spletnega mesta. Z dostopom do na\u0161ega spletnega mesta ali njegovo uporabo se strinjate, da boste upo\u0161tevali te pogoje in da vas zavezujejo. \u010ce se s temi pogoji ne strinjate, prosimo, da na\u0161ega spletnega mesta ne uporabljate.<\/p>\n<h3>2. Uporaba spletnega mesta<\/h3>\n<p><strong>Upravi\u010denost:<\/strong> Za uporabo tega spletnega mesta morate biti stari vsaj 15 let. Z uporabo spletnega mesta izjavljate in jam\u010dite, da izpolnjujete to starostno omejitev.<\/p>\n<p><strong>Dovoljena uporaba:<\/strong> Strinjate se, da boste spletno mesto uporabljali le v zakonite namene in na na\u010din, ki ne kr\u0161i pravic drugih, ne omejuje ali ovira uporabe in u\u017eivanja spletnega mesta.<\/p>\n<h3>3. Intelektualna lastnina<\/h3>\n<p><strong>Lastni\u0161tvo:<\/strong> Vsa vsebina na tem spletnem mestu, vklju\u010dno z besedilom, grafiko, logotipi, slikami in programsko opremo, je last \u00bbE-Locum \u2013 Local Compacts of the United Mates of Europe\u00ab ali njegovih dobaviteljev vsebin in je za\u0161\u010ditena z mednarodnimi zakoni o avtorskih pravicah.<\/p>\n<p><strong>Omejitve:<\/strong> Gradiva na na\u0161em spletnem mestu ni dovoljeno reproducirati, distribuirati, spreminjati, ustvarjati izpeljanih del, javno prikazovati, javno izvajati, ponovno objavljati, prena\u0161ati, shranjevati ali prena\u0161ati, razen v naslednjih primerih:<\/p>\n<ul>\n<li>V ra\u010dunalnik lahko shranjujete datoteke, ki jih va\u0161 spletni brskalnik samodejno shrani v predpomnilnik za namene izbolj\u0161anja prikaza;<\/li>\n<\/ul>\n<\/div>\n<\/div>\n<\/div>\n<\/div>\n<\/div>\n<\/div>\n<\/div>\n<\/div>\n<\/div>\n<\/div>\n<\/div>\n<div class=\"w-full text-token-text-primary\" dir=\"auto\" data-testid=\"conversation-turn-7\" data-scroll-anchor=\"true\">\n<div class=\"text-base py-2\" sok:py-[18px] px-3 md:px-4 m-auto md:px-5 lg:px-1 xl:px-5\">\n<div class=\"mx-auto flex flex-1 gap-3 text-base sok:gap-4 sok:md:gap-5 sok:lg:gap-6 md:max-w-3xl lg:max-w-[40rem] xl:max-w-[48rem]\">\n<div class=\"skupina\/pogovor-obrni relativni flex w-full min-w-0 flex-col agent-obrni\">\n<div class=\"flex-col gap-1 md:gap-3\">\n<div class=\"flex flex-grow flex-col max-w-full\">\n<div class=\"min-h-[20px] besedilno-sporo\u010dilo flex flex-col items-start whitespace-pre-wrap break-words [.text-message+&amp;]:mt-5 sok:w-full sok:konec-predmetov overflow-x-auto gap-2\" dir=\"auto\" data-message-author-role=\"assistant\" data-message-id=\"7bd25c96-53a7-44f2-9e89-213ad68f45e4\">\n<div class=\"flex w-full flex-col gap-1 juice:empty:hidden juice:first:pt-[3px]\">\n<div class=\"markdown prose w-full break-words dark:prose-invert dark\">\n<ul>\n<li>Eno kopijo razumnega \u0161tevila strani spletnega mesta lahko natisnete ali prenesete za svojo osebno, nekomercialno uporabo in ne za nadaljnjo reprodukcijo, objavo ali distribucijo.<\/li>\n<\/ul>\n<h3>4. Prispevki uporabnikov<\/h3>\n<p><strong>Uporabni\u0161ka vsebina:<\/strong> Spletno mesto vam lahko dovoli oddajo, objavo ali prikaz vsebine, vklju\u010dno z besedilom, slikami, videoposnetki ali drugimi materiali (\u00bbUporabni\u0161ka vsebina\u00ab).<\/p>\n<p><strong>Pravice:<\/strong> Z oddajo uporabni\u0161ke vsebine na spletno mesto nam podeljujete trajno, nepreklicno, svetovno, brezpla\u010dno in neizklju\u010dno licenco za uporabo, reprodukcijo, spreminjanje, prilagajanje, objavljanje, prevajanje, ustvarjanje izpeljanih del, distribucijo, izvajanje in prikazovanje tak\u0161ne uporabni\u0161ke vsebine v povezavi z delovanjem spletnega mesta in dejavnostmi na\u0161e organizacije.<\/p>\n<p><strong>Odgovornost:<\/strong> Za svojo uporabni\u0161ko vsebino ste izklju\u010dno odgovorni. Z oddajo uporabni\u0161ke vsebine izjavljate in jam\u010dite, da imate vse potrebne pravice in dovoljenja za to ter da va\u0161a uporabni\u0161ka vsebina ne kr\u0161i nobenih pravic tretjih oseb ali veljavnih zakonov.<\/p>\n<h3>5. Zasebnost<\/h3>\n<p>Prosimo, preglejte na\u0161 Pravilnik o zasebnosti [povezava do Pravilnika o zasebnosti], ki ureja uporabo osebnih podatkov na spletnem mestu in s katerim se strinjate z uporabo tega spletnega mesta.<\/p>\n<h3>6. Povezave do drugih spletnih mest<\/h3>\n<p>Spletno mesto lahko vsebuje povezave do spletnih mest ali storitev tretjih oseb, ki niso v na\u0161i lasti ali pod na\u0161im nadzorom. Nimamo nadzora nad vsebino, pravilniki o zasebnosti ali praksami spletnih mest ali storitev tretjih oseb in zanje ne prevzemamo nobene odgovornosti. Nadalje potrjujete in se strinjate, da ne bomo neposredno ali posredno odgovorni za kakr\u0161no koli \u0161kodo ali izgubo, ki bi jo povzro\u010dila ali domnevno povzro\u010dila uporaba ali zana\u0161anje na katero koli tak\u0161no vsebino, blago ali storitve, ki so na voljo na tak\u0161nih spletnih mestih ali storitvah ali prek njih.<\/p>\n<h3>7. Spremembe pogojev<\/h3>\n<p>Pridr\u017eujemo si pravico, da te pogoje kadar koli spremenimo ali zamenjamo. \u010ce je sprememba bistvena, bomo posku\u0161ali zagotoviti vsaj 30-dnevno obvestilo pred za\u010detkom veljavnosti novih pogojev. Kaj predstavlja bistveno spremembo, bomo dolo\u010dili po lastni presoji.<\/p>\n<h3>8. Veljavno pravo in pristojnost<\/h3>\n<p>Te pogoje urejajo in razlagajo zakoni [Va\u0161a dr\u017eava], ne glede na dolo\u010dbe o koliziji zakonov. Strinjate se, da se vsi pravni postopki ali postopki, ki izhajajo iz teh pogojev ali so povezani s spletnim mestom, spro\u017eijo izklju\u010dno na pristojnih sodi\u0161\u010dih [Va\u0161a jurisdikcija].<\/p>\n<h3>9. Kontaktirajte nas<\/h3>\n<p>\u010ce imate kakr\u0161na koli vpra\u0161anja o teh pogojih, nas kontaktirajte na:<\/p>\n<p><strong>E-po\u0161ta:<\/strong> [kontaktni e-po\u0161tni naslov]<br \/><strong>Naslov:<\/strong> [fizi\u010dni naslov]<\/p>\n<\/div>\n<\/div>\n<\/div>\n<\/div>\n<\/div>\n<\/div>\n<\/div>\n<\/div>\n<\/div>\n\t\t\t\t\t\t\t\t<\/div>\n\t\t\t\t<\/div>\n\t\t\t\t<\/div>\n\t\t\t\t\t<\/div>\n\t\t\t\t<\/div>\n\t\t\t\t<\/div>\n\t\t","protected":false},"excerpt":{"rendered":"<p>Datum za\u010detka veljavnosti: 17.07.2024 1. Uvod Dobrodo\u0161li na spletnem mestu \u00bbE-Locum \u2013 Lokalni dogovori Zdru\u017eenih partnerjev Evrope\u00ab [URL spletnega mesta] (\u00bbSpletno mesto\u00ab). Ti pogoji in dolo\u010dila (\u00bbPogoji\u00ab) urejajo va\u0161o uporabo na\u0161ega spletnega mesta. Z dostopom do na\u0161ega spletnega mesta ali njegovo uporabo se strinjate, da boste upo\u0161tevali te pogoje in da vas zavezujejo. \u010ce se [&hellip;]<\/p>\n","protected":false},"author":1,"featured_media":0,"parent":0,"menu_order":0,"comment_status":"closed","ping_status":"closed","template":"","meta":{"_uag_custom_page_level_css":"","site-sidebar-layout":"no-sidebar","site-content-layout":"page-builder","ast-site-content-layout":"full-width-container","site-content-style":"unboxed","site-sidebar-style":"unboxed","ast-global-header-display":"","ast-banner-title-visibility":"","ast-main-header-display":"","ast-hfb-above-header-display":"","ast-hfb-below-header-display":"","ast-hfb-mobile-header-display":"","site-post-title":"disabled","ast-breadcrumbs-content":"","ast-featured-img":"disabled","footer-sml-layout":"","ast-disable-related-posts":"","theme-transparent-header-meta":"enabled","adv-header-id-meta":"","stick-header-meta":"","header-above-stick-meta":"","header-main-stick-meta":"","header-below-stick-meta":"","astra-migrate-meta-layouts":"default","ast-page-background-enabled":"default","ast-page-background-meta":{"desktop":{"background-color":"","background-image":"","background-repeat":"repeat","background-position":"center center","background-size":"auto","background-attachment":"scroll","background-type":"","background-media":"","overlay-type":"","overlay-color":"","overlay-opacity":"","overlay-gradient":""},"tablet":{"background-color":"","background-image":"","background-repeat":"repeat","background-position":"center center","background-size":"auto","background-attachment":"scroll","background-type":"","background-media":"","overlay-type":"","overlay-color":"","overlay-opacity":"","overlay-gradient":""},"mobile":{"background-color":"","background-image":"","background-repeat":"repeat","background-position":"center center","background-size":"auto","background-attachment":"scroll","background-type":"","background-media":"","overlay-type":"","overlay-color":"","overlay-opacity":"","overlay-gradient":""}},"ast-content-background-meta":{"desktop":{"background-color":"var(--ast-global-color-5)","background-image":"","background-repeat":"repeat","background-position":"center center","background-size":"auto","background-attachment":"scroll","background-type":"","background-media":"","overlay-type":"","overlay-color":"","overlay-opacity":"","overlay-gradient":""},"tablet":{"background-color":"var(--ast-global-color-5)","background-image":"","background-repeat":"repeat","background-position":"center center","background-size":"auto","background-attachment":"scroll","background-type":"","background-media":"","overlay-type":"","overlay-color":"","overlay-opacity":"","overlay-gradient":""},"mobile":{"background-color":"var(--ast-global-color-5)","background-image":"","background-repeat":"repeat","background-position":"center center","background-size":"auto","background-attachment":"scroll","background-type":"","background-media":"","overlay-type":"","overlay-color":"","overlay-opacity":"","overlay-gradient":""}},"footnotes":""},"class_list":["post-2708","page","type-page","status-publish","hentry"],"uagb_featured_image_src":{"full":false,"thumbnail":false,"medium":false,"medium_large":false,"large":false,"1536x1536":false,"2048x2048":false},"uagb_author_info":{"display_name":"raisissoftware.admin","author_link":"https:\/\/e-locum.eu\/sl\/author\/raisissoftware-admin\/"},"uagb_comment_info":0,"uagb_excerpt":"Datum za\u010detka veljavnosti: 17.07.2024 1. Uvod Dobrodo\u0161li na spletnem mestu \u00bbE-Locum \u2013 Lokalni dogovori Zdru\u017eenih partnerjev Evrope\u00ab [URL spletnega mesta] (\u00bbSpletno mesto\u00ab). Ti pogoji in dolo\u010dila (\u00bbPogoji\u00ab) urejajo va\u0161o uporabo na\u0161ega spletnega mesta. Z dostopom do na\u0161ega spletnega mesta ali njegovo uporabo se strinjate, da boste upo\u0161tevali te pogoje in da vas zavezujejo. \u010ce se&hellip;","_links":{"self":[{"href":"https:\/\/e-locum.eu\/sl\/wp-json\/wp\/v2\/pages\/2708","targetHints":{"allow":["GET"]}}],"collection":[{"href":"https:\/\/e-locum.eu\/sl\/wp-json\/wp\/v2\/pages"}],"about":[{"href":"https:\/\/e-locum.eu\/sl\/wp-json\/wp\/v2\/types\/page"}],"author":[{"embeddable":true,"href":"https:\/\/e-locum.eu\/sl\/wp-json\/wp\/v2\/users\/1"}],"replies":[{"embeddable":true,"href":"https:\/\/e-locum.eu\/sl\/wp-json\/wp\/v2\/comments?post=2708"}],"version-history":[{"count":1,"href":"https:\/\/e-locum.eu\/sl\/wp-json\/wp\/v2\/pages\/2708\/revisions"}],"predecessor-version":[{"id":2709,"href":"https:\/\/e-locum.eu\/sl\/wp-json\/wp\/v2\/pages\/2708\/revisions\/2709"}],"wp:attachment":[{"href":"https:\/\/e-locum.eu\/sl\/wp-json\/wp\/v2\/media?parent=2708"}],"curies":[{"name":"wp","href":"https:\/\/api.w.org\/{rel}","templated":true}]}}