{"id":2704,"date":"2025-10-21T12:27:41","date_gmt":"2025-10-21T12:27:41","guid":{"rendered":"https:\/\/e-locum.eu\/prirocnik-za-druzbene-medije-in-ustvarjanje-vsebin\/"},"modified":"2025-12-18T10:27:32","modified_gmt":"2025-12-18T10:27:32","slug":"prirocnik-za-druzbene-medije-in-ustvarjanje-vsebin","status":"publish","type":"page","link":"https:\/\/e-locum.eu\/sl\/prirocnik-za-druzbene-medije-in-ustvarjanje-vsebin\/","title":{"rendered":"Priro\u010dnik za dru\u017ebene medije in ustvarjanje vsebin"},"content":{"rendered":"\t\t<div data-elementor-type=\"wp-page\" data-elementor-id=\"2704\" class=\"elementor elementor-2704 elementor-2480\" data-elementor-post-type=\"page\">\n\t\t\t\t<div class=\"elementor-element elementor-element-627801b e-flex e-con-boxed e-con e-parent\" data-id=\"627801b\" data-element_type=\"container\" data-e-type=\"container\">\n\t\t\t\t\t<div class=\"e-con-inner\">\n\t\t\t\t<div class=\"elementor-element elementor-element-54de3147 elementor-widget elementor-widget-text-editor\" data-id=\"54de3147\" data-element_type=\"widget\" data-e-type=\"widget\" data-widget_type=\"text-editor.default\">\n\t\t\t\t<div class=\"elementor-widget-container\">\n\t\t\t\t\t\t\t\t\t<div class=\"wp-block-cover\" style=\"min-height: 393px;\"><img fetchpriority=\"high\" decoding=\"async\" width=\"682\" height=\"1024\" class=\"wp-block-cover__image-background wp-image-2485\" src=\"https:\/\/e-locum.eu\/wp-content\/uploads\/2025\/10\/g4295ce529a3997854a5974430a7b86e2b57602ed67e526c5fda4ea30ba53b8e0c194822038a811c43fbfc2211ba0f2c676a48ba5ab44793971eec78bc37e8555_1280-5238360-682x1024.jpg\" alt=\"deli, dru\u017ebeni mediji, vplivne\u017e, mediji, deljenje, forum, trend, spletna stran, omre\u017eje, novice, facebook, twitter, blog, klepet, tehnologija, komunikacija, internet, pametni telefon, ljudje, dru\u017eabno, mre\u017eenje, tr\u017eenje, whatsapp, povezava, vplivne\u017e, vplivne\u017e, vplivne\u017e, forum, forum, forum, forum, forum, whatsapp, whatsapp, whatsapp\" data-object-fit=\"cover\" srcset=\"https:\/\/e-locum.eu\/wp-content\/uploads\/2025\/10\/g4295ce529a3997854a5974430a7b86e2b57602ed67e526c5fda4ea30ba53b8e0c194822038a811c43fbfc2211ba0f2c676a48ba5ab44793971eec78bc37e8555_1280-5238360-682x1024.jpg 682w, https:\/\/e-locum.eu\/wp-content\/uploads\/2025\/10\/g4295ce529a3997854a5974430a7b86e2b57602ed67e526c5fda4ea30ba53b8e0c194822038a811c43fbfc2211ba0f2c676a48ba5ab44793971eec78bc37e8555_1280-5238360-200x300.jpg 200w, https:\/\/e-locum.eu\/wp-content\/uploads\/2025\/10\/g4295ce529a3997854a5974430a7b86e2b57602ed67e526c5fda4ea30ba53b8e0c194822038a811c43fbfc2211ba0f2c676a48ba5ab44793971eec78bc37e8555_1280-5238360-768x1152.jpg 768w, https:\/\/e-locum.eu\/wp-content\/uploads\/2025\/10\/g4295ce529a3997854a5974430a7b86e2b57602ed67e526c5fda4ea30ba53b8e0c194822038a811c43fbfc2211ba0f2c676a48ba5ab44793971eec78bc37e8555_1280-5238360.jpg 853w\" sizes=\"(max-width: 682px) 100vw, 682px\" \/>\r\n<div class=\"wp-block-cover__inner-container\">\r\n<p class=\"has-text-align-center has-large-font-size\">Kako ustvarjati, se povezovati in ostati varen<\/p>\r\n<\/div><br><\/div><br><br><p>Dru\u017ebeni mediji so postali sestavni del vsakdanjega \u017eivljenja. So prostor za povezovanje s prijatelji, u\u010denje novih stvari in iskanje navdiha. So tudi platforma, prek katere lahko delimo svoje ideje s svetom. Za mnoge mlade je to tudi prostor za eksperimentiranje z ustvarjalnostjo, pa naj bo to objavljanje fotografij, snemanje sme\u0161nih videoposnetkov ali celo za\u010detek podkasta.<\/p><br><br><p>Vendar pa je spletni svet lahko tudi zapleten. Med tveganja spadajo te\u017eave z zasebnostjo, spletno ustrahovanje, dezinformacije in te\u017eave z du\u0161evnim zdravjem. Pritisk, da bi \u00bbpostali viralni\u00ab ali se zdeli popolni, se v\u010dasih zdi preobremenjujo\u010d. Zato ta vodnik obstaja.<\/p><br><br><blockquote class=\"wp-block-quote\">\r\n<p>Prenesete ga lahko s spletne strani <a href=\"https:\/\/e-locum.eu\/wp-content\/uploads\/2025\/10\/E-LoCUM_Guidelines-for-social-media-creation.pdf\"><strong>TUKAJ<\/strong><\/a>, \u010de \u017eelite izvedeti ve\u010d!<\/p>\r\n<\/blockquote><br>\t\t\t\t\t\t\t\t<\/div>\n\t\t\t\t<\/div>\n\t\t\t\t\t<\/div>\n\t\t\t\t<\/div>\n\t\t\t\t<\/div>\n\t\t","protected":false},"excerpt":{"rendered":"<p>Kako ustvarjati, se povezovati in ostati varen Dru\u017ebeni mediji so postali sestavni del vsakdanjega \u017eivljenja. So prostor za povezovanje s prijatelji, u\u010denje novih stvari in iskanje navdiha. So tudi platforma, prek katere lahko delimo svoje ideje s svetom. Za mnoge mlade je to tudi prostor za eksperimentiranje z ustvarjalnostjo, pa naj bo to objavljanje fotografij, [&hellip;]<\/p>\n","protected":false},"author":1,"featured_media":0,"parent":0,"menu_order":0,"comment_status":"closed","ping_status":"closed","template":"","meta":{"_uag_custom_page_level_css":"","site-sidebar-layout":"default","site-content-layout":"","ast-site-content-layout":"default","site-content-style":"default","site-sidebar-style":"default","ast-global-header-display":"","ast-banner-title-visibility":"","ast-main-header-display":"","ast-hfb-above-header-display":"","ast-hfb-below-header-display":"","ast-hfb-mobile-header-display":"","site-post-title":"","ast-breadcrumbs-content":"","ast-featured-img":"","footer-sml-layout":"","ast-disable-related-posts":"","theme-transparent-header-meta":"","adv-header-id-meta":"","stick-header-meta":"","header-above-stick-meta":"","header-main-stick-meta":"","header-below-stick-meta":"","astra-migrate-meta-layouts":"default","ast-page-background-enabled":"default","ast-page-background-meta":{"desktop":{"background-color":"","background-image":"","background-repeat":"repeat","background-position":"center center","background-size":"auto","background-attachment":"scroll","background-type":"","background-media":"","overlay-type":"","overlay-color":"","overlay-opacity":"","overlay-gradient":""},"tablet":{"background-color":"","background-image":"","background-repeat":"repeat","background-position":"center center","background-size":"auto","background-attachment":"scroll","background-type":"","background-media":"","overlay-type":"","overlay-color":"","overlay-opacity":"","overlay-gradient":""},"mobile":{"background-color":"","background-image":"","background-repeat":"repeat","background-position":"center center","background-size":"auto","background-attachment":"scroll","background-type":"","background-media":"","overlay-type":"","overlay-color":"","overlay-opacity":"","overlay-gradient":""}},"ast-content-background-meta":{"desktop":{"background-color":"var(--ast-global-color-5)","background-image":"","background-repeat":"repeat","background-position":"center center","background-size":"auto","background-attachment":"scroll","background-type":"","background-media":"","overlay-type":"","overlay-color":"","overlay-opacity":"","overlay-gradient":""},"tablet":{"background-color":"var(--ast-global-color-5)","background-image":"","background-repeat":"repeat","background-position":"center center","background-size":"auto","background-attachment":"scroll","background-type":"","background-media":"","overlay-type":"","overlay-color":"","overlay-opacity":"","overlay-gradient":""},"mobile":{"background-color":"var(--ast-global-color-5)","background-image":"","background-repeat":"repeat","background-position":"center center","background-size":"auto","background-attachment":"scroll","background-type":"","background-media":"","overlay-type":"","overlay-color":"","overlay-opacity":"","overlay-gradient":""}},"footnotes":""},"class_list":["post-2704","page","type-page","status-publish","hentry"],"uagb_featured_image_src":{"full":false,"thumbnail":false,"medium":false,"medium_large":false,"large":false,"1536x1536":false,"2048x2048":false},"uagb_author_info":{"display_name":"raisissoftware.admin","author_link":"https:\/\/e-locum.eu\/sl\/author\/raisissoftware-admin\/"},"uagb_comment_info":0,"uagb_excerpt":"Kako ustvarjati, se povezovati in ostati varen Dru\u017ebeni mediji so postali sestavni del vsakdanjega \u017eivljenja. So prostor za povezovanje s prijatelji, u\u010denje novih stvari in iskanje navdiha. So tudi platforma, prek katere lahko delimo svoje ideje s svetom. Za mnoge mlade je to tudi prostor za eksperimentiranje z ustvarjalnostjo, pa naj bo to objavljanje fotografij,&hellip;","_links":{"self":[{"href":"https:\/\/e-locum.eu\/sl\/wp-json\/wp\/v2\/pages\/2704","targetHints":{"allow":["GET"]}}],"collection":[{"href":"https:\/\/e-locum.eu\/sl\/wp-json\/wp\/v2\/pages"}],"about":[{"href":"https:\/\/e-locum.eu\/sl\/wp-json\/wp\/v2\/types\/page"}],"author":[{"embeddable":true,"href":"https:\/\/e-locum.eu\/sl\/wp-json\/wp\/v2\/users\/1"}],"replies":[{"embeddable":true,"href":"https:\/\/e-locum.eu\/sl\/wp-json\/wp\/v2\/comments?post=2704"}],"version-history":[{"count":3,"href":"https:\/\/e-locum.eu\/sl\/wp-json\/wp\/v2\/pages\/2704\/revisions"}],"predecessor-version":[{"id":2707,"href":"https:\/\/e-locum.eu\/sl\/wp-json\/wp\/v2\/pages\/2704\/revisions\/2707"}],"wp:attachment":[{"href":"https:\/\/e-locum.eu\/sl\/wp-json\/wp\/v2\/media?parent=2704"}],"curies":[{"name":"wp","href":"https:\/\/api.w.org\/{rel}","templated":true}]}}