{"id":2702,"date":"2024-07-16T08:23:14","date_gmt":"2024-07-16T08:23:14","guid":{"rendered":"https:\/\/e-locum.eu\/sfe-cefec\/"},"modified":"2025-12-18T10:26:52","modified_gmt":"2025-12-18T10:26:52","slug":"sfe-cefec","status":"publish","type":"page","link":"https:\/\/e-locum.eu\/sl\/sfe-cefec\/","title":{"rendered":"SFE CEFEC"},"content":{"rendered":"\t\t<div data-elementor-type=\"wp-post\" data-elementor-id=\"2702\" class=\"elementor elementor-2702 elementor-1728\" data-elementor-post-type=\"page\">\n\t\t\t\t<div class=\"elementor-element elementor-element-qa2xtqv e-flex e-con-boxed e-con e-parent\" data-id=\"qa2xtqv\" data-element_type=\"container\" data-e-type=\"container\" data-settings=\"{&quot;background_background&quot;:&quot;classic&quot;}\">\n\t\t\t\t\t<div class=\"e-con-inner\">\n\t\t<div class=\"elementor-element elementor-element-c1b36fd e-con-full animated-slow e-flex elementor-invisible e-con e-child\" data-id=\"c1b36fd\" data-element_type=\"container\" data-e-type=\"container\" data-settings=\"{&quot;background_background&quot;:&quot;classic&quot;,&quot;animation&quot;:&quot;zoomIn&quot;}\">\n\t\t\t\t<div class=\"elementor-element elementor-element-c04ee8a elementor-widget elementor-widget-heading\" data-id=\"c04ee8a\" data-element_type=\"widget\" data-e-type=\"widget\" data-widget_type=\"heading.default\">\n\t\t\t\t<div class=\"elementor-widget-container\">\n\t\t\t\t\t<h2 class=\"elementor-heading-title elementor-size-default\">SFE CEFEC<\/h2>\t\t\t\t<\/div>\n\t\t\t\t<\/div>\n\t\t\t\t<div class=\"elementor-element elementor-element-e55af1c elementor-widget elementor-widget-text-editor\" data-id=\"e55af1c\" data-element_type=\"widget\" data-e-type=\"widget\" data-widget_type=\"text-editor.default\">\n\t\t\t\t<div class=\"elementor-widget-container\">\n\t\t\t\t\t\t\t\t\t<p><span style=\"font-weight: 400;\">Konfederacija evropskih podjetij, zaposlitvenih pobud in zadrug <\/span><b>(Belgija)<\/b><\/p>\n\t\t\t\t\t\t\t\t<\/div>\n\t\t\t\t<\/div>\n\t\t\t\t<div class=\"elementor-element elementor-element-330149b elementor-widget elementor-widget-image\" data-id=\"330149b\" data-element_type=\"widget\" data-e-type=\"widget\" data-widget_type=\"image.default\">\n\t\t\t\t<div class=\"elementor-widget-container\">\n\t\t\t\t\t\t\t\t\t\t\t\t\t\t\t<img fetchpriority=\"high\" decoding=\"async\" width=\"1000\" height=\"333\" src=\"https:\/\/e-locum.eu\/wp-content\/uploads\/2024\/07\/Social-Firms-Europe-CEFEC-logo-min-2-e1721111666108.png\" class=\"attachment-large size-large wp-image-2515\" alt=\"\" srcset=\"https:\/\/e-locum.eu\/wp-content\/uploads\/2024\/07\/Social-Firms-Europe-CEFEC-logo-min-2-e1721111666108.png 1000w, https:\/\/e-locum.eu\/wp-content\/uploads\/2024\/07\/Social-Firms-Europe-CEFEC-logo-min-2-e1721111666108-300x100.png 300w, https:\/\/e-locum.eu\/wp-content\/uploads\/2024\/07\/Social-Firms-Europe-CEFEC-logo-min-2-e1721111666108-768x256.png 768w\" sizes=\"(max-width: 1000px) 100vw, 1000px\" \/>\t\t\t\t\t\t\t\t\t\t\t\t\t\t\t<\/div>\n\t\t\t\t<\/div>\n\t\t\t\t<\/div>\n\t\t<div class=\"elementor-element elementor-element-1009169 e-con-full e-flex e-con e-child\" data-id=\"1009169\" data-element_type=\"container\" data-e-type=\"container\">\n\t\t\t\t<\/div>\n\t\t\t\t\t<\/div>\n\t\t\t\t<\/div>\n\t\t<div class=\"elementor-element elementor-element-bfc5512 e-flex e-con-boxed e-con e-parent\" data-id=\"bfc5512\" data-element_type=\"container\" data-e-type=\"container\">\n\t\t\t\t\t<div class=\"e-con-inner\">\n\t\t\t\t<div class=\"elementor-element elementor-element-64ca386 elementor-widget-divider--view-line_text elementor-widget-divider--element-align-left elementor-widget elementor-widget-divider\" data-id=\"64ca386\" data-element_type=\"widget\" data-e-type=\"widget\" data-widget_type=\"divider.default\">\n\t\t\t\t<div class=\"elementor-widget-container\">\n\t\t\t\t\t\t\t<div class=\"elementor-divider\">\n\t\t\t<span class=\"elementor-divider-separator\">\n\t\t\t\t\t\t\t<span class=\"elementor-divider__text elementor-divider__element\">\n\t\t\t\tVe\u010d o\t\t\t\t<\/span>\n\t\t\t\t\t\t<\/span>\n\t\t<\/div>\n\t\t\t\t\t\t<\/div>\n\t\t\t\t<\/div>\n\t\t<div class=\"elementor-element elementor-element-0337bfb e-con-full e-flex e-con e-child\" data-id=\"0337bfb\" data-element_type=\"container\" data-e-type=\"container\">\n\t\t\t\t<div class=\"elementor-element elementor-element-cdb051e elementor-widget elementor-widget-text-editor\" data-id=\"cdb051e\" data-element_type=\"widget\" data-e-type=\"widget\" data-widget_type=\"text-editor.default\">\n\t\t\t\t<div class=\"elementor-widget-container\">\n\t\t\t\t\t\t\t\t\t<p><span style=\"font-weight: 400;\">Socialna podjetja Evropa CEFEC je participativno in integrativno omre\u017eje, ki deluje v vseh dr\u017eavah \u010dlanicah EU za promocijo modela socialnih podjetij in socialnih zadrug na ravni EU, nacionalni in regionalni ravni.<\/span><\/p>\n<p><span style=\"font-weight: 400;\">Poslanstvo SFE CEFEC je spro\u017eiti in spodbujati razvoj zadrug, socialnih podjetij in socialnih podjetij ali katero koli pobudo socialnega gospodarstva, ki podpira rehabilitacijo, usposabljanje in zaposlovanje oseb, ki se soo\u010dajo s te\u017eavami z du\u0161evnim zdravjem, invalidnostjo ali drugo ranljivostjo in zato trpijo zaradi socialne izklju\u010denosti.<\/span><\/p>\n<p><span style=\"font-weight: 400;\">Socialna podjetja Evropa CEFEC obstajajo \u017ee ve\u010d kot 35 let. Je dobro uveljavljeno in spo\u0161tovano omre\u017eje z naslednjo VIZIJO: socialna podjetja in socialne zadruge so v vsakem evropskem mestu in dr\u017eavi. Z vodenjem tega gibanja Social Firms Europe CEFEC pomaga posameznikom, ki se sicer soo\u010dajo s stigmo in diskriminacijo, da s pomo\u010djo zaposlitve premagajo socialno in ekonomsko izklju\u010denost.<\/span><\/p>\n<p>\u00a0<\/p>\n<p><span style=\"font-weight: 400;\">Da bi lahko izpolnili zgoraj opisano vizijo in poslanstvo, ima Social Firms Europe CEFEC naslednje cilje:<\/span><\/p>\n<ol>\n<li><span style=\"font-weight: 400;\"> Dvigniti raven razumevanja in pove\u010dati prepoznavnost socialnih podjetij in socialnih zadrug po vsej Evropi<\/span><\/li>\n<li><span style=\"font-weight: 400;\"> Graditi in vzdr\u017eevati odnose in komunikacijo s klju\u010dnimi politi\u010dnimi akterji na ravni EU, da bi izbolj\u0161ali njihovo ozave\u0161\u010denost o socialnih podjetjih<\/span><\/li>\n<li><span style=\"font-weight: 400;\"> Uporabiti in nadgraditi obstoje\u010de raziskave (npr. Lin\u0161ki apel) za ustvarjanje dokazne baze in lobiranje za politiko na evropski in nacionalni ravni<\/span><\/li>\n<li><span style=\"font-weight: 400;\"> Zagotoviti \u0161iroko promocijo letne konference in vsebin, ki ozave\u0161\u010dajo \u0161ir\u0161e ob\u010dinstvo<\/span><\/li>\n<li><span style=\"font-weight: 400;\"> Izkoristiti nagrado Evropsko socialno podjetje leta za pove\u010danje publicitete, spodbujanje sodelovanja in ozave\u0161\u010danje o modelu socialnega podjetja<\/span><\/li>\n<li><span style=\"font-weight: 400;\"> Spodbujati \u010dlane k sodelovanju v projektih, ki vklju\u010dujejo finan\u010dni prispevek za Social Firms Europe CEFEC<\/span><\/li>\n<li><span style=\"font-weight: 400;\"> Prepoznati in se prijaviti na projekte EU, ki ustrezajo, dopolnjujejo in gradijo osrednje poslanstvo Social Firms Europe CEFEC<\/span><\/li>\n<li><span style=\"font-weight: 400;\"> Razmisliti in graditi prilo\u017enosti za strate\u0161ka partnerstva, ki pomagajo pri doseganju cilja trajnosti mre\u017ee<\/span><\/li>\n<\/ol>\n<p>\u00a0<\/p>\n<p><span style=\"font-weight: 400;\">Social Firms Europe CEFEC ima 80 \u010dlanov iz 28 dr\u017eav Evrope in Azije, ve\u010d kot 1500 strokovnjakov, ki delajo na podro\u010dju sektor socialne vklju\u010denosti in socialnega gospodarstva ter ve\u010d kot 200.000 kon\u010dnih upravi\u010dencev do delovnih mest, zaposlenih pri \u010dlanih SFE CEFEC.<\/span><\/p>\n<p>\u00a0<\/p>\n<p><span style=\"font-weight: 400;\">Spletna stran: <\/span><a href=\"https:\/\/socialfirmseurope.eu\/\" target=\"_blank\" rel=\"noopener\"><span style=\"font-weight: 400;\">Social Firms Europe \u2013 evropska mre\u017ea organizacij, ki si vse delijo cilj ustvarjanja pla\u010danih delovnih mest za invalide in prikraj\u0161ane osebe.<\/span><\/a><span style=\"font-weight: 400;\">\u00a0<\/span><\/p>\n\t\t\t\t\t\t\t\t<\/div>\n\t\t\t\t<\/div>\n\t\t\t\t<\/div>\n\t\t\t\t\t<\/div>\n\t\t\t\t<\/div>\n\t\t\t\t<\/div>\n\t\t","protected":false},"excerpt":{"rendered":"<p>SFE CEFEC Konfederacija evropskih podjetij, zaposlitvenih pobud in zadrug (Belgija) Ve\u010d o Socialna podjetja Evropa CEFEC je participativno in integrativno omre\u017eje, ki deluje v vseh dr\u017eavah \u010dlanicah EU za promocijo modela socialnih podjetij in socialnih zadrug na ravni EU, nacionalni in regionalni ravni. Poslanstvo SFE CEFEC je spro\u017eiti in spodbujati razvoj zadrug, socialnih podjetij in [&hellip;]<\/p>\n","protected":false},"author":1,"featured_media":0,"parent":0,"menu_order":0,"comment_status":"closed","ping_status":"closed","template":"","meta":{"_uag_custom_page_level_css":"","site-sidebar-layout":"no-sidebar","site-content-layout":"page-builder","ast-site-content-layout":"full-width-container","site-content-style":"unboxed","site-sidebar-style":"unboxed","ast-global-header-display":"","ast-banner-title-visibility":"","ast-main-header-display":"","ast-hfb-above-header-display":"","ast-hfb-below-header-display":"","ast-hfb-mobile-header-display":"","site-post-title":"disabled","ast-breadcrumbs-content":"","ast-featured-img":"disabled","footer-sml-layout":"","ast-disable-related-posts":"","theme-transparent-header-meta":"default","adv-header-id-meta":"","stick-header-meta":"","header-above-stick-meta":"","header-main-stick-meta":"","header-below-stick-meta":"","astra-migrate-meta-layouts":"default","ast-page-background-enabled":"default","ast-page-background-meta":{"desktop":{"background-color":"","background-image":"","background-repeat":"repeat","background-position":"center center","background-size":"auto","background-attachment":"scroll","background-type":"","background-media":"","overlay-type":"","overlay-color":"","overlay-opacity":"","overlay-gradient":""},"tablet":{"background-color":"","background-image":"","background-repeat":"repeat","background-position":"center center","background-size":"auto","background-attachment":"scroll","background-type":"","background-media":"","overlay-type":"","overlay-color":"","overlay-opacity":"","overlay-gradient":""},"mobile":{"background-color":"","background-image":"","background-repeat":"repeat","background-position":"center center","background-size":"auto","background-attachment":"scroll","background-type":"","background-media":"","overlay-type":"","overlay-color":"","overlay-opacity":"","overlay-gradient":""}},"ast-content-background-meta":{"desktop":{"background-color":"var(--ast-global-color-5)","background-image":"","background-repeat":"repeat","background-position":"center center","background-size":"auto","background-attachment":"scroll","background-type":"","background-media":"","overlay-type":"","overlay-color":"","overlay-opacity":"","overlay-gradient":""},"tablet":{"background-color":"var(--ast-global-color-5)","background-image":"","background-repeat":"repeat","background-position":"center center","background-size":"auto","background-attachment":"scroll","background-type":"","background-media":"","overlay-type":"","overlay-color":"","overlay-opacity":"","overlay-gradient":""},"mobile":{"background-color":"var(--ast-global-color-5)","background-image":"","background-repeat":"repeat","background-position":"center center","background-size":"auto","background-attachment":"scroll","background-type":"","background-media":"","overlay-type":"","overlay-color":"","overlay-opacity":"","overlay-gradient":""}},"footnotes":""},"class_list":["post-2702","page","type-page","status-publish","hentry"],"uagb_featured_image_src":{"full":false,"thumbnail":false,"medium":false,"medium_large":false,"large":false,"1536x1536":false,"2048x2048":false},"uagb_author_info":{"display_name":"raisissoftware.admin","author_link":"https:\/\/e-locum.eu\/sl\/author\/raisissoftware-admin\/"},"uagb_comment_info":0,"uagb_excerpt":"SFE CEFEC Konfederacija evropskih podjetij, zaposlitvenih pobud in zadrug (Belgija) Ve\u010d o Socialna podjetja Evropa CEFEC je participativno in integrativno omre\u017eje, ki deluje v vseh dr\u017eavah \u010dlanicah EU za promocijo modela socialnih podjetij in socialnih zadrug na ravni EU, nacionalni in regionalni ravni. Poslanstvo SFE CEFEC je spro\u017eiti in spodbujati razvoj zadrug, socialnih podjetij in&hellip;","_links":{"self":[{"href":"https:\/\/e-locum.eu\/sl\/wp-json\/wp\/v2\/pages\/2702","targetHints":{"allow":["GET"]}}],"collection":[{"href":"https:\/\/e-locum.eu\/sl\/wp-json\/wp\/v2\/pages"}],"about":[{"href":"https:\/\/e-locum.eu\/sl\/wp-json\/wp\/v2\/types\/page"}],"author":[{"embeddable":true,"href":"https:\/\/e-locum.eu\/sl\/wp-json\/wp\/v2\/users\/1"}],"replies":[{"embeddable":true,"href":"https:\/\/e-locum.eu\/sl\/wp-json\/wp\/v2\/comments?post=2702"}],"version-history":[{"count":1,"href":"https:\/\/e-locum.eu\/sl\/wp-json\/wp\/v2\/pages\/2702\/revisions"}],"predecessor-version":[{"id":2703,"href":"https:\/\/e-locum.eu\/sl\/wp-json\/wp\/v2\/pages\/2702\/revisions\/2703"}],"wp:attachment":[{"href":"https:\/\/e-locum.eu\/sl\/wp-json\/wp\/v2\/media?parent=2702"}],"curies":[{"name":"wp","href":"https:\/\/api.w.org\/{rel}","templated":true}]}}