{"id":2700,"date":"2024-07-16T08:22:48","date_gmt":"2024-07-16T08:22:48","guid":{"rendered":"https:\/\/e-locum.eu\/reves\/"},"modified":"2025-12-18T10:26:18","modified_gmt":"2025-12-18T10:26:18","slug":"reves","status":"publish","type":"page","link":"https:\/\/e-locum.eu\/sl\/reves\/","title":{"rendered":"Reves"},"content":{"rendered":"\t\t<div data-elementor-type=\"wp-post\" data-elementor-id=\"2700\" class=\"elementor elementor-2700 elementor-1727\" data-elementor-post-type=\"page\">\n\t\t\t\t<div class=\"elementor-element elementor-element-qa2xtqv e-flex e-con-boxed e-con e-parent\" data-id=\"qa2xtqv\" data-element_type=\"container\" data-e-type=\"container\" data-settings=\"{&quot;background_background&quot;:&quot;classic&quot;}\">\n\t\t\t\t\t<div class=\"e-con-inner\">\n\t\t<div class=\"elementor-element elementor-element-c1b36fd e-con-full animated-slow e-flex elementor-invisible e-con e-child\" data-id=\"c1b36fd\" data-element_type=\"container\" data-e-type=\"container\" data-settings=\"{&quot;background_background&quot;:&quot;classic&quot;,&quot;animation&quot;:&quot;zoomIn&quot;}\">\n\t\t\t\t<div class=\"elementor-element elementor-element-c04ee8a elementor-widget elementor-widget-heading\" data-id=\"c04ee8a\" data-element_type=\"widget\" data-e-type=\"widget\" data-widget_type=\"heading.default\">\n\t\t\t\t<div class=\"elementor-widget-container\">\n\t\t\t\t\t<h2 class=\"elementor-heading-title elementor-size-default\">Reves<\/h2>\t\t\t\t<\/div>\n\t\t\t\t<\/div>\n\t\t\t\t<div class=\"elementor-element elementor-element-e55af1c elementor-widget elementor-widget-text-editor\" data-id=\"e55af1c\" data-element_type=\"widget\" data-e-type=\"widget\" data-widget_type=\"text-editor.default\">\n\t\t\t\t<div class=\"elementor-widget-container\">\n\t\t\t\t\t\t\t\t\t<p>Evropska mre\u017ea mest in regij socialnega gospodarstva AISBL <strong>(Belgija)<\/strong><\/p>\n\t\t\t\t\t\t\t\t<\/div>\n\t\t\t\t<\/div>\n\t\t\t\t<div class=\"elementor-element elementor-element-330149b elementor-widget elementor-widget-image\" data-id=\"330149b\" data-element_type=\"widget\" data-e-type=\"widget\" data-widget_type=\"image.default\">\n\t\t\t\t<div class=\"elementor-widget-container\">\n\t\t\t\t\t\t\t\t\t\t\t\t\t\t\t<img fetchpriority=\"high\" decoding=\"async\" width=\"1000\" height=\"662\" src=\"https:\/\/e-locum.eu\/wp-content\/uploads\/2024\/07\/REVES-transformed-min.png\" class=\"attachment-large size-large wp-image-2509\" alt=\"\" srcset=\"https:\/\/e-locum.eu\/wp-content\/uploads\/2024\/07\/REVES-transformed-min.png 1000w, https:\/\/e-locum.eu\/wp-content\/uploads\/2024\/07\/REVES-transformed-min-300x199.png 300w, https:\/\/e-locum.eu\/wp-content\/uploads\/2024\/07\/REVES-transformed-min-768x508.png 768w\" sizes=\"(max-width: 1000px) 100vw, 1000px\" \/>\t\t\t\t\t\t\t\t\t\t\t\t\t\t\t<\/div>\n\t\t\t\t<\/div>\n\t\t\t\t<\/div>\n\t\t<div class=\"elementor-element elementor-element-1009169 e-con-full e-flex e-con e-child\" data-id=\"1009169\" data-element_type=\"container\" data-e-type=\"container\">\n\t\t\t\t<\/div>\n\t\t\t\t\t<\/div>\n\t\t\t\t<\/div>\n\t\t<div class=\"elementor-element elementor-element-bfc5512 e-flex e-con-boxed e-con e-parent\" data-id=\"bfc5512\" data-element_type=\"container\" data-e-type=\"container\">\n\t\t\t\t\t<div class=\"e-con-inner\">\n\t\t\t\t<div class=\"elementor-element elementor-element-64ca386 elementor-widget-divider--view-line_text elementor-widget-divider--element-align-left elementor-widget elementor-widget-divider\" data-id=\"64ca386\" data-element_type=\"widget\" data-e-type=\"widget\" data-widget_type=\"divider.default\">\n\t\t\t\t<div class=\"elementor-widget-container\">\n\t\t\t\t\t\t\t<div class=\"elementor-divider\">\n\t\t\t<span class=\"elementor-divider-separator\">\n\t\t\t\t\t\t\t<span class=\"elementor-divider__text elementor-divider__element\">\n\t\t\t\tVe\u010d o\t\t\t\t<\/span>\n\t\t\t\t\t\t<\/span>\n\t\t<\/div>\n\t\t\t\t\t\t<\/div>\n\t\t\t\t<\/div>\n\t\t<div class=\"elementor-element elementor-element-0337bfb e-con-full e-flex e-con e-child\" data-id=\"0337bfb\" data-element_type=\"container\" data-e-type=\"container\">\n\t\t\t\t<div class=\"elementor-element elementor-element-cdb051e elementor-widget elementor-widget-text-editor\" data-id=\"cdb051e\" data-element_type=\"widget\" data-e-type=\"widget\" data-widget_type=\"text-editor.default\">\n\t\t\t\t<div class=\"elementor-widget-container\">\n\t\t\t\t\t\t\t\t\t<p><span style=\"font-weight: 400;\">REVES je socialna mre\u017ea za inovacije v smislu metod in postopkov, ki temelji na sogradnji in skupnih zmogljivostih svojih \u010dlanov in njihovih ozemelj. Izvaja dejavnosti, namenjene razvoju modelov socialnega gospodarstva za trajnostno, pravi\u010dno in participativno evropsko dru\u017ebo.<\/span><\/p>\n<p><span style=\"font-weight: 400;\">Eden od klju\u010dnih instrumentov, ki jih REVES uporablja za doseganje tega cilja, je organizacija vzajemnega u\u010denja in izmenjave med teritorialnimi partnerstvi. Poleg tega je edina evropska organizacija, ki temelji na partnerstvu med lokalnimi in regionalnimi oblastmi ter teritorialnimi organizacijami socialnega gospodarstva. \u010clani REVES so lokalni organi ali organizacije socialnega gospodarstva, ki trenutno razvijajo ali so pripravljene razviti politike za spodbujanje gospodarstva, ki temelji na solidarnosti, in bolj pravi\u010dne, vklju\u010dujo\u010de, participativne in odgovorne dru\u017ebe.<\/span><\/p>\n<p><span style=\"font-weight: 400;\">Od leta 1996 skupaj s svojimi \u010dlani razvija, deli in predlaga partnerske politike za spodbujanje osrednje vloge regionalne in lokalne ravni pri evropski gradnji. Njegovi \u010dlani prihajajo iz 13 dr\u017eav \u010dlanic EU in aktivno sodeluje z Evropskim parlamentom, Komisijo (REVES je del strokovnih skupin Evropske komisije GECES in ESIF-SD<\/span><\/p>\n<p><span style=\"font-weight: 400;\">ter sodeluje v strukturiranem dialogu z GD EMPL), Evropskim odborom regij in Evropskim ekonomsko-socialnim odborom.<\/span><\/p>\n<p><span style=\"font-weight: 400;\">Poleg tega je REVES ustanovni \u010dlan organizacije Social Economy Europe in partner vseh organizacij civilne dru\u017ebe EU, ki si delijo in si prizadevajo za vizijo trajnostne in pravi\u010dne dru\u017ebe.<\/span><\/p>\n<p><span style=\"font-weight: 400;\">REVES je tudi partner zavezni\u0161tva EU za znanja in spretnosti za bli\u017eino in sektor socialnega gospodarstva.<\/span><\/p>\n<p><span style=\"font-weight: 400;\">V zadnjih letih je REVES sodeloval ali sovodil operacije v okviru programa COSME in v okviru Global Action for Social Gospodarstvo s strani OECD in je od leta 2014 nenehno aktiven v pobudah, financiranih s programom ERASMUS+.<\/span><\/p>\n<p>\u00a0<\/p>\n<p><span style=\"font-weight: 400;\">Spletna stran: <\/span><a href=\"https:\/\/www.revesnetwork.eu\/\" target=\"_blank\" rel=\"noopener\"><span style=\"font-weight: 400;\">Omre\u017eje REVES \u2013 Evropsko omre\u017eje mest in regij za socialno gospodarstvo<\/span><\/a><\/p>\n\t\t\t\t\t\t\t\t<\/div>\n\t\t\t\t<\/div>\n\t\t\t\t<\/div>\n\t\t\t\t\t<\/div>\n\t\t\t\t<\/div>\n\t\t\t\t<\/div>\n\t\t","protected":false},"excerpt":{"rendered":"<p>Reves Evropska mre\u017ea mest in regij socialnega gospodarstva AISBL (Belgija) Ve\u010d o REVES je socialna mre\u017ea za inovacije v smislu metod in postopkov, ki temelji na sogradnji in skupnih zmogljivostih svojih \u010dlanov in njihovih ozemelj. Izvaja dejavnosti, namenjene razvoju modelov socialnega gospodarstva za trajnostno, pravi\u010dno in participativno evropsko dru\u017ebo. Eden od klju\u010dnih instrumentov, ki jih [&hellip;]<\/p>\n","protected":false},"author":1,"featured_media":0,"parent":0,"menu_order":0,"comment_status":"closed","ping_status":"closed","template":"","meta":{"_uag_custom_page_level_css":"","site-sidebar-layout":"no-sidebar","site-content-layout":"page-builder","ast-site-content-layout":"full-width-container","site-content-style":"unboxed","site-sidebar-style":"unboxed","ast-global-header-display":"","ast-banner-title-visibility":"","ast-main-header-display":"","ast-hfb-above-header-display":"","ast-hfb-below-header-display":"","ast-hfb-mobile-header-display":"","site-post-title":"disabled","ast-breadcrumbs-content":"","ast-featured-img":"disabled","footer-sml-layout":"","ast-disable-related-posts":"","theme-transparent-header-meta":"default","adv-header-id-meta":"","stick-header-meta":"","header-above-stick-meta":"","header-main-stick-meta":"","header-below-stick-meta":"","astra-migrate-meta-layouts":"default","ast-page-background-enabled":"default","ast-page-background-meta":{"desktop":{"background-color":"","background-image":"","background-repeat":"repeat","background-position":"center center","background-size":"auto","background-attachment":"scroll","background-type":"","background-media":"","overlay-type":"","overlay-color":"","overlay-opacity":"","overlay-gradient":""},"tablet":{"background-color":"","background-image":"","background-repeat":"repeat","background-position":"center center","background-size":"auto","background-attachment":"scroll","background-type":"","background-media":"","overlay-type":"","overlay-color":"","overlay-opacity":"","overlay-gradient":""},"mobile":{"background-color":"","background-image":"","background-repeat":"repeat","background-position":"center center","background-size":"auto","background-attachment":"scroll","background-type":"","background-media":"","overlay-type":"","overlay-color":"","overlay-opacity":"","overlay-gradient":""}},"ast-content-background-meta":{"desktop":{"background-color":"var(--ast-global-color-5)","background-image":"","background-repeat":"repeat","background-position":"center center","background-size":"auto","background-attachment":"scroll","background-type":"","background-media":"","overlay-type":"","overlay-color":"","overlay-opacity":"","overlay-gradient":""},"tablet":{"background-color":"var(--ast-global-color-5)","background-image":"","background-repeat":"repeat","background-position":"center center","background-size":"auto","background-attachment":"scroll","background-type":"","background-media":"","overlay-type":"","overlay-color":"","overlay-opacity":"","overlay-gradient":""},"mobile":{"background-color":"var(--ast-global-color-5)","background-image":"","background-repeat":"repeat","background-position":"center center","background-size":"auto","background-attachment":"scroll","background-type":"","background-media":"","overlay-type":"","overlay-color":"","overlay-opacity":"","overlay-gradient":""}},"footnotes":""},"class_list":["post-2700","page","type-page","status-publish","hentry"],"uagb_featured_image_src":{"full":false,"thumbnail":false,"medium":false,"medium_large":false,"large":false,"1536x1536":false,"2048x2048":false},"uagb_author_info":{"display_name":"raisissoftware.admin","author_link":"https:\/\/e-locum.eu\/sl\/author\/raisissoftware-admin\/"},"uagb_comment_info":0,"uagb_excerpt":"Reves Evropska mre\u017ea mest in regij socialnega gospodarstva AISBL (Belgija) Ve\u010d o REVES je socialna mre\u017ea za inovacije v smislu metod in postopkov, ki temelji na sogradnji in skupnih zmogljivostih svojih \u010dlanov in njihovih ozemelj. Izvaja dejavnosti, namenjene razvoju modelov socialnega gospodarstva za trajnostno, pravi\u010dno in participativno evropsko dru\u017ebo. Eden od klju\u010dnih instrumentov, ki jih&hellip;","_links":{"self":[{"href":"https:\/\/e-locum.eu\/sl\/wp-json\/wp\/v2\/pages\/2700","targetHints":{"allow":["GET"]}}],"collection":[{"href":"https:\/\/e-locum.eu\/sl\/wp-json\/wp\/v2\/pages"}],"about":[{"href":"https:\/\/e-locum.eu\/sl\/wp-json\/wp\/v2\/types\/page"}],"author":[{"embeddable":true,"href":"https:\/\/e-locum.eu\/sl\/wp-json\/wp\/v2\/users\/1"}],"replies":[{"embeddable":true,"href":"https:\/\/e-locum.eu\/sl\/wp-json\/wp\/v2\/comments?post=2700"}],"version-history":[{"count":1,"href":"https:\/\/e-locum.eu\/sl\/wp-json\/wp\/v2\/pages\/2700\/revisions"}],"predecessor-version":[{"id":2701,"href":"https:\/\/e-locum.eu\/sl\/wp-json\/wp\/v2\/pages\/2700\/revisions\/2701"}],"wp:attachment":[{"href":"https:\/\/e-locum.eu\/sl\/wp-json\/wp\/v2\/media?parent=2700"}],"curies":[{"name":"wp","href":"https:\/\/api.w.org\/{rel}","templated":true}]}}