{"id":2682,"date":"2025-01-31T13:08:23","date_gmt":"2025-01-31T13:08:23","guid":{"rendered":"https:\/\/e-locum.eu\/informativni-listi\/"},"modified":"2025-12-18T10:00:38","modified_gmt":"2025-12-18T10:00:38","slug":"informativni-listi","status":"publish","type":"page","link":"https:\/\/e-locum.eu\/sl\/informativni-listi\/","title":{"rendered":"Informativni listi"},"content":{"rendered":"\n<p class=\"has-ast-global-color-2-color has-text-color has-link-color wp-elements-bdc898a50fc5e6c1a82ba0df84850257\">Partnerji projekta E-locum so razvili naslednje **informativne liste**, ki **poro\u010dajo o glavnih zna\u010dilnostih emigracije in priseljevanja** na vsakem podro\u010dju intervencije projekta.<\/p>\n\n<p>Za ve\u010d podrobnosti kliknite na \u017eeleno jezikovno razli\u010dico:<\/p>\n\n<p><a href=\"https:\/\/e-locum.eu\/wp-content\/uploads\/2025\/01\/Infosheet_Greece.pdf\">Infosheet_Greece (English version)<\/a><\/p>\n\n<p><a href=\"https:\/\/e-locum.eu\/wp-content\/uploads\/2025\/01\/Infosheet_Romania.pdf\">Infosheet_Romania (English version)<\/a><\/p>\n\n<p><a href=\"https:\/\/e-locum.eu\/wp-content\/uploads\/2025\/01\/Infosheet_Romania-translated-.pdf\">Infosheet_Romania (Romanian version)<\/a><\/p>\n\n<p><a href=\"https:\/\/e-locum.eu\/wp-content\/uploads\/2025\/01\/Infosheet_Slovenia.pdf\">Infosheet_Slovenia (English version)<\/a><\/p>\n\n<p><a href=\"https:\/\/e-locum.eu\/wp-content\/uploads\/2025\/01\/Infosheet_Slovenia_Translated-version.pdf\">Infosheet_Slovenia (Slovenian version)<\/a><\/p>\n\n<p><a href=\"https:\/\/e-locum.eu\/wp-content\/uploads\/2025\/04\/D2.2-Infosheet_Italy-EN.pdf\">Infosheet_Italy (English version)<\/a><\/p>\n\n<p><\/p>\n","protected":false},"excerpt":{"rendered":"<p>Partnerji projekta E-locum so razvili naslednje **informativne liste**, ki **poro\u010dajo o glavnih zna\u010dilnostih emigracije in priseljevanja** na vsakem podro\u010dju intervencije projekta. Za ve\u010d podrobnosti kliknite na \u017eeleno jezikovno razli\u010dico: Infosheet_Greece (English version) Infosheet_Romania (English version) Infosheet_Romania (Romanian version) Infosheet_Slovenia (English version) Infosheet_Slovenia (Slovenian version) Infosheet_Italy (English version)<\/p>\n","protected":false},"author":1,"featured_media":0,"parent":0,"menu_order":0,"comment_status":"closed","ping_status":"closed","template":"","meta":{"_uag_custom_page_level_css":"","site-sidebar-layout":"default","site-content-layout":"","ast-site-content-layout":"default","site-content-style":"default","site-sidebar-style":"default","ast-global-header-display":"","ast-banner-title-visibility":"","ast-main-header-display":"","ast-hfb-above-header-display":"","ast-hfb-below-header-display":"","ast-hfb-mobile-header-display":"","site-post-title":"","ast-breadcrumbs-content":"","ast-featured-img":"","footer-sml-layout":"","ast-disable-related-posts":"","theme-transparent-header-meta":"","adv-header-id-meta":"","stick-header-meta":"","header-above-stick-meta":"","header-main-stick-meta":"","header-below-stick-meta":"","astra-migrate-meta-layouts":"default","ast-page-background-enabled":"default","ast-page-background-meta":{"desktop":{"background-color":"","background-image":"","background-repeat":"repeat","background-position":"center center","background-size":"auto","background-attachment":"scroll","background-type":"","background-media":"","overlay-type":"","overlay-color":"","overlay-opacity":"","overlay-gradient":""},"tablet":{"background-color":"","background-image":"","background-repeat":"repeat","background-position":"center center","background-size":"auto","background-attachment":"scroll","background-type":"","background-media":"","overlay-type":"","overlay-color":"","overlay-opacity":"","overlay-gradient":""},"mobile":{"background-color":"","background-image":"","background-repeat":"repeat","background-position":"center center","background-size":"auto","background-attachment":"scroll","background-type":"","background-media":"","overlay-type":"","overlay-color":"","overlay-opacity":"","overlay-gradient":""}},"ast-content-background-meta":{"desktop":{"background-color":"var(--ast-global-color-5)","background-image":"","background-repeat":"repeat","background-position":"center center","background-size":"auto","background-attachment":"scroll","background-type":"","background-media":"","overlay-type":"","overlay-color":"","overlay-opacity":"","overlay-gradient":""},"tablet":{"background-color":"var(--ast-global-color-5)","background-image":"","background-repeat":"repeat","background-position":"center center","background-size":"auto","background-attachment":"scroll","background-type":"","background-media":"","overlay-type":"","overlay-color":"","overlay-opacity":"","overlay-gradient":""},"mobile":{"background-color":"var(--ast-global-color-5)","background-image":"","background-repeat":"repeat","background-position":"center center","background-size":"auto","background-attachment":"scroll","background-type":"","background-media":"","overlay-type":"","overlay-color":"","overlay-opacity":"","overlay-gradient":""}},"footnotes":""},"class_list":["post-2682","page","type-page","status-publish","hentry"],"uagb_featured_image_src":{"full":false,"thumbnail":false,"medium":false,"medium_large":false,"large":false,"1536x1536":false,"2048x2048":false},"uagb_author_info":{"display_name":"raisissoftware.admin","author_link":"https:\/\/e-locum.eu\/sl\/author\/raisissoftware-admin\/"},"uagb_comment_info":0,"uagb_excerpt":"Partnerji projekta E-locum so razvili naslednje **informativne liste**, ki **poro\u010dajo o glavnih zna\u010dilnostih emigracije in priseljevanja** na vsakem podro\u010dju intervencije projekta. Za ve\u010d podrobnosti kliknite na \u017eeleno jezikovno razli\u010dico: Infosheet_Greece (English version) Infosheet_Romania (English version) Infosheet_Romania (Romanian version) Infosheet_Slovenia (English version) Infosheet_Slovenia (Slovenian version) Infosheet_Italy (English version)","_links":{"self":[{"href":"https:\/\/e-locum.eu\/sl\/wp-json\/wp\/v2\/pages\/2682","targetHints":{"allow":["GET"]}}],"collection":[{"href":"https:\/\/e-locum.eu\/sl\/wp-json\/wp\/v2\/pages"}],"about":[{"href":"https:\/\/e-locum.eu\/sl\/wp-json\/wp\/v2\/types\/page"}],"author":[{"embeddable":true,"href":"https:\/\/e-locum.eu\/sl\/wp-json\/wp\/v2\/users\/1"}],"replies":[{"embeddable":true,"href":"https:\/\/e-locum.eu\/sl\/wp-json\/wp\/v2\/comments?post=2682"}],"version-history":[{"count":1,"href":"https:\/\/e-locum.eu\/sl\/wp-json\/wp\/v2\/pages\/2682\/revisions"}],"predecessor-version":[{"id":2683,"href":"https:\/\/e-locum.eu\/sl\/wp-json\/wp\/v2\/pages\/2682\/revisions\/2683"}],"wp:attachment":[{"href":"https:\/\/e-locum.eu\/sl\/wp-json\/wp\/v2\/media?parent=2682"}],"curies":[{"name":"wp","href":"https:\/\/api.w.org\/{rel}","templated":true}]}}