{"id":2669,"date":"2024-07-16T08:22:38","date_gmt":"2024-07-16T08:22:38","guid":{"rendered":"https:\/\/e-locum.eu\/drustvo-humanitas\/"},"modified":"2025-12-18T09:58:26","modified_gmt":"2025-12-18T09:58:26","slug":"drustvo-humanitas","status":"publish","type":"page","link":"https:\/\/e-locum.eu\/sl\/drustvo-humanitas\/","title":{"rendered":"Dru\u0161tvo Humanitas"},"content":{"rendered":"\t\t<div data-elementor-type=\"wp-post\" data-elementor-id=\"2669\" class=\"elementor elementor-2669 elementor-1726\" data-elementor-post-type=\"page\">\n\t\t\t\t<div class=\"elementor-element elementor-element-qa2xtqv e-flex e-con-boxed e-con e-parent\" data-id=\"qa2xtqv\" data-element_type=\"container\" data-e-type=\"container\" data-settings=\"{&quot;background_background&quot;:&quot;classic&quot;}\">\n\t\t\t\t\t<div class=\"e-con-inner\">\n\t\t<div class=\"elementor-element elementor-element-c1b36fd e-con-full animated-slow e-flex elementor-invisible e-con e-child\" data-id=\"c1b36fd\" data-element_type=\"container\" data-e-type=\"container\" data-settings=\"{&quot;background_background&quot;:&quot;classic&quot;,&quot;animation&quot;:&quot;zoomIn&quot;}\">\n\t\t\t\t<div class=\"elementor-element elementor-element-c04ee8a elementor-widget elementor-widget-heading\" data-id=\"c04ee8a\" data-element_type=\"widget\" data-e-type=\"widget\" data-widget_type=\"heading.default\">\n\t\t\t\t<div class=\"elementor-widget-container\">\n\t\t\t\t\t<h2 class=\"elementor-heading-title elementor-size-default\">Dru\u0161tvo Humanitas<\/h2>\t\t\t\t<\/div>\n\t\t\t\t<\/div>\n\t\t\t\t<div class=\"elementor-element elementor-element-e55af1c elementor-widget elementor-widget-text-editor\" data-id=\"e55af1c\" data-element_type=\"widget\" data-e-type=\"widget\" data-widget_type=\"text-editor.default\">\n\t\t\t\t<div class=\"elementor-widget-container\">\n\t\t\t\t\t\t\t\t\t<p>Center za globalno u\u010denje in sodelovanje <strong>(Slovenija)<\/strong><\/p>\n\t\t\t\t\t\t\t\t<\/div>\n\t\t\t\t<\/div>\n\t\t\t\t<div class=\"elementor-element elementor-element-330149b elementor-widget elementor-widget-image\" data-id=\"330149b\" data-element_type=\"widget\" data-e-type=\"widget\" data-widget_type=\"image.default\">\n\t\t\t\t<div class=\"elementor-widget-container\">\n\t\t\t\t\t\t\t\t\t\t\t\t\t\t\t<img fetchpriority=\"high\" decoding=\"async\" width=\"1000\" height=\"1000\" src=\"https:\/\/e-locum.eu\/wp-content\/uploads\/2024\/07\/humanitas_logo_01-min.png\" class=\"attachment-large size-large wp-image-2507\" alt=\"\" srcset=\"https:\/\/e-locum.eu\/wp-content\/uploads\/2024\/07\/humanitas_logo_01-min.png 1000w, https:\/\/e-locum.eu\/wp-content\/uploads\/2024\/07\/humanitas_logo_01-min-300x300.png 300w, https:\/\/e-locum.eu\/wp-content\/uploads\/2024\/07\/humanitas_logo_01-min-150x150.png 150w, https:\/\/e-locum.eu\/wp-content\/uploads\/2024\/07\/humanitas_logo_01-min-768x768.png 768w\" sizes=\"(max-width: 1000px) 100vw, 1000px\" \/>\t\t\t\t\t\t\t\t\t\t\t\t\t\t\t<\/div>\n\t\t\t\t<\/div>\n\t\t\t\t<\/div>\n\t\t<div class=\"elementor-element elementor-element-1009169 e-con-full e-flex e-con e-child\" data-id=\"1009169\" data-element_type=\"container\" data-e-type=\"container\">\n\t\t\t\t<\/div>\n\t\t\t\t\t<\/div>\n\t\t\t\t<\/div>\n\t\t<div class=\"elementor-element elementor-element-bfc5512 e-flex e-con-boxed e-con e-parent\" data-id=\"bfc5512\" data-element_type=\"container\" data-e-type=\"container\">\n\t\t\t\t\t<div class=\"e-con-inner\">\n\t\t\t\t<div class=\"elementor-element elementor-element-64ca386 elementor-widget-divider--view-line_text elementor-widget-divider--element-align-left elementor-widget elementor-widget-divider\" data-id=\"64ca386\" data-element_type=\"widget\" data-e-type=\"widget\" data-widget_type=\"divider.default\">\n\t\t\t\t<div class=\"elementor-widget-container\">\n\t\t\t\t\t\t\t<div class=\"elementor-divider\">\n\t\t\t<span class=\"elementor-divider-separator\">\n\t\t\t\t\t\t\t<span class=\"elementor-divider__text elementor-divider__element\">\n\t\t\t\tVe\u010d o\t\t\t\t<\/span>\n\t\t\t\t\t\t<\/span>\n\t\t<\/div>\n\t\t\t\t\t\t<\/div>\n\t\t\t\t<\/div>\n\t\t<div class=\"elementor-element elementor-element-0337bfb e-con-full e-flex e-con e-child\" data-id=\"0337bfb\" data-element_type=\"container\" data-e-type=\"container\">\n\t\t\t\t<div class=\"elementor-element elementor-element-cdb051e elementor-widget elementor-widget-text-editor\" data-id=\"cdb051e\" data-element_type=\"widget\" data-e-type=\"widget\" data-widget_type=\"text-editor.default\">\n\t\t\t\t<div class=\"elementor-widget-container\">\n\t\t\t\t\t\t\t\t\t<p><span style=\"font-weight: 400;\">Humanitas je bil ustanovljen leta 2000. Je nevladna organizacija \u2013 neprofitno dru\u0161tvo, ki se ukvarja predvsem s \u010dlovekovimi pravicami in podpornimi ukrepi. Na\u0161e poslanstvo je ozave\u0161\u010dati o globalnih problemih, kot so rev\u0161\u010dina, prekomerna poraba, vrzel med gospodarsko razli\u010dno razvitimi dr\u017eavami, ter z izobra\u017eevanjem in ozave\u0161\u010danjem spodbujati socialno vklju\u010denost in odgovornost. Glavne dejavnosti Humanitasa so: globalno izobra\u017eevanje, projekti razvojnega sodelovanja, pravi\u010dna trgovina, otro\u0161ko sponzorstvo (s programi predvsem v Afriki) in odgovorni turizem. Smo nevladna organizacija srednje ravni po podatkih slovenskega nevladnega sektorja, ki trenutno zaposluje 7 ljudi.<\/span><\/p>\n<p><span style=\"font-weight: 400;\">Humanitas \u017ee od leta 2000 izvaja \u0161tevilne medkulturne delavnice globalnega izobra\u017eevanja (GE), ki se ukvarjajo s \u010dlovekovimi pravicami, zlasti s predsodki, stereotipi, sovra\u017enim govorom, diskriminacijo, raznolikostjo, migracijami itd. v \u0161olah (za u\u010ditelje in otroke). Leta 2012 smo za\u010deli delati z metodologijo Skozi o\u010di drugih v tesnem sodelovanju z eno od njenih avtoric Vanesso Andreotti. Letno izvedemo ve\u010d kot 100 delavnic in seminarjev globalnega izobra\u017eevanja na omenjene in podobne teme. Redno in neprekinjeno vzdr\u017eujemo stike z ve\u010d kot 30 \u0161olami, kar pomeni, da se vsako leto obrnejo na nas pri na\u010drtovanju naslednjega \u0161olskega leta. Sicer pa smo sodelovali z ve\u010d kot 150 \u0161olami po vsej Sloveniji in tujini.<\/span><\/p>\n<p>\u00a0<\/p>\n<p><span style=\"font-weight: 400;\">Na mednarodni ravni smo aktivni v mre\u017ei EPTO (Evropska organizacija za medsebojno usposabljanje), ki organizira usposabljanja o boju proti diskriminaciji in raznolikosti za bodo\u010de in obstoje\u010de trenerje, in smo nacionalni predstavnik v delovni skupini CONCORD HUB 4 za izobra\u017eevanje o globalnem dr\u017eavljanstvu in javno anga\u017eiranost.<\/span><\/p>\n<p>\u00a0<\/p>\n<p><span style=\"font-weight: 400;\">Glavno podro\u010dje dela Humanitasa je globalno izobra\u017eevanje, vendar je bistvena tema, vklju\u010dena v globalno izobra\u017eevanje, tudi medkulturno izobra\u017eevanje in izobra\u017eevanje za \u010dlovekove pravice skupaj z izobra\u017eevanjem za raznolikost. Na ta na\u010din so vsi na\u0161i mednarodni projekti GE zajemali tudi teme migracij, nediskriminacije in raznolikosti.<\/span><\/p>\n<p>\u00a0<\/p>\n<p><span style=\"font-weight: 400;\">Spletna stran: <\/span><a href=\"https:\/\/www.humanitas.si\/homepage\/\" target=\"_blank\" rel=\"noopener\"><span style=\"font-weight: 400;\">Doma\u010da stran &#8211; Dru\u0161tvo Humanitas<\/span><\/a><\/p>\n\t\t\t\t\t\t\t\t<\/div>\n\t\t\t\t<\/div>\n\t\t\t\t<\/div>\n\t\t\t\t\t<\/div>\n\t\t\t\t<\/div>\n\t\t\t\t<\/div>\n\t\t","protected":false},"excerpt":{"rendered":"<p>Dru\u0161tvo Humanitas Center za globalno u\u010denje in sodelovanje (Slovenija) Ve\u010d o Humanitas je bil ustanovljen leta 2000. Je nevladna organizacija \u2013 neprofitno dru\u0161tvo, ki se ukvarja predvsem s \u010dlovekovimi pravicami in podpornimi ukrepi. Na\u0161e poslanstvo je ozave\u0161\u010dati o globalnih problemih, kot so rev\u0161\u010dina, prekomerna poraba, vrzel med gospodarsko razli\u010dno razvitimi dr\u017eavami, ter z izobra\u017eevanjem in [&hellip;]<\/p>\n","protected":false},"author":1,"featured_media":0,"parent":0,"menu_order":0,"comment_status":"closed","ping_status":"closed","template":"","meta":{"_uag_custom_page_level_css":"","site-sidebar-layout":"no-sidebar","site-content-layout":"page-builder","ast-site-content-layout":"full-width-container","site-content-style":"unboxed","site-sidebar-style":"unboxed","ast-global-header-display":"","ast-banner-title-visibility":"","ast-main-header-display":"","ast-hfb-above-header-display":"","ast-hfb-below-header-display":"","ast-hfb-mobile-header-display":"","site-post-title":"disabled","ast-breadcrumbs-content":"","ast-featured-img":"disabled","footer-sml-layout":"","ast-disable-related-posts":"","theme-transparent-header-meta":"default","adv-header-id-meta":"","stick-header-meta":"","header-above-stick-meta":"","header-main-stick-meta":"","header-below-stick-meta":"","astra-migrate-meta-layouts":"default","ast-page-background-enabled":"default","ast-page-background-meta":{"desktop":{"background-color":"","background-image":"","background-repeat":"repeat","background-position":"center center","background-size":"auto","background-attachment":"scroll","background-type":"","background-media":"","overlay-type":"","overlay-color":"","overlay-opacity":"","overlay-gradient":""},"tablet":{"background-color":"","background-image":"","background-repeat":"repeat","background-position":"center center","background-size":"auto","background-attachment":"scroll","background-type":"","background-media":"","overlay-type":"","overlay-color":"","overlay-opacity":"","overlay-gradient":""},"mobile":{"background-color":"","background-image":"","background-repeat":"repeat","background-position":"center center","background-size":"auto","background-attachment":"scroll","background-type":"","background-media":"","overlay-type":"","overlay-color":"","overlay-opacity":"","overlay-gradient":""}},"ast-content-background-meta":{"desktop":{"background-color":"var(--ast-global-color-5)","background-image":"","background-repeat":"repeat","background-position":"center center","background-size":"auto","background-attachment":"scroll","background-type":"","background-media":"","overlay-type":"","overlay-color":"","overlay-opacity":"","overlay-gradient":""},"tablet":{"background-color":"var(--ast-global-color-5)","background-image":"","background-repeat":"repeat","background-position":"center center","background-size":"auto","background-attachment":"scroll","background-type":"","background-media":"","overlay-type":"","overlay-color":"","overlay-opacity":"","overlay-gradient":""},"mobile":{"background-color":"var(--ast-global-color-5)","background-image":"","background-repeat":"repeat","background-position":"center center","background-size":"auto","background-attachment":"scroll","background-type":"","background-media":"","overlay-type":"","overlay-color":"","overlay-opacity":"","overlay-gradient":""}},"footnotes":""},"class_list":["post-2669","page","type-page","status-publish","hentry"],"uagb_featured_image_src":{"full":false,"thumbnail":false,"medium":false,"medium_large":false,"large":false,"1536x1536":false,"2048x2048":false},"uagb_author_info":{"display_name":"raisissoftware.admin","author_link":"https:\/\/e-locum.eu\/sl\/author\/raisissoftware-admin\/"},"uagb_comment_info":0,"uagb_excerpt":"Dru\u0161tvo Humanitas Center za globalno u\u010denje in sodelovanje (Slovenija) Ve\u010d o Humanitas je bil ustanovljen leta 2000. Je nevladna organizacija \u2013 neprofitno dru\u0161tvo, ki se ukvarja predvsem s \u010dlovekovimi pravicami in podpornimi ukrepi. Na\u0161e poslanstvo je ozave\u0161\u010dati o globalnih problemih, kot so rev\u0161\u010dina, prekomerna poraba, vrzel med gospodarsko razli\u010dno razvitimi dr\u017eavami, ter z izobra\u017eevanjem in&hellip;","_links":{"self":[{"href":"https:\/\/e-locum.eu\/sl\/wp-json\/wp\/v2\/pages\/2669","targetHints":{"allow":["GET"]}}],"collection":[{"href":"https:\/\/e-locum.eu\/sl\/wp-json\/wp\/v2\/pages"}],"about":[{"href":"https:\/\/e-locum.eu\/sl\/wp-json\/wp\/v2\/types\/page"}],"author":[{"embeddable":true,"href":"https:\/\/e-locum.eu\/sl\/wp-json\/wp\/v2\/users\/1"}],"replies":[{"embeddable":true,"href":"https:\/\/e-locum.eu\/sl\/wp-json\/wp\/v2\/comments?post=2669"}],"version-history":[{"count":1,"href":"https:\/\/e-locum.eu\/sl\/wp-json\/wp\/v2\/pages\/2669\/revisions"}],"predecessor-version":[{"id":2671,"href":"https:\/\/e-locum.eu\/sl\/wp-json\/wp\/v2\/pages\/2669\/revisions\/2671"}],"wp:attachment":[{"href":"https:\/\/e-locum.eu\/sl\/wp-json\/wp\/v2\/media?parent=2669"}],"curies":[{"name":"wp","href":"https:\/\/api.w.org\/{rel}","templated":true}]}}