{"id":2667,"date":"2024-07-16T13:30:13","date_gmt":"2024-07-16T13:30:13","guid":{"rendered":"https:\/\/e-locum.eu\/pravilnik-o-piskotkih\/"},"modified":"2025-12-18T09:57:47","modified_gmt":"2025-12-18T09:57:47","slug":"pravilnik-o-piskotkih","status":"publish","type":"page","link":"https:\/\/e-locum.eu\/sl\/pravilnik-o-piskotkih\/","title":{"rendered":"Pravilnik o pi\u0161kotkih"},"content":{"rendered":"\t\t<div data-elementor-type=\"wp-post\" data-elementor-id=\"2667\" class=\"elementor elementor-2667 elementor-1871\" data-elementor-post-type=\"page\">\n\t\t\t\t<div class=\"elementor-element elementor-element-8f7483f e-flex e-con-boxed e-con e-parent\" data-id=\"8f7483f\" data-element_type=\"container\" data-e-type=\"container\" data-settings=\"{&quot;background_background&quot;:&quot;classic&quot;,&quot;shape_divider_bottom&quot;:&quot;opacity-fan&quot;}\">\n\t\t\t\t\t<div class=\"e-con-inner\">\n\t\t\t\t<div class=\"elementor-shape elementor-shape-bottom\" aria-hidden=\"true\" data-negative=\"false\">\n\t\t\t<svg xmlns=\"http:\/\/www.w3.org\/2000\/svg\" viewBox=\"0 0 283.5 19.6\" preserveAspectRatio=\"none\">\n\t<path class=\"elementor-shape-fill\" style=\"opacity:0.33\" d=\"M0 0L0 18.8 141.8 4.1 283.5 18.8 283.5 0z\"\/>\n\t<path class=\"elementor-shape-fill\" style=\"opacity:0.33\" d=\"M0 0L0 12.6 141.8 4 283.5 12.6 283.5 0z\"\/>\n\t<path class=\"elementor-shape-fill\" style=\"opacity:0.33\" d=\"M0 0L0 6.4 141.8 4 283.5 6.4 283.5 0z\"\/>\n\t<path class=\"elementor-shape-fill\" d=\"M0 0L0 1.2 141.8 4 283.5 1.2 283.5 0z\"\/>\n<\/svg>\t\t<\/div>\n\t\t\t\t\t<\/div>\n\t\t\t\t<\/div>\n\t\t<div class=\"elementor-element elementor-element-bfc5512 e-flex e-con-boxed e-con e-parent\" data-id=\"bfc5512\" data-element_type=\"container\" data-e-type=\"container\">\n\t\t\t\t\t<div class=\"e-con-inner\">\n\t\t\t\t<div class=\"elementor-element elementor-element-64ca386 elementor-widget-divider--view-line_text elementor-widget-divider--element-align-left elementor-widget elementor-widget-divider\" data-id=\"64ca386\" data-element_type=\"widget\" data-e-type=\"widget\" data-widget_type=\"divider.default\">\n\t\t\t\t<div class=\"elementor-widget-container\">\n\t\t\t\t\t\t\t<div class=\"elementor-divider\">\n\t\t\t<span class=\"elementor-divider-separator\">\n\t\t\t\t\t\t<\/span>\n\t\t<\/div>\n\t\t\t\t\t\t<\/div>\n\t\t\t\t<\/div>\n\t\t<div class=\"elementor-element elementor-element-0337bfb e-con-full e-flex e-con e-child\" data-id=\"0337bfb\" data-element_type=\"container\" data-e-type=\"container\">\n\t\t\t\t<div class=\"elementor-element elementor-element-cdb051e elementor-widget elementor-widget-text-editor\" data-id=\"cdb051e\" data-element_type=\"widget\" data-e-type=\"widget\" data-widget_type=\"text-editor.default\">\n\t\t\t\t<div class=\"elementor-widget-container\">\n\t\t\t\t\t\t\t\t\t<p><strong>Datum za\u010detka veljavnosti:<\/strong> 17.07.2024<\/p>\n<p><span style=\"font-size: 1.5em; font-weight: bold;\">1. Uvod<\/span><\/p>\n<p>Dobrodo\u0161li na spletnem mestu \u00bbE-Locum \u2013 Lokalni dogovori Zdru\u017eenih partnerjev Evrope\u00ab [URL spletnega mesta] (\u00bbSpletno mesto\u00ab). Ta politika pi\u0161kotkov pojasnjuje, kako uporabljamo pi\u0161kotke in podobne tehnologije sledenja, ko obi\u0161\u010dete na\u0161e spletno mesto. Z uporabo na\u0161ega spletnega mesta sogla\u0161ate z uporabo pi\u0161kotkov v skladu s tem pravilnikom.<\/p>\n<h3>2. Kaj so pi\u0161kotki?<\/h3>\n<p>Pi\u0161kotki so majhne besedilne datoteke, ki se namestijo v va\u0161 ra\u010dunalnik ali mobilno napravo, ko obi\u0161\u010dete spletno mesto. Pogosto se uporabljajo za u\u010dinkovitej\u0161e delovanje spletnih mest in za zagotavljanje informacij lastnikom spletnega mesta.<\/p>\n<h3>3. Kako uporabljamo pi\u0161kotke<\/h3>\n<p>Pi\u0161kotke uporabljamo za naslednje namene:<\/p>\n<ul>\n<li>\n<p><strong>Bistveni pi\u0161kotki:<\/strong> Ti pi\u0161kotki so potrebni za delovanje na\u0161ega spletnega mesta. Omogo\u010dajo vam navigacijo in uporabo funkcij spletnega mesta, kot je dostop do varnih obmo\u010dij.<\/p>\n<\/li>\n<li>\n<p><strong>Analiti\u010dni\/u\u010dinkovitostni pi\u0161kotki:<\/strong> Ti pi\u0161kotki nam omogo\u010dajo, da prepoznamo in pre\u0161tejemo \u0161tevilo obiskovalcev spletnega mesta ter vidimo, kako se obiskovalci premikajo po spletnem mestu, ko ga uporabljajo. To nam pomaga izbolj\u0161ati delovanje na\u0161ega spletnega mesta, na primer tako, da zagotovimo, da uporabniki zlahka najdejo, kar i\u0161\u010dejo.<\/p>\n<\/li>\n<li>\n<p><strong>Funkcionalni pi\u0161kotki:<\/strong> Ti pi\u0161kotki se uporabljajo za to, da vas prepoznamo, ko se vrnete na na\u0161e spletno mesto. To nam omogo\u010da, da vam prilagodimo na\u0161o vsebino, vas pozdravimo po imenu in si zapomnimo va\u0161e nastavitve (na primer va\u0161o izbiro jezika ali regije).<\/p>\n<\/li>\n<li>\n<p><strong>Ciljani pi\u0161kotki:<\/strong> Ti pi\u0161kotki bele\u017eijo va\u0161 obisk na\u0161ega spletnega mesta, strani, ki ste jih obiskali, in povezave, ki ste jim sledili. Te podatke bomo uporabili, da bo na\u0161e spletno mesto in oglasi, prikazani na njem, bolj ustrezali va\u0161im interesom. V ta namen lahko te podatke delimo tudi s tretjimi osebami.<\/p>\n<\/li>\n<\/ul>\n<h3>4. Pi\u0161kotki tretjih oseb<\/h3>\n<p>Upo\u0161tevajte, da lahko pi\u0161kotke, nad katerimi nimamo nadzora, uporabljajo tudi tretje osebe (vklju\u010dno z na primer ogla\u0161evalskimi omre\u017eji in ponudniki zunanjih storitev, kot so storitve analize spletnega prometa). Ti pi\u0161kotki so verjetno analiti\u010dni\/u\u010dinkovitostni pi\u0161kotki ali ciljni pi\u0161kotki.<\/p>\n<h3>5. Upravljanje pi\u0161kotkov<\/h3>\n<p>Pi\u0161kotke lahko po \u017eelji nadzorujete in\/ali izbri\u0161ete. Izbri\u0161ete lahko vse pi\u0161kotke, ki so \u017ee v va\u0161em ra\u010dunalniku, in ve\u010dino brskalnikov lahko nastavite tako, da prepre\u010dijo njihovo namestitev. \u010ce to storite, boste morda morali nekatere nastavitve ro\u010dno prilagoditi vsaki\u010d, ko obi\u0161\u010dete spletno mesto, nekatere storitve in funkcije pa morda ne bodo delovale.<\/p>\n<h3>6. Spremembe te politike pi\u0161kotkov<\/h3>\n<p>To politiko pi\u0161kotkov lahko ob\u010dasno posodobimo, da odra\u017ea spremembe v tehnologiji, zakonodaji ali na\u0161ih praksah. O vseh spremembah vas bomo obvestili z objavo posodobljene politike na na\u0161i spletni strani s posodobljenim datumom za\u010detka veljavnosti.<\/p>\n<h3>7. Kontaktirajte nas<\/h3>\n<p>\u010ce imate kakr\u0161na koli vpra\u0161anja o na\u0161i uporabi pi\u0161kotkov ali tej politiki pi\u0161kotkov, nas kontaktirajte na:<\/p>\n<p><strong>E-po\u0161ta:<\/strong> [kontaktni e-po\u0161tni naslov]<br \/><strong>Naslov:<\/strong> [fizi\u010dni naslov]<\/p>\n\t\t\t\t\t\t\t\t<\/div>\n\t\t\t\t<\/div>\n\t\t\t\t<\/div>\n\t\t\t\t\t<\/div>\n\t\t\t\t<\/div>\n\t\t\t\t<\/div>\n\t\t","protected":false},"excerpt":{"rendered":"<p>Datum za\u010detka veljavnosti: 17.07.2024 1. Uvod Dobrodo\u0161li na spletnem mestu \u00bbE-Locum \u2013 Lokalni dogovori Zdru\u017eenih partnerjev Evrope\u00ab [URL spletnega mesta] (\u00bbSpletno mesto\u00ab). Ta politika pi\u0161kotkov pojasnjuje, kako uporabljamo pi\u0161kotke in podobne tehnologije sledenja, ko obi\u0161\u010dete na\u0161e spletno mesto. Z uporabo na\u0161ega spletnega mesta sogla\u0161ate z uporabo pi\u0161kotkov v skladu s tem pravilnikom. 2. Kaj so [&hellip;]<\/p>\n","protected":false},"author":1,"featured_media":0,"parent":0,"menu_order":0,"comment_status":"closed","ping_status":"closed","template":"","meta":{"_uag_custom_page_level_css":"","site-sidebar-layout":"no-sidebar","site-content-layout":"page-builder","ast-site-content-layout":"full-width-container","site-content-style":"unboxed","site-sidebar-style":"unboxed","ast-global-header-display":"","ast-banner-title-visibility":"","ast-main-header-display":"","ast-hfb-above-header-display":"","ast-hfb-below-header-display":"","ast-hfb-mobile-header-display":"","site-post-title":"disabled","ast-breadcrumbs-content":"","ast-featured-img":"disabled","footer-sml-layout":"","ast-disable-related-posts":"","theme-transparent-header-meta":"enabled","adv-header-id-meta":"","stick-header-meta":"","header-above-stick-meta":"","header-main-stick-meta":"","header-below-stick-meta":"","astra-migrate-meta-layouts":"default","ast-page-background-enabled":"default","ast-page-background-meta":{"desktop":{"background-color":"","background-image":"","background-repeat":"repeat","background-position":"center center","background-size":"auto","background-attachment":"scroll","background-type":"","background-media":"","overlay-type":"","overlay-color":"","overlay-opacity":"","overlay-gradient":""},"tablet":{"background-color":"","background-image":"","background-repeat":"repeat","background-position":"center center","background-size":"auto","background-attachment":"scroll","background-type":"","background-media":"","overlay-type":"","overlay-color":"","overlay-opacity":"","overlay-gradient":""},"mobile":{"background-color":"","background-image":"","background-repeat":"repeat","background-position":"center center","background-size":"auto","background-attachment":"scroll","background-type":"","background-media":"","overlay-type":"","overlay-color":"","overlay-opacity":"","overlay-gradient":""}},"ast-content-background-meta":{"desktop":{"background-color":"var(--ast-global-color-5)","background-image":"","background-repeat":"repeat","background-position":"center center","background-size":"auto","background-attachment":"scroll","background-type":"","background-media":"","overlay-type":"","overlay-color":"","overlay-opacity":"","overlay-gradient":""},"tablet":{"background-color":"var(--ast-global-color-5)","background-image":"","background-repeat":"repeat","background-position":"center center","background-size":"auto","background-attachment":"scroll","background-type":"","background-media":"","overlay-type":"","overlay-color":"","overlay-opacity":"","overlay-gradient":""},"mobile":{"background-color":"var(--ast-global-color-5)","background-image":"","background-repeat":"repeat","background-position":"center center","background-size":"auto","background-attachment":"scroll","background-type":"","background-media":"","overlay-type":"","overlay-color":"","overlay-opacity":"","overlay-gradient":""}},"footnotes":""},"class_list":["post-2667","page","type-page","status-publish","hentry"],"uagb_featured_image_src":{"full":false,"thumbnail":false,"medium":false,"medium_large":false,"large":false,"1536x1536":false,"2048x2048":false},"uagb_author_info":{"display_name":"raisissoftware.admin","author_link":"https:\/\/e-locum.eu\/sl\/author\/raisissoftware-admin\/"},"uagb_comment_info":0,"uagb_excerpt":"Datum za\u010detka veljavnosti: 17.07.2024 1. Uvod Dobrodo\u0161li na spletnem mestu \u00bbE-Locum \u2013 Lokalni dogovori Zdru\u017eenih partnerjev Evrope\u00ab [URL spletnega mesta] (\u00bbSpletno mesto\u00ab). Ta politika pi\u0161kotkov pojasnjuje, kako uporabljamo pi\u0161kotke in podobne tehnologije sledenja, ko obi\u0161\u010dete na\u0161e spletno mesto. Z uporabo na\u0161ega spletnega mesta sogla\u0161ate z uporabo pi\u0161kotkov v skladu s tem pravilnikom. 2. Kaj so&hellip;","_links":{"self":[{"href":"https:\/\/e-locum.eu\/sl\/wp-json\/wp\/v2\/pages\/2667","targetHints":{"allow":["GET"]}}],"collection":[{"href":"https:\/\/e-locum.eu\/sl\/wp-json\/wp\/v2\/pages"}],"about":[{"href":"https:\/\/e-locum.eu\/sl\/wp-json\/wp\/v2\/types\/page"}],"author":[{"embeddable":true,"href":"https:\/\/e-locum.eu\/sl\/wp-json\/wp\/v2\/users\/1"}],"replies":[{"embeddable":true,"href":"https:\/\/e-locum.eu\/sl\/wp-json\/wp\/v2\/comments?post=2667"}],"version-history":[{"count":1,"href":"https:\/\/e-locum.eu\/sl\/wp-json\/wp\/v2\/pages\/2667\/revisions"}],"predecessor-version":[{"id":2668,"href":"https:\/\/e-locum.eu\/sl\/wp-json\/wp\/v2\/pages\/2667\/revisions\/2668"}],"wp:attachment":[{"href":"https:\/\/e-locum.eu\/sl\/wp-json\/wp\/v2\/media?parent=2667"}],"curies":[{"name":"wp","href":"https:\/\/api.w.org\/{rel}","templated":true}]}}