{"id":2660,"date":"2024-07-16T08:21:54","date_gmt":"2024-07-16T08:21:54","guid":{"rendered":"https:\/\/e-locum.eu\/institut-bukovina\/"},"modified":"2025-12-18T09:56:10","modified_gmt":"2025-12-18T09:56:10","slug":"institut-bukovina","status":"publish","type":"page","link":"https:\/\/e-locum.eu\/sl\/institut-bukovina\/","title":{"rendered":"In\u0161titut Bukovina"},"content":{"rendered":"\t\t<div data-elementor-type=\"wp-post\" data-elementor-id=\"2660\" class=\"elementor elementor-2660 elementor-1725\" data-elementor-post-type=\"page\">\n\t\t\t\t<div class=\"elementor-element elementor-element-qa2xtqv e-flex e-con-boxed e-con e-parent\" data-id=\"qa2xtqv\" data-element_type=\"container\" data-e-type=\"container\" data-settings=\"{&quot;background_background&quot;:&quot;classic&quot;}\">\n\t\t\t\t\t<div class=\"e-con-inner\">\n\t\t<div class=\"elementor-element elementor-element-c1b36fd e-con-full animated-slow e-flex elementor-invisible e-con e-child\" data-id=\"c1b36fd\" data-element_type=\"container\" data-e-type=\"container\" data-settings=\"{&quot;background_background&quot;:&quot;classic&quot;,&quot;animation&quot;:&quot;zoomIn&quot;}\">\n\t\t\t\t<div class=\"elementor-element elementor-element-c04ee8a elementor-widget elementor-widget-heading\" data-id=\"c04ee8a\" data-element_type=\"widget\" data-e-type=\"widget\" data-widget_type=\"heading.default\">\n\t\t\t\t<div class=\"elementor-widget-container\">\n\t\t\t\t\t<h2 class=\"elementor-heading-title elementor-size-default\">In\u0161titut Bukovina<\/h2>\t\t\t\t<\/div>\n\t\t\t\t<\/div>\n\t\t\t\t<div class=\"elementor-element elementor-element-e55af1c elementor-widget elementor-widget-text-editor\" data-id=\"e55af1c\" data-element_type=\"widget\" data-e-type=\"widget\" data-widget_type=\"text-editor.default\">\n\t\t\t\t<div class=\"elementor-widget-container\">\n\t\t\t\t\t\t\t\t\t<p>Zdru\u017eenje In\u0161tituta za socialno partnerstvo Bucovina <strong>(Romunija)<\/strong><\/p>\n<p>Zdru\u017eenje In\u0161tituta za socialno partnerstvo Bucovina <strong>(Romunija)<\/strong><\/p>\n\t\t\t\t\t\t\t\t<\/div>\n\t\t\t\t<\/div>\n\t\t\t\t<div class=\"elementor-element elementor-element-330149b elementor-widget elementor-widget-image\" data-id=\"330149b\" data-element_type=\"widget\" data-e-type=\"widget\" data-widget_type=\"image.default\">\n\t\t\t\t<div class=\"elementor-widget-container\">\n\t\t\t\t\t\t\t\t\t\t\t\t\t\t\t<img fetchpriority=\"high\" decoding=\"async\" width=\"1000\" height=\"406\" src=\"https:\/\/e-locum.eu\/wp-content\/uploads\/2024\/07\/Bucovina-Institute_logo-min-1-e1721111613915.png\" class=\"attachment-large size-large wp-image-2514\" alt=\"\" srcset=\"https:\/\/e-locum.eu\/wp-content\/uploads\/2024\/07\/Bucovina-Institute_logo-min-1-e1721111613915.png 1000w, https:\/\/e-locum.eu\/wp-content\/uploads\/2024\/07\/Bucovina-Institute_logo-min-1-e1721111613915-300x122.png 300w, https:\/\/e-locum.eu\/wp-content\/uploads\/2024\/07\/Bucovina-Institute_logo-min-1-e1721111613915-768x312.png 768w\" sizes=\"(max-width: 1000px) 100vw, 1000px\" \/>\t\t\t\t\t\t\t\t\t\t\t\t\t\t\t<\/div>\n\t\t\t\t<\/div>\n\t\t\t\t<\/div>\n\t\t<div class=\"elementor-element elementor-element-1009169 e-con-full e-flex e-con e-child\" data-id=\"1009169\" data-element_type=\"container\" data-e-type=\"container\">\n\t\t\t\t<\/div>\n\t\t\t\t\t<\/div>\n\t\t\t\t<\/div>\n\t\t<div class=\"elementor-element elementor-element-bfc5512 e-flex e-con-boxed e-con e-parent\" data-id=\"bfc5512\" data-element_type=\"container\" data-e-type=\"container\">\n\t\t\t\t\t<div class=\"e-con-inner\">\n\t\t\t\t<div class=\"elementor-element elementor-element-64ca386 elementor-widget-divider--view-line_text elementor-widget-divider--element-align-left elementor-widget elementor-widget-divider\" data-id=\"64ca386\" data-element_type=\"widget\" data-e-type=\"widget\" data-widget_type=\"divider.default\">\n\t\t\t\t<div class=\"elementor-widget-container\">\n\t\t\t\t\t\t\t<div class=\"elementor-divider\">\n\t\t\t<span class=\"elementor-divider-separator\">\n\t\t\t\t\t\t\t<span class=\"elementor-divider__text elementor-divider__element\">\n\t\t\t\tVe\u010d o\t\t\t\t<\/span>\n\t\t\t\t\t\t<\/span>\n\t\t<\/div>\n\t\t\t\t\t\t<\/div>\n\t\t\t\t<\/div>\n\t\t<div class=\"elementor-element elementor-element-0337bfb e-con-full e-flex e-con e-child\" data-id=\"0337bfb\" data-element_type=\"container\" data-e-type=\"container\">\n\t\t\t\t<div class=\"elementor-element elementor-element-cdb051e elementor-widget elementor-widget-text-editor\" data-id=\"cdb051e\" data-element_type=\"widget\" data-e-type=\"widget\" data-widget_type=\"text-editor.default\">\n\t\t\t\t<div class=\"elementor-widget-container\">\n\t\t\t\t\t\t\t\t\t<p><span style=\"font-weight: 400;\">Bucovina Institute je neprofitna nevladna organizacija, ustanovljena leta 2011, katere cilj je podpirati trajnostni razvoj skupnosti na severovzhodu Romunije, jugozahodu Ukrajine in celotne Republike Moldavije s projekti u\u010dnih partnerstev in organizacijo programov stalnega usposabljanja za odrasle.<\/span><\/p>\n<h5><strong>Glavni cilji:<\/strong><\/h5>\n<p><\/p>\n<ul>\n<li><span style=\"font-weight: 400;\">Ustvarjanje programov za omogo\u010danje medkulturnega usposabljanja, \u010dezmejnega sodelovanja in izmenjave izku\u0161enj na podro\u010dju socialnega gospodarstva in zaposljivosti ranljivih oseb na trgu dela;<\/span><\/li>\n<li><span style=\"font-weight: 400;\">Podpora mladim in odraslim s pode\u017eelja, migrantom, manj\u0161inam in invalidom za zagotovitev dostopa do vseh oblik u\u010denja, dostopa do trga dela in organizacije programov za zagon podjetij;<\/span><\/li>\n<li><span style=\"font-weight: 400;\">Spodbujanje regionalnega in skupnostnega razvoja z izvajanjem kvalifikacij, prekvalifikacija, usposabljanje, specializacija, vajeni\u0161ki te\u010daji ter vzpostavitev programov za ocenjevanje znanj in spretnosti ter certificiranje z nediskriminatornim dostopom za vse socialne kategorije;<\/span><\/li>\n<\/ul>\n<p><\/p>\n<h5><strong>Socialne storitve:<\/strong><\/h5>\n<p><\/p>\n<ul>\n<li><span style=\"font-weight: 400;\">Center za socialno vklju\u010denost &#8211; Storitve pomo\u010di skupnosti \u2013 storitve WISE (Work Integration Social Enterprises) z licenco Ministrstva za delo in socialno solidarnost v skladu z novimi standardi;<\/span><\/li>\n<li><span style=\"font-weight: 400;\">Informacijske in delovnoterapevtske storitve v dnevnem centru Together Club;<\/span><\/li>\n<li><span style=\"font-weight: 400;\">Potrditev kot podjetje socialnega gospodarstva, ki jo je potrdila Agencija za zaposlovanje okro\u017eja Suceava. <\/span><\/li>\n<\/ul>\n<p><span style=\"font-weight: 400;\">In\u0161titut ima licenco za podporne storitve za zaposlovanje in dovoljenje romunskega ministrstva za delo. Ima tudi bogate izku\u0161nje na podro\u010dju neformalnega izobra\u017eevanja, izvaja usposabljanje za u\u010ditelje, socialne delavce, moderatorje skupnosti, zdravstvene asistente in socialne podjetnike, izvaja pa tudi posebna usposabljanja za u\u010ditelje, socialne delavce, moderatorje skupnosti, zdravstvene asistente in socialne podjetnike.<\/span><\/p>\n<p><span style=\"font-weight: 400;\">V oddelku WISE upravlja podporne storitve za zaposlovanje, v oddelku RIES pa svetuje in dodeljuje mikronepovratna sredstva za zagon podjetij na podro\u010dju socialnega gospodarstva.<\/span><\/p>\n<p><span style=\"font-weight: 400;\">Po za\u010detku vojne je In\u0161titut Bucovina ustanovil Center za socialno pomo\u010d, da bi podprl begunce, ki prihajajo iz Ukrajine, s ciljem zadovoljiti njihove glavne potrebe in jim ponuditi \u010dim bolj normalno \u017eivljenje v kriznih razmerah, v katerih so se zna\u0161li.<\/span><\/p>\n<p><span style=\"font-weight: 400;\">Spletna stran: <\/span><a href=\"https:\/\/bucovinainstitute.org\/\" target=\"_blank\" rel=\"noopener\"><span style=\"font-weight: 400;\">Zdru\u017eenje Institutul Bucovina &#8211; Gradnja in sodelovanje: Dostop do izobra\u017eevanja (bucovinainstitute.org)<\/span><\/a><\/p>\n\t\t\t\t\t\t\t\t<\/div>\n\t\t\t\t<\/div>\n\t\t\t\t<\/div>\n\t\t\t\t\t<\/div>\n\t\t\t\t<\/div>\n\t\t\t\t<\/div>\n\t\t","protected":false},"excerpt":{"rendered":"<p>In\u0161titut Bukovina Zdru\u017eenje In\u0161tituta za socialno partnerstvo Bucovina (Romunija) Zdru\u017eenje In\u0161tituta za socialno partnerstvo Bucovina (Romunija) Ve\u010d o Bucovina Institute je neprofitna nevladna organizacija, ustanovljena leta 2011, katere cilj je podpirati trajnostni razvoj skupnosti na severovzhodu Romunije, jugozahodu Ukrajine in celotne Republike Moldavije s projekti u\u010dnih partnerstev in organizacijo programov stalnega usposabljanja za odrasle. Glavni [&hellip;]<\/p>\n","protected":false},"author":1,"featured_media":0,"parent":0,"menu_order":0,"comment_status":"closed","ping_status":"closed","template":"","meta":{"_uag_custom_page_level_css":"","site-sidebar-layout":"no-sidebar","site-content-layout":"page-builder","ast-site-content-layout":"full-width-container","site-content-style":"unboxed","site-sidebar-style":"unboxed","ast-global-header-display":"","ast-banner-title-visibility":"","ast-main-header-display":"","ast-hfb-above-header-display":"","ast-hfb-below-header-display":"","ast-hfb-mobile-header-display":"","site-post-title":"disabled","ast-breadcrumbs-content":"","ast-featured-img":"disabled","footer-sml-layout":"","ast-disable-related-posts":"","theme-transparent-header-meta":"default","adv-header-id-meta":"","stick-header-meta":"","header-above-stick-meta":"","header-main-stick-meta":"","header-below-stick-meta":"","astra-migrate-meta-layouts":"default","ast-page-background-enabled":"default","ast-page-background-meta":{"desktop":{"background-color":"","background-image":"","background-repeat":"repeat","background-position":"center center","background-size":"auto","background-attachment":"scroll","background-type":"","background-media":"","overlay-type":"","overlay-color":"","overlay-opacity":"","overlay-gradient":""},"tablet":{"background-color":"","background-image":"","background-repeat":"repeat","background-position":"center center","background-size":"auto","background-attachment":"scroll","background-type":"","background-media":"","overlay-type":"","overlay-color":"","overlay-opacity":"","overlay-gradient":""},"mobile":{"background-color":"","background-image":"","background-repeat":"repeat","background-position":"center center","background-size":"auto","background-attachment":"scroll","background-type":"","background-media":"","overlay-type":"","overlay-color":"","overlay-opacity":"","overlay-gradient":""}},"ast-content-background-meta":{"desktop":{"background-color":"var(--ast-global-color-5)","background-image":"","background-repeat":"repeat","background-position":"center center","background-size":"auto","background-attachment":"scroll","background-type":"","background-media":"","overlay-type":"","overlay-color":"","overlay-opacity":"","overlay-gradient":""},"tablet":{"background-color":"var(--ast-global-color-5)","background-image":"","background-repeat":"repeat","background-position":"center center","background-size":"auto","background-attachment":"scroll","background-type":"","background-media":"","overlay-type":"","overlay-color":"","overlay-opacity":"","overlay-gradient":""},"mobile":{"background-color":"var(--ast-global-color-5)","background-image":"","background-repeat":"repeat","background-position":"center center","background-size":"auto","background-attachment":"scroll","background-type":"","background-media":"","overlay-type":"","overlay-color":"","overlay-opacity":"","overlay-gradient":""}},"footnotes":""},"class_list":["post-2660","page","type-page","status-publish","hentry"],"uagb_featured_image_src":{"full":false,"thumbnail":false,"medium":false,"medium_large":false,"large":false,"1536x1536":false,"2048x2048":false},"uagb_author_info":{"display_name":"raisissoftware.admin","author_link":"https:\/\/e-locum.eu\/sl\/author\/raisissoftware-admin\/"},"uagb_comment_info":0,"uagb_excerpt":"In\u0161titut Bukovina Zdru\u017eenje In\u0161tituta za socialno partnerstvo Bucovina (Romunija) Zdru\u017eenje In\u0161tituta za socialno partnerstvo Bucovina (Romunija) Ve\u010d o Bucovina Institute je neprofitna nevladna organizacija, ustanovljena leta 2011, katere cilj je podpirati trajnostni razvoj skupnosti na severovzhodu Romunije, jugozahodu Ukrajine in celotne Republike Moldavije s projekti u\u010dnih partnerstev in organizacijo programov stalnega usposabljanja za odrasle. Glavni&hellip;","_links":{"self":[{"href":"https:\/\/e-locum.eu\/sl\/wp-json\/wp\/v2\/pages\/2660","targetHints":{"allow":["GET"]}}],"collection":[{"href":"https:\/\/e-locum.eu\/sl\/wp-json\/wp\/v2\/pages"}],"about":[{"href":"https:\/\/e-locum.eu\/sl\/wp-json\/wp\/v2\/types\/page"}],"author":[{"embeddable":true,"href":"https:\/\/e-locum.eu\/sl\/wp-json\/wp\/v2\/users\/1"}],"replies":[{"embeddable":true,"href":"https:\/\/e-locum.eu\/sl\/wp-json\/wp\/v2\/comments?post=2660"}],"version-history":[{"count":1,"href":"https:\/\/e-locum.eu\/sl\/wp-json\/wp\/v2\/pages\/2660\/revisions"}],"predecessor-version":[{"id":2661,"href":"https:\/\/e-locum.eu\/sl\/wp-json\/wp\/v2\/pages\/2660\/revisions\/2661"}],"wp:attachment":[{"href":"https:\/\/e-locum.eu\/sl\/wp-json\/wp\/v2\/media?parent=2660"}],"curies":[{"name":"wp","href":"https:\/\/api.w.org\/{rel}","templated":true}]}}