{"id":3030,"date":"2024-07-16T06:39:41","date_gmt":"2024-07-16T06:39:41","guid":{"rendered":"https:\/\/e-locum.eu\/consorzio-vives\/"},"modified":"2025-12-18T14:06:37","modified_gmt":"2025-12-18T14:06:37","slug":"consorzio-vives","status":"publish","type":"page","link":"https:\/\/e-locum.eu\/ro\/consorzio-vives\/","title":{"rendered":"Consorzio Vives"},"content":{"rendered":"\t\t<div data-elementor-type=\"wp-post\" data-elementor-id=\"3030\" class=\"elementor elementor-3030 elementor-1592\" data-elementor-post-type=\"page\">\n\t\t\t\t<div class=\"elementor-element elementor-element-qa2xtqv e-flex e-con-boxed e-con e-parent\" data-id=\"qa2xtqv\" data-element_type=\"container\" data-e-type=\"container\" data-settings=\"{&quot;background_background&quot;:&quot;classic&quot;}\">\n\t\t\t\t\t<div class=\"e-con-inner\">\n\t\t<div class=\"elementor-element elementor-element-c1b36fd e-con-full animated-slow e-flex elementor-invisible e-con e-child\" data-id=\"c1b36fd\" data-element_type=\"container\" data-e-type=\"container\" data-settings=\"{&quot;background_background&quot;:&quot;classic&quot;,&quot;animation&quot;:&quot;zoomIn&quot;}\">\n\t\t\t\t<div class=\"elementor-element elementor-element-c04ee8a elementor-widget elementor-widget-heading\" data-id=\"c04ee8a\" data-element_type=\"widget\" data-e-type=\"widget\" data-widget_type=\"heading.default\">\n\t\t\t\t<div class=\"elementor-widget-container\">\n\t\t\t\t\t<h2 class=\"elementor-heading-title elementor-size-default\">Consorzio Vives<\/h2>\t\t\t\t<\/div>\n\t\t\t\t<\/div>\n\t\t\t\t<div class=\"elementor-element elementor-element-e55af1c elementor-widget elementor-widget-text-editor\" data-id=\"e55af1c\" data-element_type=\"widget\" data-e-type=\"widget\" data-widget_type=\"text-editor.default\">\n\t\t\t\t<div class=\"elementor-widget-container\">\n\t\t\t\t\t\t\t\t\t<p><span style=\"font-weight: 400;\">Consorzio di Cooperative Sociali &#8211; Societ\u00e0 Cooperativa Sociale Impresa Sociale &#8211; ONLUS<\/span><b> (Italia)<\/b><\/p>\n\t\t\t\t\t\t\t\t<\/div>\n\t\t\t\t<\/div>\n\t\t\t\t<div class=\"elementor-element elementor-element-330149b elementor-widget elementor-widget-image\" data-id=\"330149b\" data-element_type=\"widget\" data-e-type=\"widget\" data-widget_type=\"image.default\">\n\t\t\t\t<div class=\"elementor-widget-container\">\n\t\t\t\t\t\t\t\t\t\t\t\t\t\t\t<img fetchpriority=\"high\" decoding=\"async\" width=\"896\" height=\"315\" src=\"https:\/\/e-locum.eu\/wp-content\/uploads\/2024\/07\/replicate-prediction-bgpw4j8m9hrg80cgppq94qskx0-min-1-e1721111466375.png\" class=\"attachment-large size-large wp-image-2985\" alt=\"\" srcset=\"https:\/\/e-locum.eu\/wp-content\/uploads\/2024\/07\/replicate-prediction-bgpw4j8m9hrg80cgppq94qskx0-min-1-e1721111466375.png 896w, https:\/\/e-locum.eu\/wp-content\/uploads\/2024\/07\/replicate-prediction-bgpw4j8m9hrg80cgppq94qskx0-min-1-e1721111466375-300x105.png 300w, https:\/\/e-locum.eu\/wp-content\/uploads\/2024\/07\/replicate-prediction-bgpw4j8m9hrg80cgppq94qskx0-min-1-e1721111466375-768x270.png 768w\" sizes=\"(max-width: 896px) 100vw, 896px\" \/>\t\t\t\t\t\t\t\t\t\t\t\t\t\t\t<\/div>\n\t\t\t\t<\/div>\n\t\t\t\t<\/div>\n\t\t<div class=\"elementor-element elementor-element-1009169 e-con-full e-flex e-con e-child\" data-id=\"1009169\" data-element_type=\"container\" data-e-type=\"container\">\n\t\t\t\t<\/div>\n\t\t\t\t\t<\/div>\n\t\t\t\t<\/div>\n\t\t<div class=\"elementor-element elementor-element-bfc5512 e-flex e-con-boxed e-con e-parent\" data-id=\"bfc5512\" data-element_type=\"container\" data-e-type=\"container\">\n\t\t\t\t\t<div class=\"e-con-inner\">\n\t\t\t\t<div class=\"elementor-element elementor-element-64ca386 elementor-widget-divider--view-line_text elementor-widget-divider--element-align-left elementor-widget elementor-widget-divider\" data-id=\"64ca386\" data-element_type=\"widget\" data-e-type=\"widget\" data-widget_type=\"divider.default\">\n\t\t\t\t<div class=\"elementor-widget-container\">\n\t\t\t\t\t\t\t<div class=\"elementor-divider\">\n\t\t\t<span class=\"elementor-divider-separator\">\n\t\t\t\t\t\t\t<span class=\"elementor-divider__text elementor-divider__element\">\n\t\t\t\tDESPRE\t\t\t\t<\/span>\n\t\t\t\t\t\t<\/span>\n\t\t<\/div>\n\t\t\t\t\t\t<\/div>\n\t\t\t\t<\/div>\n\t\t<div class=\"elementor-element elementor-element-0337bfb e-con-full e-flex e-con e-child\" data-id=\"0337bfb\" data-element_type=\"container\" data-e-type=\"container\">\n\t\t\t\t<div class=\"elementor-element elementor-element-cdb051e elementor-widget elementor-widget-text-editor\" data-id=\"cdb051e\" data-element_type=\"widget\" data-e-type=\"widget\" data-widget_type=\"text-editor.default\">\n\t\t\t\t<div class=\"elementor-widget-container\">\n\t\t\t\t\t\t\t\t\t<p><span style=\"font-weight: 400;\">VIVES este un Consor\u021biu format din 3 cooperative sociale care opereaz\u0103 \u00een cele patru foste Provincii (cel pu\u021bin c\u00e2te una din fiecare) care compun Regiunea Friuli Venezia Giulia: Codess FVG, 2001 Agenzia Sociale \u0219i FAI, care se num\u0103r\u0103 printre cele mai importante organiza\u021bii de economie social\u0103 din zon\u0103.<\/span><\/p>\n<p><span style=\"font-weight: 400;\">De peste 30 de ani, cele 3 cooperative \u0219i consor\u021biul lor au furnizat servicii sociale, educa\u021bionale \u0219i de s\u0103n\u0103tate pentru copii, tineri, v\u00e2rstnici, migran\u021bi, persoane cu dizabilit\u0103\u021bi \u0219i alte grupuri vulnerabile, ac\u021bion\u00e2nd fie ca \u00eentreprinderi sociale, contractori, fie ca parteneri ai societ\u0103\u021bii civile ai a peste 50 de autorit\u0103\u021bi locale din Regiune.<\/span><\/p>\n<p><span style=\"font-weight: 400;\">\u00cen 2013, au \u00eenfiin\u021bat Consor\u021biul cu scopul de a-\u0219i consolida capacitatea institu\u021bional\u0103 \u0219i opera\u021bional\u0103, de a contesta schimb\u0103rile profunde din bun\u0103starea contemporan\u0103, adopt\u00e2nd o abordare competitiv\u0103, dar inovatoare \u0219i responsabil\u0103 din punct de vedere social.<\/span><\/p>\n<p><span style=\"font-weight: 400;\">Guvernan\u021ba democratic\u0103, incluziunea \u0219i investirea marjelor opera\u021bionale pentru construirea comunit\u0103\u021bii sunt principalii piloni ai economiei sociale urm\u0103ri\u021bi de VIVES \u0219i cooperativele sale afiliate.<\/span><\/p>\n<p><span style=\"font-weight: 400;\">Consiliul de Administra\u021bie este compus din 3 membri, un pre\u0219edinte \u0219i doi vicepre\u0219edin\u021bi, c\u00e2te unul \u00een numele fiec\u0103rei cooperative. Personalul este format din angaja\u021bii (deta\u0219a\u021bi sau nu) ai entit\u0103\u021bilor sale afiliate; Prin urmare, VIVES angajeaz\u0103 de facto peste 1.700 de lucr\u0103tori.<\/span><\/p>\n<p><span style=\"font-weight: 400;\">Peste 60% dintre ace\u0219tia sunt femei, iar o pondere semnificativ\u0103 este cet\u0103\u021beni non-italieni (35% \u00een FAI \u0219i c\u00e2te 10% fiecare \u00een restul de dou\u0103).<\/span><\/p>\n<p><span style=\"font-weight: 400;\">\u00cen cele din urm\u0103, VIVES este membru activ al re\u021belei europene REVES din 2015, la fel \u0219i 2001 Agenzia Sociale \u00een re\u021beaua CEFEC (ambele re\u021bele sunt parteneri \u00een prezenta ac\u021biune).<\/span><\/p>\n<p>\u00a0<\/p>\n<p><span style=\"font-weight: 400;\">Site web: <\/span><a href=\"https:\/\/consorziovives.it\/\" target=\"_blank\" rel=\"noopener\"><span style=\"font-weight: 400;\">Consorzio Vives<\/span><\/a><span style=\"font-weight: 400;\">\u00a0<\/span><\/p>\n\t\t\t\t\t\t\t\t<\/div>\n\t\t\t\t<\/div>\n\t\t\t\t<\/div>\n\t\t\t\t\t<\/div>\n\t\t\t\t<\/div>\n\t\t\t\t<\/div>\n\t\t","protected":false},"excerpt":{"rendered":"<p>Consorzio Vives Consorzio di Cooperative Sociali &#8211; Societ\u00e0 Cooperativa Sociale Impresa Sociale &#8211; ONLUS (Italia) DESPRE VIVES este un Consor\u021biu format din 3 cooperative sociale care opereaz\u0103 \u00een cele patru foste Provincii (cel pu\u021bin c\u00e2te una din fiecare) care compun Regiunea Friuli Venezia Giulia: Codess FVG, 2001 Agenzia Sociale \u0219i FAI, care se num\u0103r\u0103 printre [&hellip;]<\/p>\n","protected":false},"author":1,"featured_media":0,"parent":0,"menu_order":0,"comment_status":"closed","ping_status":"closed","template":"","meta":{"_uag_custom_page_level_css":"","site-sidebar-layout":"no-sidebar","site-content-layout":"page-builder","ast-site-content-layout":"full-width-container","site-content-style":"unboxed","site-sidebar-style":"unboxed","ast-global-header-display":"","ast-banner-title-visibility":"","ast-main-header-display":"","ast-hfb-above-header-display":"","ast-hfb-below-header-display":"","ast-hfb-mobile-header-display":"","site-post-title":"disabled","ast-breadcrumbs-content":"","ast-featured-img":"disabled","footer-sml-layout":"","ast-disable-related-posts":"","theme-transparent-header-meta":"default","adv-header-id-meta":"","stick-header-meta":"","header-above-stick-meta":"","header-main-stick-meta":"","header-below-stick-meta":"","astra-migrate-meta-layouts":"default","ast-page-background-enabled":"default","ast-page-background-meta":{"desktop":{"background-color":"","background-image":"","background-repeat":"repeat","background-position":"center center","background-size":"auto","background-attachment":"scroll","background-type":"","background-media":"","overlay-type":"","overlay-color":"","overlay-opacity":"","overlay-gradient":""},"tablet":{"background-color":"","background-image":"","background-repeat":"repeat","background-position":"center center","background-size":"auto","background-attachment":"scroll","background-type":"","background-media":"","overlay-type":"","overlay-color":"","overlay-opacity":"","overlay-gradient":""},"mobile":{"background-color":"","background-image":"","background-repeat":"repeat","background-position":"center center","background-size":"auto","background-attachment":"scroll","background-type":"","background-media":"","overlay-type":"","overlay-color":"","overlay-opacity":"","overlay-gradient":""}},"ast-content-background-meta":{"desktop":{"background-color":"var(--ast-global-color-5)","background-image":"","background-repeat":"repeat","background-position":"center center","background-size":"auto","background-attachment":"scroll","background-type":"","background-media":"","overlay-type":"","overlay-color":"","overlay-opacity":"","overlay-gradient":""},"tablet":{"background-color":"var(--ast-global-color-5)","background-image":"","background-repeat":"repeat","background-position":"center center","background-size":"auto","background-attachment":"scroll","background-type":"","background-media":"","overlay-type":"","overlay-color":"","overlay-opacity":"","overlay-gradient":""},"mobile":{"background-color":"var(--ast-global-color-5)","background-image":"","background-repeat":"repeat","background-position":"center center","background-size":"auto","background-attachment":"scroll","background-type":"","background-media":"","overlay-type":"","overlay-color":"","overlay-opacity":"","overlay-gradient":""}},"footnotes":""},"class_list":["post-3030","page","type-page","status-publish","hentry"],"uagb_featured_image_src":{"full":false,"thumbnail":false,"medium":false,"medium_large":false,"large":false,"1536x1536":false,"2048x2048":false},"uagb_author_info":{"display_name":"raisissoftware.admin","author_link":"https:\/\/e-locum.eu\/ro\/author\/raisissoftware-admin\/"},"uagb_comment_info":0,"uagb_excerpt":"Consorzio Vives Consorzio di Cooperative Sociali &#8211; Societ\u00e0 Cooperativa Sociale Impresa Sociale &#8211; ONLUS (Italia) DESPRE VIVES este un Consor\u021biu format din 3 cooperative sociale care opereaz\u0103 \u00een cele patru foste Provincii (cel pu\u021bin c\u00e2te una din fiecare) care compun Regiunea Friuli Venezia Giulia: Codess FVG, 2001 Agenzia Sociale \u0219i FAI, care se num\u0103r\u0103 printre&hellip;","_links":{"self":[{"href":"https:\/\/e-locum.eu\/ro\/wp-json\/wp\/v2\/pages\/3030","targetHints":{"allow":["GET"]}}],"collection":[{"href":"https:\/\/e-locum.eu\/ro\/wp-json\/wp\/v2\/pages"}],"about":[{"href":"https:\/\/e-locum.eu\/ro\/wp-json\/wp\/v2\/types\/page"}],"author":[{"embeddable":true,"href":"https:\/\/e-locum.eu\/ro\/wp-json\/wp\/v2\/users\/1"}],"replies":[{"embeddable":true,"href":"https:\/\/e-locum.eu\/ro\/wp-json\/wp\/v2\/comments?post=3030"}],"version-history":[{"count":1,"href":"https:\/\/e-locum.eu\/ro\/wp-json\/wp\/v2\/pages\/3030\/revisions"}],"predecessor-version":[{"id":3031,"href":"https:\/\/e-locum.eu\/ro\/wp-json\/wp\/v2\/pages\/3030\/revisions\/3031"}],"wp:attachment":[{"href":"https:\/\/e-locum.eu\/ro\/wp-json\/wp\/v2\/media?parent=3030"}],"curies":[{"name":"wp","href":"https:\/\/api.w.org\/{rel}","templated":true}]}}