{"id":3022,"date":"2024-07-16T08:22:38","date_gmt":"2024-07-16T08:22:38","guid":{"rendered":"https:\/\/e-locum.eu\/drustvo-humanitas\/"},"modified":"2025-12-18T14:04:13","modified_gmt":"2025-12-18T14:04:13","slug":"drustvo-humanitas","status":"publish","type":"page","link":"https:\/\/e-locum.eu\/ro\/drustvo-humanitas\/","title":{"rendered":"Dru\u0161tvo Humanitas"},"content":{"rendered":"\t\t<div data-elementor-type=\"wp-post\" data-elementor-id=\"3022\" class=\"elementor elementor-3022 elementor-1726\" data-elementor-post-type=\"page\">\n\t\t\t\t<div class=\"elementor-element elementor-element-qa2xtqv e-flex e-con-boxed e-con e-parent\" data-id=\"qa2xtqv\" data-element_type=\"container\" data-e-type=\"container\" data-settings=\"{&quot;background_background&quot;:&quot;classic&quot;}\">\n\t\t\t\t\t<div class=\"e-con-inner\">\n\t\t<div class=\"elementor-element elementor-element-c1b36fd e-con-full animated-slow e-flex elementor-invisible e-con e-child\" data-id=\"c1b36fd\" data-element_type=\"container\" data-e-type=\"container\" data-settings=\"{&quot;background_background&quot;:&quot;classic&quot;,&quot;animation&quot;:&quot;zoomIn&quot;}\">\n\t\t\t\t<div class=\"elementor-element elementor-element-c04ee8a elementor-widget elementor-widget-heading\" data-id=\"c04ee8a\" data-element_type=\"widget\" data-e-type=\"widget\" data-widget_type=\"heading.default\">\n\t\t\t\t<div class=\"elementor-widget-container\">\n\t\t\t\t\t<h2 class=\"elementor-heading-title elementor-size-default\">Dru\u0161tvo Humanitas<\/h2>\t\t\t\t<\/div>\n\t\t\t\t<\/div>\n\t\t\t\t<div class=\"elementor-element elementor-element-e55af1c elementor-widget elementor-widget-text-editor\" data-id=\"e55af1c\" data-element_type=\"widget\" data-e-type=\"widget\" data-widget_type=\"text-editor.default\">\n\t\t\t\t<div class=\"elementor-widget-container\">\n\t\t\t\t\t\t\t\t\t<p>Centrul pentru \u00eenv\u0103\u021bare \u0219i cooperare global\u0103 <strong>(Slovenia)<\/strong><\/p>\n\t\t\t\t\t\t\t\t<\/div>\n\t\t\t\t<\/div>\n\t\t\t\t<div class=\"elementor-element elementor-element-330149b elementor-widget elementor-widget-image\" data-id=\"330149b\" data-element_type=\"widget\" data-e-type=\"widget\" data-widget_type=\"image.default\">\n\t\t\t\t<div class=\"elementor-widget-container\">\n\t\t\t\t\t\t\t\t\t\t\t\t\t\t\t<img fetchpriority=\"high\" decoding=\"async\" width=\"1000\" height=\"1000\" src=\"https:\/\/e-locum.eu\/wp-content\/uploads\/2024\/07\/humanitas_logo_01-min.png\" class=\"attachment-large size-large wp-image-2986\" alt=\"\" srcset=\"https:\/\/e-locum.eu\/wp-content\/uploads\/2024\/07\/humanitas_logo_01-min.png 1000w, https:\/\/e-locum.eu\/wp-content\/uploads\/2024\/07\/humanitas_logo_01-min-300x300.png 300w, https:\/\/e-locum.eu\/wp-content\/uploads\/2024\/07\/humanitas_logo_01-min-150x150.png 150w, https:\/\/e-locum.eu\/wp-content\/uploads\/2024\/07\/humanitas_logo_01-min-768x768.png 768w\" sizes=\"(max-width: 1000px) 100vw, 1000px\" \/>\t\t\t\t\t\t\t\t\t\t\t\t\t\t\t<\/div>\n\t\t\t\t<\/div>\n\t\t\t\t<\/div>\n\t\t<div class=\"elementor-element elementor-element-1009169 e-con-full e-flex e-con e-child\" data-id=\"1009169\" data-element_type=\"container\" data-e-type=\"container\">\n\t\t\t\t<\/div>\n\t\t\t\t\t<\/div>\n\t\t\t\t<\/div>\n\t\t<div class=\"elementor-element elementor-element-bfc5512 e-flex e-con-boxed e-con e-parent\" data-id=\"bfc5512\" data-element_type=\"container\" data-e-type=\"container\">\n\t\t\t\t\t<div class=\"e-con-inner\">\n\t\t\t\t<div class=\"elementor-element elementor-element-64ca386 elementor-widget-divider--view-line_text elementor-widget-divider--element-align-left elementor-widget elementor-widget-divider\" data-id=\"64ca386\" data-element_type=\"widget\" data-e-type=\"widget\" data-widget_type=\"divider.default\">\n\t\t\t\t<div class=\"elementor-widget-container\">\n\t\t\t\t\t\t\t<div class=\"elementor-divider\">\n\t\t\t<span class=\"elementor-divider-separator\">\n\t\t\t\t\t\t\t<span class=\"elementor-divider__text elementor-divider__element\">\n\t\t\t\tDESPRE\t\t\t\t<\/span>\n\t\t\t\t\t\t<\/span>\n\t\t<\/div>\n\t\t\t\t\t\t<\/div>\n\t\t\t\t<\/div>\n\t\t<div class=\"elementor-element elementor-element-0337bfb e-con-full e-flex e-con e-child\" data-id=\"0337bfb\" data-element_type=\"container\" data-e-type=\"container\">\n\t\t\t\t<div class=\"elementor-element elementor-element-cdb051e elementor-widget elementor-widget-text-editor\" data-id=\"cdb051e\" data-element_type=\"widget\" data-e-type=\"widget\" data-widget_type=\"text-editor.default\">\n\t\t\t\t<div class=\"elementor-widget-container\">\n\t\t\t\t\t\t\t\t\t<p><span style=\"font-weight: 400;\">Humanitas a fost fondat\u0103 \u00een anul 2000. Este o organiza\u021bie non-guvernamental\u0103 \u2013 o societate non-profit care se ocup\u0103 \u00een principal de drepturile omului \u0219i de ac\u021biuni de sprijin. Misiunea noastr\u0103 este de a cre\u0219te gradul de con\u0219tientizare cu privire la problemele globale precum s\u0103r\u0103cia, consumul excesiv, decalajul dintre \u021b\u0103rile cu dezvoltare economic\u0103 diferit\u0103 \u0219i, prin educa\u021bie \u0219i con\u0219tientizare, de a \u00eencuraja incluziunea social\u0103 \u0219i responsabilitatea. Principalele activit\u0103\u021bi ale Humanitas sunt: \u200b\u200beduca\u021bia global\u0103, proiecte de cooperare pentru dezvoltare, comer\u021bul echitabil, sponsorizarea copiilor (cu programe \u00een principal \u00een Africa) \u0219i turismul responsabil. Suntem un ONG de nivel mediu conform sectorului ONG sloven, av\u00e2nd \u00een prezent 7 angaja\u021bi.<\/span><\/p>\n<p><span style=\"font-weight: 400;\">Humanitas organizeaz\u0103 numeroase ateliere interculturale de educa\u021bie global\u0103 (EG) care trateaz\u0103 drepturile omului, \u00een special prejudec\u0103\u021bile, stereotipurile, discursul instigator la ur\u0103, discriminarea, diversitatea, migra\u021biile etc. \u00een \u0219coli (pentru profesori \u0219i copii) din anul 2000. \u00cen 2012 am \u00eenceput s\u0103 lucr\u0103m cu metodologia \u201ePrin Ochii Altora\u201d \u00een str\u00e2ns\u0103 colaborare cu una dintre autoarele sale, Vanessa Andreotti. Implement\u0103m anual peste 100 de ateliere \u0219i seminarii privind educa\u021bia global\u0103 pe teme men\u021bionate \u0219i similare. De asemenea, men\u021binem contacte regulate \u0219i continue cu peste 30 de \u0219coli, ceea ce \u00eenseamn\u0103 c\u0103 ne contacteaz\u0103 \u00een fiecare an \u00een timp ce \u00ee\u0219i planific\u0103 urm\u0103torul an \u0219colar. \u00cen rest, am cooperat cu peste 150 de \u0219coli din Slovenia \u0219i din str\u0103in\u0103tate.<\/span><\/p>\n<p>\u00a0<\/p>\n<p><span style=\"font-weight: 400;\">La nivel interna\u021bional, suntem activi \u00een re\u021beaua EPTO (Organiza\u021bia European\u0103 de Formare Inter pares), care organizeaz\u0103 traininguri antidiscriminare \u0219i diversitate pentru viitori \u0219i deja existen\u021bi formatori \u0219i suntem reprezentan\u021bi na\u021bionali \u00een grupul de lucru CONCORD HUB 4 privind educa\u021bia pentru cet\u0103\u021benie global\u0103 \u0219i implicarea public\u0103.<\/span><\/p>\n<p>\u00a0<\/p>\n<p><span style=\"font-weight: 400;\">Principalul domeniu de activitate al Humanitas este educa\u021bia global\u0103, dar o tem\u0103 esen\u021bial\u0103 inclus\u0103 \u00een cadrul EG este \u0219i educa\u021bia intercultural\u0103 \u0219i pentru drepturile omului, \u00eempreun\u0103 cu educa\u021bia pentru diversitate. \u00cen acest fel, toate proiectele noastre interna\u021bionale GE au acoperit \u0219i subiecte precum migra\u021bia, antidiscriminarea \u0219i diversitatea.<\/span><\/p>\n<p>\u00a0<\/p>\n<p><span style=\"font-weight: 400;\">Site web: <\/span><a href=\"https:\/\/www.humanitas.si\/homepage\/\" target=\"_blank\" rel=\"noopener\"><span style=\"font-weight: 400;\">Pagina principal\u0103 &#8211; Dru\u0161tvo Humanitas<\/span><\/a><\/p>\n\t\t\t\t\t\t\t\t<\/div>\n\t\t\t\t<\/div>\n\t\t\t\t<\/div>\n\t\t\t\t\t<\/div>\n\t\t\t\t<\/div>\n\t\t\t\t<\/div>\n\t\t","protected":false},"excerpt":{"rendered":"<p>Dru\u0161tvo Humanitas Centrul pentru \u00eenv\u0103\u021bare \u0219i cooperare global\u0103 (Slovenia) DESPRE Humanitas a fost fondat\u0103 \u00een anul 2000. Este o organiza\u021bie non-guvernamental\u0103 \u2013 o societate non-profit care se ocup\u0103 \u00een principal de drepturile omului \u0219i de ac\u021biuni de sprijin. Misiunea noastr\u0103 este de a cre\u0219te gradul de con\u0219tientizare cu privire la problemele globale precum s\u0103r\u0103cia, consumul [&hellip;]<\/p>\n","protected":false},"author":1,"featured_media":0,"parent":0,"menu_order":0,"comment_status":"closed","ping_status":"closed","template":"","meta":{"_uag_custom_page_level_css":"","site-sidebar-layout":"no-sidebar","site-content-layout":"page-builder","ast-site-content-layout":"full-width-container","site-content-style":"unboxed","site-sidebar-style":"unboxed","ast-global-header-display":"","ast-banner-title-visibility":"","ast-main-header-display":"","ast-hfb-above-header-display":"","ast-hfb-below-header-display":"","ast-hfb-mobile-header-display":"","site-post-title":"disabled","ast-breadcrumbs-content":"","ast-featured-img":"disabled","footer-sml-layout":"","ast-disable-related-posts":"","theme-transparent-header-meta":"default","adv-header-id-meta":"","stick-header-meta":"","header-above-stick-meta":"","header-main-stick-meta":"","header-below-stick-meta":"","astra-migrate-meta-layouts":"default","ast-page-background-enabled":"default","ast-page-background-meta":{"desktop":{"background-color":"","background-image":"","background-repeat":"repeat","background-position":"center center","background-size":"auto","background-attachment":"scroll","background-type":"","background-media":"","overlay-type":"","overlay-color":"","overlay-opacity":"","overlay-gradient":""},"tablet":{"background-color":"","background-image":"","background-repeat":"repeat","background-position":"center center","background-size":"auto","background-attachment":"scroll","background-type":"","background-media":"","overlay-type":"","overlay-color":"","overlay-opacity":"","overlay-gradient":""},"mobile":{"background-color":"","background-image":"","background-repeat":"repeat","background-position":"center center","background-size":"auto","background-attachment":"scroll","background-type":"","background-media":"","overlay-type":"","overlay-color":"","overlay-opacity":"","overlay-gradient":""}},"ast-content-background-meta":{"desktop":{"background-color":"var(--ast-global-color-5)","background-image":"","background-repeat":"repeat","background-position":"center center","background-size":"auto","background-attachment":"scroll","background-type":"","background-media":"","overlay-type":"","overlay-color":"","overlay-opacity":"","overlay-gradient":""},"tablet":{"background-color":"var(--ast-global-color-5)","background-image":"","background-repeat":"repeat","background-position":"center center","background-size":"auto","background-attachment":"scroll","background-type":"","background-media":"","overlay-type":"","overlay-color":"","overlay-opacity":"","overlay-gradient":""},"mobile":{"background-color":"var(--ast-global-color-5)","background-image":"","background-repeat":"repeat","background-position":"center center","background-size":"auto","background-attachment":"scroll","background-type":"","background-media":"","overlay-type":"","overlay-color":"","overlay-opacity":"","overlay-gradient":""}},"footnotes":""},"class_list":["post-3022","page","type-page","status-publish","hentry"],"uagb_featured_image_src":{"full":false,"thumbnail":false,"medium":false,"medium_large":false,"large":false,"1536x1536":false,"2048x2048":false},"uagb_author_info":{"display_name":"raisissoftware.admin","author_link":"https:\/\/e-locum.eu\/ro\/author\/raisissoftware-admin\/"},"uagb_comment_info":0,"uagb_excerpt":"Dru\u0161tvo Humanitas Centrul pentru \u00eenv\u0103\u021bare \u0219i cooperare global\u0103 (Slovenia) DESPRE Humanitas a fost fondat\u0103 \u00een anul 2000. Este o organiza\u021bie non-guvernamental\u0103 \u2013 o societate non-profit care se ocup\u0103 \u00een principal de drepturile omului \u0219i de ac\u021biuni de sprijin. Misiunea noastr\u0103 este de a cre\u0219te gradul de con\u0219tientizare cu privire la problemele globale precum s\u0103r\u0103cia, consumul&hellip;","_links":{"self":[{"href":"https:\/\/e-locum.eu\/ro\/wp-json\/wp\/v2\/pages\/3022","targetHints":{"allow":["GET"]}}],"collection":[{"href":"https:\/\/e-locum.eu\/ro\/wp-json\/wp\/v2\/pages"}],"about":[{"href":"https:\/\/e-locum.eu\/ro\/wp-json\/wp\/v2\/types\/page"}],"author":[{"embeddable":true,"href":"https:\/\/e-locum.eu\/ro\/wp-json\/wp\/v2\/users\/1"}],"replies":[{"embeddable":true,"href":"https:\/\/e-locum.eu\/ro\/wp-json\/wp\/v2\/comments?post=3022"}],"version-history":[{"count":1,"href":"https:\/\/e-locum.eu\/ro\/wp-json\/wp\/v2\/pages\/3022\/revisions"}],"predecessor-version":[{"id":3024,"href":"https:\/\/e-locum.eu\/ro\/wp-json\/wp\/v2\/pages\/3022\/revisions\/3024"}],"wp:attachment":[{"href":"https:\/\/e-locum.eu\/ro\/wp-json\/wp\/v2\/media?parent=3022"}],"curies":[{"name":"wp","href":"https:\/\/api.w.org\/{rel}","templated":true}]}}