{"id":3001,"date":"2024-12-08T17:23:07","date_gmt":"2024-12-08T17:23:07","guid":{"rendered":"https:\/\/e-locum.eu\/articole-legate-de-migratie\/"},"modified":"2025-12-18T13:55:53","modified_gmt":"2025-12-18T13:55:53","slug":"articole-legate-de-migratie","status":"publish","type":"page","link":"https:\/\/e-locum.eu\/ro\/articole-legate-de-migratie\/","title":{"rendered":"Articole legate de migra\u021bie"},"content":{"rendered":"\t\t<div data-elementor-type=\"wp-page\" data-elementor-id=\"3001\" class=\"elementor elementor-3001 elementor-2200\" data-elementor-post-type=\"page\">\n\t\t\t\t<div class=\"elementor-element elementor-element-ce004f8 e-flex e-con-boxed e-con e-parent\" data-id=\"ce004f8\" data-element_type=\"container\" data-e-type=\"container\">\n\t\t\t\t\t<div class=\"e-con-inner\">\n\t\t\t\t<div class=\"elementor-element elementor-element-dbf41cd elementor--h-position-center elementor--v-position-middle elementor-arrows-position-inside elementor-pagination-position-inside elementor-widget elementor-widget-slides\" data-id=\"dbf41cd\" data-element_type=\"widget\" data-e-type=\"widget\" data-settings=\"{&quot;navigation&quot;:&quot;both&quot;,&quot;autoplay&quot;:&quot;yes&quot;,&quot;pause_on_hover&quot;:&quot;yes&quot;,&quot;pause_on_interaction&quot;:&quot;yes&quot;,&quot;autoplay_speed&quot;:5000,&quot;infinite&quot;:&quot;yes&quot;,&quot;transition&quot;:&quot;slide&quot;,&quot;transition_speed&quot;:500}\" data-widget_type=\"slides.default\">\n\t\t\t\t<div class=\"elementor-widget-container\">\n\t\t\t\t\t\t\t\t\t<div class=\"elementor-swiper\">\n\t\t\t\t\t<div class=\"elementor-slides-wrapper elementor-main-swiper swiper\" role=\"region\" aria-roledescription=\"carousel\" aria-label=\"Slides\" dir=\"ltr\" data-animation=\"fadeInUp\">\n\t\t\t\t<div class=\"swiper-wrapper elementor-slides\">\n\t\t\t\t\t\t\t\t\t\t<div class=\"elementor-repeater-item-4d5d0c6 swiper-slide\" role=\"group\" aria-roledescription=\"slide\"><div class=\"swiper-slide-bg\" role=\"img\" aria-label=\"Three protest signs promoting equal rights and activism displayed on a textured wall.\"><\/div><a class=\"swiper-slide-inner\" href=\"https:\/\/e-locum.eu\/wp-content\/uploads\/2024\/12\/2_Defending-the-rights-of-refugees-and-migrants-in-the-digital-age.pdf\" target=\"_blank\"><div class=\"swiper-slide-contents\"><div class=\"elementor-slide-heading\">Articolul nr. 1<\/div><div class=\"elementor-slide-description\"><p>Ap\u0103rarea drepturilor refugia\u021bilor \u0219i migran\u021bilor \u00een era digital\u0103 (Amnesty International)<\/p>\n<\/div><div  class=\"elementor-button elementor-slide-button elementor-size-sm\">Click aici<\/div><\/div><\/a><\/div><div class=\"elementor-repeater-item-a9f0b61 swiper-slide\" role=\"group\" aria-roledescription=\"slide\"><div class=\"swiper-slide-bg\" role=\"img\" aria-label=\"A poignant image of children behind a metal fence in Idlib, Syria, highlighting togetherness and diversity.\"><\/div><a class=\"swiper-slide-inner\" href=\"https:\/\/e-locum.eu\/wp-content\/uploads\/2024\/12\/8_The-faces-behind-the-numbers.pdf\" target=\"_blank\"><div class=\"swiper-slide-contents\"><div class=\"elementor-slide-heading\">Articolul nr. 2<\/div><div class=\"elementor-slide-description\"><p>Fe\u021bele din spatele cifrelor (Al Jazeera)<\/p>\n<\/div><div  class=\"elementor-button elementor-slide-button elementor-size-sm\">Click aici<\/div><\/div><\/a><\/div><div class=\"elementor-repeater-item-5d57888 swiper-slide\" role=\"group\" aria-roledescription=\"slide\"><div class=\"swiper-slide-bg\" role=\"img\" aria-label=\"Detailed close-up image of a globe focusing on Northern Europe, featuring country labels and borders.\"><\/div><a class=\"swiper-slide-inner\" href=\"https:\/\/e-locum.eu\/wp-content\/uploads\/2025\/01\/10_Borderless-Fear.pdf\"><div class=\"swiper-slide-contents\"><div class=\"elementor-slide-heading\">Articolul nr. 3<\/div><div class=\"elementor-slide-description\"><p>Frica f\u0103r\u0103 frontiere?<br \/>Cum se aliniaz\u0103 populismul de dreapta<br \/>\u00een \u00eencadrarea eficient\u0103 a migra\u021biei<br \/>ca o amenin\u021bare la adresa securit\u0103\u021bii \u00een Austria \u0219i Slovenia<\/p>\n<\/div><div  class=\"elementor-button elementor-slide-button elementor-size-sm\">Click aici<\/div><\/div><\/a><\/div><div class=\"elementor-repeater-item-dd549cf swiper-slide\" role=\"group\" aria-roledescription=\"slide\"><div class=\"swiper-slide-bg\" role=\"img\" aria-label=\"typewriter, female empowerment, women empowerment, feminist, feminism, movement, female, change, word, women empowerment, women empowerment, women empowerment, women empowerment, women empowerment, feminist, feminism\"><\/div><a class=\"swiper-slide-inner\" href=\"https:\/\/e-locum.eu\/wp-content\/uploads\/2025\/01\/11_empowerment-through-migration.pdf\"><div class=\"swiper-slide-contents\"><div class=\"elementor-slide-heading\">Articolul nr. 4<\/div><div class=\"elementor-slide-description\"><p>\u00cemputernicire prin migra\u021bie: Nara\u021biuni ale integr\u0103rii reu\u0219ite a femeilor migrante \u00een Slovenia<\/p>\n<\/div><div  class=\"elementor-button elementor-slide-button elementor-size-sm\">Click aici<\/div><\/div><\/a><\/div>\t\t\t\t<\/div>\n\t\t\t\t\t\t\t\t\t\t\t\t\t\t\t<div class=\"elementor-swiper-button elementor-swiper-button-prev\" role=\"button\" tabindex=\"0\" aria-label=\"Previous slide\">\n\t\t\t\t\t\t\t<svg aria-hidden=\"true\" class=\"e-font-icon-svg e-eicon-chevron-left\" viewBox=\"0 0 1000 1000\" xmlns=\"http:\/\/www.w3.org\/2000\/svg\"><path d=\"M646 125C629 125 613 133 604 142L308 442C296 454 292 471 292 487 292 504 296 521 308 533L604 854C617 867 629 875 646 875 663 875 679 871 692 858 704 846 713 829 713 812 713 796 708 779 692 767L438 487 692 225C700 217 708 204 708 187 708 171 704 154 692 142 675 129 663 125 646 125Z\"><\/path><\/svg>\t\t\t\t\t\t<\/div>\n\t\t\t\t\t\t<div class=\"elementor-swiper-button elementor-swiper-button-next\" role=\"button\" tabindex=\"0\" aria-label=\"Next slide\">\n\t\t\t\t\t\t\t<svg aria-hidden=\"true\" class=\"e-font-icon-svg e-eicon-chevron-right\" viewBox=\"0 0 1000 1000\" xmlns=\"http:\/\/www.w3.org\/2000\/svg\"><path d=\"M696 533C708 521 713 504 713 487 713 471 708 454 696 446L400 146C388 133 375 125 354 125 338 125 325 129 313 142 300 154 292 171 292 187 292 204 296 221 308 233L563 492 304 771C292 783 288 800 288 817 288 833 296 850 308 863 321 871 338 875 354 875 371 875 388 867 400 854L696 533Z\"><\/path><\/svg>\t\t\t\t\t\t<\/div>\n\t\t\t\t\t\t\t\t\t\t\t\t\t\t\t\t<div class=\"swiper-pagination\"><\/div>\n\t\t\t\t\t\t\t\t\t\t\t\t<\/div>\n\t\t\t\t<\/div>\n\t\t\t\t\t\t\t\t<\/div>\n\t\t\t\t<\/div>\n\t\t\t\t\t<\/div>\n\t\t\t\t<\/div>\n\t\t<div class=\"elementor-element elementor-element-1e7b340f e-flex e-con-boxed e-con e-parent\" data-id=\"1e7b340f\" data-element_type=\"container\" data-e-type=\"container\">\n\t\t\t\t\t<div class=\"e-con-inner\">\n\t\t\t\t<div class=\"elementor-element elementor-element-7b7e93b9 elementor-widget elementor-widget-text-editor\" data-id=\"7b7e93b9\" data-element_type=\"widget\" data-e-type=\"widget\" data-widget_type=\"text-editor.default\">\n\t\t\t\t<div class=\"elementor-widget-container\">\n\t\t\t\t\t\t\t\t\t<br><div class=\"wp-block-uagb-icon-list uagb-block-f24b1e3b\">\r\n<div class=\"uagb-icon-list__wrap\">\r\n<p><span class=\"uagb-icon-list__label\"><strong>Articole conexe disponibile despre migra\u021bia<\/strong> \u00een Slovenia:<\/span><\/p>\r\n<\/div><br><\/div><br>\t\t\t\t\t\t\t\t<\/div>\n\t\t\t\t<\/div>\n\t\t\t\t\t<\/div>\n\t\t\t\t<\/div>\n\t\t<div class=\"elementor-element elementor-element-b2f149b e-flex e-con-boxed e-con e-parent\" data-id=\"b2f149b\" data-element_type=\"container\" data-e-type=\"container\">\n\t\t\t\t\t<div class=\"e-con-inner\">\n\t\t\t\t<div class=\"elementor-element elementor-element-1c89044 elementor-widget elementor-widget-button\" data-id=\"1c89044\" data-element_type=\"widget\" data-e-type=\"widget\" data-widget_type=\"button.default\">\n\t\t\t\t<div class=\"elementor-widget-container\">\n\t\t\t\t\t\t\t\t\t<div class=\"elementor-button-wrapper\">\n\t\t\t\t\t<a class=\"elementor-button elementor-button-link elementor-size-sm\" href=\"https:\/\/e-locum.eu\/wp-content\/uploads\/2024\/12\/Articles_Slovenia.pdf\">\n\t\t\t\t\t\t<span class=\"elementor-button-content-wrapper\">\n\t\t\t\t\t\t<span class=\"elementor-button-icon\">\n\t\t\t\t<svg aria-hidden=\"true\" class=\"e-font-icon-svg e-far-folder\" viewBox=\"0 0 512 512\" xmlns=\"http:\/\/www.w3.org\/2000\/svg\"><path d=\"M464 128H272l-54.63-54.63c-6-6-14.14-9.37-22.63-9.37H48C21.49 64 0 85.49 0 112v288c0 26.51 21.49 48 48 48h416c26.51 0 48-21.49 48-48V176c0-26.51-21.49-48-48-48zm0 272H48V112h140.12l54.63 54.63c6 6 14.14 9.37 22.63 9.37H464v224z\"><\/path><\/svg>\t\t\t<\/span>\n\t\t\t\t\t\t\t\t\t<span class=\"elementor-button-text\">Click aici<\/span>\n\t\t\t\t\t<\/span>\n\t\t\t\t\t<\/a>\n\t\t\t\t<\/div>\n\t\t\t\t\t\t\t\t<\/div>\n\t\t\t\t<\/div>\n\t\t\t\t\t<\/div>\n\t\t\t\t<\/div>\n\t\t<div class=\"elementor-element elementor-element-f4f46f0 e-flex e-con-boxed e-con e-parent\" data-id=\"f4f46f0\" data-element_type=\"container\" data-e-type=\"container\">\n\t\t\t\t\t<div class=\"e-con-inner\">\n\t\t\t\t<div class=\"elementor-element elementor-element-dc55a73 elementor-widget elementor-widget-text-editor\" data-id=\"dc55a73\" data-element_type=\"widget\" data-e-type=\"widget\" data-widget_type=\"text-editor.default\">\n\t\t\t\t<div class=\"elementor-widget-container\">\n\t\t\t\t\t\t\t\t\t<p><strong>Articole legate de migra\u021bia rom\u00e2neasc\u0103 disponibile:<\/p>\n\t\t\t\t\t\t\t\t<\/div>\n\t\t\t\t<\/div>\n\t\t\t\t\t<\/div>\n\t\t\t\t<\/div>\n\t\t<div class=\"elementor-element elementor-element-e496fe9 e-flex e-con-boxed e-con e-parent\" data-id=\"e496fe9\" data-element_type=\"container\" data-e-type=\"container\">\n\t\t\t\t\t<div class=\"e-con-inner\">\n\t\t\t\t<div class=\"elementor-element elementor-element-c4caabe elementor-widget elementor-widget-button\" data-id=\"c4caabe\" data-element_type=\"widget\" data-e-type=\"widget\" data-widget_type=\"button.default\">\n\t\t\t\t<div class=\"elementor-widget-container\">\n\t\t\t\t\t\t\t\t\t<div class=\"elementor-button-wrapper\">\n\t\t\t\t\t<a class=\"elementor-button elementor-button-link elementor-size-sm\" href=\"https:\/\/e-locum.eu\/wp-content\/uploads\/2025\/02\/ARTICOLE-si-PUBLICATII.pdf\">\n\t\t\t\t\t\t<span class=\"elementor-button-content-wrapper\">\n\t\t\t\t\t\t\t\t\t<span class=\"elementor-button-text\">Click aici<\/span>\n\t\t\t\t\t<\/span>\n\t\t\t\t\t<\/a>\n\t\t\t\t<\/div>\n\t\t\t\t\t\t\t\t<\/div>\n\t\t\t\t<\/div>\n\t\t\t\t\t<\/div>\n\t\t\t\t<\/div>\n\t\t<div class=\"elementor-element elementor-element-06814d2 e-flex e-con-boxed e-con e-parent\" data-id=\"06814d2\" data-element_type=\"container\" data-e-type=\"container\">\n\t\t\t\t\t<div class=\"e-con-inner\">\n\t\t\t\t\t<\/div>\n\t\t\t\t<\/div>\n\t\t<div class=\"elementor-element elementor-element-d3e3b70 e-flex e-con-boxed e-con e-parent\" data-id=\"d3e3b70\" data-element_type=\"container\" data-e-type=\"container\">\n\t\t\t\t\t<div class=\"e-con-inner\">\n\t\t\t\t<div class=\"elementor-element elementor-element-15d17d8 elementor-widget elementor-widget-heading\" data-id=\"15d17d8\" data-element_type=\"widget\" data-e-type=\"widget\" data-widget_type=\"heading.default\">\n\t\t\t\t<div class=\"elementor-widget-container\">\n\t\t\t\t\t<p class=\"elementor-heading-title elementor-size-default\">Articole legate de migra\u021bia italian\u0103 disponibile:<\/p>\t\t\t\t<\/div>\n\t\t\t\t<\/div>\n\t\t\t\t\t<\/div>\n\t\t\t\t<\/div>\n\t\t<div class=\"elementor-element elementor-element-1b7f43f e-flex e-con-boxed e-con e-parent\" data-id=\"1b7f43f\" data-element_type=\"container\" data-e-type=\"container\">\n\t\t\t\t\t<div class=\"e-con-inner\">\n\t\t\t\t<div class=\"elementor-element elementor-element-c9993ea elementor-widget elementor-widget-button\" data-id=\"c9993ea\" data-element_type=\"widget\" data-e-type=\"widget\" data-widget_type=\"button.default\">\n\t\t\t\t<div class=\"elementor-widget-container\">\n\t\t\t\t\t\t\t\t\t<div class=\"elementor-button-wrapper\">\n\t\t\t\t\t<a class=\"elementor-button elementor-button-link elementor-size-sm\" href=\"https:\/\/e-locum.eu\/wp-content\/uploads\/2025\/03\/Articoli-e-pubblicazioni-legati-al-tema-migrazioni.pdf\" target=\"_blank\">\n\t\t\t\t\t\t<span class=\"elementor-button-content-wrapper\">\n\t\t\t\t\t\t\t\t\t<span class=\"elementor-button-text\">Click aici<\/span>\n\t\t\t\t\t<\/span>\n\t\t\t\t\t<\/a>\n\t\t\t\t<\/div>\n\t\t\t\t\t\t\t\t<\/div>\n\t\t\t\t<\/div>\n\t\t\t\t\t<\/div>\n\t\t\t\t<\/div>\n\t\t\t\t<\/div>\n\t\t","protected":false},"excerpt":{"rendered":"<p>Articolul nr. 1 Ap\u0103rarea drepturilor refugia\u021bilor \u0219i migran\u021bilor \u00een era digital\u0103 (Amnesty International) Click aiciArticolul nr. 2 Fe\u021bele din spatele cifrelor (Al Jazeera) Click aiciArticolul nr. 3 Frica f\u0103r\u0103 frontiere?Cum se aliniaz\u0103 populismul de dreapta\u00een \u00eencadrarea eficient\u0103 a migra\u021bieica o amenin\u021bare la adresa securit\u0103\u021bii \u00een Austria \u0219i Slovenia Click aiciArticolul nr. 4 \u00cemputernicire prin migra\u021bie: [&hellip;]<\/p>\n","protected":false},"author":1,"featured_media":0,"parent":0,"menu_order":0,"comment_status":"closed","ping_status":"closed","template":"","meta":{"_uag_custom_page_level_css":"","site-sidebar-layout":"default","site-content-layout":"","ast-site-content-layout":"default","site-content-style":"default","site-sidebar-style":"default","ast-global-header-display":"","ast-banner-title-visibility":"","ast-main-header-display":"","ast-hfb-above-header-display":"","ast-hfb-below-header-display":"","ast-hfb-mobile-header-display":"","site-post-title":"","ast-breadcrumbs-content":"","ast-featured-img":"","footer-sml-layout":"","ast-disable-related-posts":"","theme-transparent-header-meta":"","adv-header-id-meta":"","stick-header-meta":"","header-above-stick-meta":"","header-main-stick-meta":"","header-below-stick-meta":"","astra-migrate-meta-layouts":"default","ast-page-background-enabled":"default","ast-page-background-meta":{"desktop":{"background-color":"","background-image":"","background-repeat":"repeat","background-position":"center center","background-size":"auto","background-attachment":"scroll","background-type":"","background-media":"","overlay-type":"","overlay-color":"","overlay-opacity":"","overlay-gradient":""},"tablet":{"background-color":"","background-image":"","background-repeat":"repeat","background-position":"center center","background-size":"auto","background-attachment":"scroll","background-type":"","background-media":"","overlay-type":"","overlay-color":"","overlay-opacity":"","overlay-gradient":""},"mobile":{"background-color":"","background-image":"","background-repeat":"repeat","background-position":"center center","background-size":"auto","background-attachment":"scroll","background-type":"","background-media":"","overlay-type":"","overlay-color":"","overlay-opacity":"","overlay-gradient":""}},"ast-content-background-meta":{"desktop":{"background-color":"var(--ast-global-color-5)","background-image":"","background-repeat":"repeat","background-position":"center center","background-size":"auto","background-attachment":"scroll","background-type":"","background-media":"","overlay-type":"","overlay-color":"","overlay-opacity":"","overlay-gradient":""},"tablet":{"background-color":"var(--ast-global-color-5)","background-image":"","background-repeat":"repeat","background-position":"center center","background-size":"auto","background-attachment":"scroll","background-type":"","background-media":"","overlay-type":"","overlay-color":"","overlay-opacity":"","overlay-gradient":""},"mobile":{"background-color":"var(--ast-global-color-5)","background-image":"","background-repeat":"repeat","background-position":"center center","background-size":"auto","background-attachment":"scroll","background-type":"","background-media":"","overlay-type":"","overlay-color":"","overlay-opacity":"","overlay-gradient":""}},"footnotes":""},"class_list":["post-3001","page","type-page","status-publish","hentry"],"uagb_featured_image_src":{"full":false,"thumbnail":false,"medium":false,"medium_large":false,"large":false,"1536x1536":false,"2048x2048":false},"uagb_author_info":{"display_name":"raisissoftware.admin","author_link":"https:\/\/e-locum.eu\/ro\/author\/raisissoftware-admin\/"},"uagb_comment_info":0,"uagb_excerpt":"Articolul nr. 1 Ap\u0103rarea drepturilor refugia\u021bilor \u0219i migran\u021bilor \u00een era digital\u0103 (Amnesty International) Click aiciArticolul nr. 2 Fe\u021bele din spatele cifrelor (Al Jazeera) Click aiciArticolul nr. 3 Frica f\u0103r\u0103 frontiere?Cum se aliniaz\u0103 populismul de dreapta\u00een \u00eencadrarea eficient\u0103 a migra\u021bieica o amenin\u021bare la adresa securit\u0103\u021bii \u00een Austria \u0219i Slovenia Click aiciArticolul nr. 4 \u00cemputernicire prin migra\u021bie:&hellip;","_links":{"self":[{"href":"https:\/\/e-locum.eu\/ro\/wp-json\/wp\/v2\/pages\/3001","targetHints":{"allow":["GET"]}}],"collection":[{"href":"https:\/\/e-locum.eu\/ro\/wp-json\/wp\/v2\/pages"}],"about":[{"href":"https:\/\/e-locum.eu\/ro\/wp-json\/wp\/v2\/types\/page"}],"author":[{"embeddable":true,"href":"https:\/\/e-locum.eu\/ro\/wp-json\/wp\/v2\/users\/1"}],"replies":[{"embeddable":true,"href":"https:\/\/e-locum.eu\/ro\/wp-json\/wp\/v2\/comments?post=3001"}],"version-history":[{"count":3,"href":"https:\/\/e-locum.eu\/ro\/wp-json\/wp\/v2\/pages\/3001\/revisions"}],"predecessor-version":[{"id":3004,"href":"https:\/\/e-locum.eu\/ro\/wp-json\/wp\/v2\/pages\/3001\/revisions\/3004"}],"wp:attachment":[{"href":"https:\/\/e-locum.eu\/ro\/wp-json\/wp\/v2\/media?parent=3001"}],"curies":[{"name":"wp","href":"https:\/\/api.w.org\/{rel}","templated":true}]}}