{"id":2977,"date":"2024-12-08T17:23:51","date_gmt":"2024-12-08T17:23:51","guid":{"rendered":"https:\/\/e-locum.eu\/rapoarte\/"},"modified":"2025-12-18T13:44:26","modified_gmt":"2025-12-18T13:44:26","slug":"rapoarte","status":"publish","type":"page","link":"https:\/\/e-locum.eu\/ro\/rapoarte\/","title":{"rendered":"Rapoarte"},"content":{"rendered":"\t\t<div data-elementor-type=\"wp-page\" data-elementor-id=\"2977\" class=\"elementor elementor-2977 elementor-2202\" data-elementor-post-type=\"page\">\n\t\t\t\t<div class=\"elementor-element elementor-element-467b372 e-flex e-con-boxed e-con e-parent\" data-id=\"467b372\" data-element_type=\"container\" data-e-type=\"container\">\n\t\t\t\t\t<div class=\"e-con-inner\">\n\t\t\t\t<div class=\"elementor-element elementor-element-9d2d383 elementor--h-position-center elementor--v-position-middle elementor-arrows-position-inside elementor-pagination-position-inside elementor-widget elementor-widget-slides\" data-id=\"9d2d383\" data-element_type=\"widget\" data-e-type=\"widget\" data-settings=\"{&quot;navigation&quot;:&quot;both&quot;,&quot;autoplay&quot;:&quot;yes&quot;,&quot;pause_on_hover&quot;:&quot;yes&quot;,&quot;pause_on_interaction&quot;:&quot;yes&quot;,&quot;autoplay_speed&quot;:5000,&quot;infinite&quot;:&quot;yes&quot;,&quot;transition&quot;:&quot;slide&quot;,&quot;transition_speed&quot;:500}\" data-widget_type=\"slides.default\">\n\t\t\t\t<div class=\"elementor-widget-container\">\n\t\t\t\t\t\t\t\t\t<div class=\"elementor-swiper\">\n\t\t\t\t\t<div class=\"elementor-slides-wrapper elementor-main-swiper swiper\" role=\"region\" aria-roledescription=\"carousel\" aria-label=\"Slides\" dir=\"ltr\" data-animation=\"fadeInUp\">\n\t\t\t\t<div class=\"swiper-wrapper elementor-slides\">\n\t\t\t\t\t\t\t\t\t\t<div class=\"elementor-repeater-item-dc5f366 swiper-slide\" role=\"group\" aria-roledescription=\"slide\"><div class=\"swiper-slide-bg\" role=\"img\" aria-label=\"fear, anxiety, emotion\"><\/div><a class=\"swiper-slide-inner\" href=\"https:\/\/e-locum.eu\/wp-content\/uploads\/2024\/12\/10_Borderless-Fear.pdf\"><div class=\"swiper-slide-contents\"><div class=\"elementor-slide-heading\">Raportul nr. 1<\/div><div class=\"elementor-slide-description\"><p>Frica f\u0103r\u0103 frontiere?<br \/>Cum se aliniaz\u0103 populismul de dreapta<br \/>\u00een \u00eencadrarea eficient\u0103 a migra\u021biei<br \/>ca o amenin\u021bare la adresa securit\u0103\u021bii \u00een Austria \u0219i Slovenia<\/p>\n<\/div><div  class=\"elementor-button elementor-slide-button elementor-size-sm\">Click aici<\/div><\/div><\/a><\/div><div class=\"elementor-repeater-item-e62f568 swiper-slide\" role=\"group\" aria-roledescription=\"slide\"><div class=\"swiper-slide-bg\" role=\"img\" aria-label=\"Retro-themed outdoor scene with vintage bicycle, suitcase, and nostalgic elements.\"><\/div><a class=\"swiper-slide-inner\" href=\"https:\/\/e-locum.eu\/wp-content\/uploads\/2024\/12\/13_What-is-in-my-bag.pdf\"><div class=\"swiper-slide-contents\"><div class=\"elementor-slide-heading\">Raportul nr. 2<\/div><div class=\"elementor-slide-description\"><p>Ce am \u00een geant\u0103? (Comitetul Interna\u021bional de Salvare)<\/p>\n<\/div><div  class=\"elementor-button elementor-slide-button elementor-size-sm\">Click aici<\/div><\/div><\/a><\/div><div class=\"elementor-repeater-item-9c30357 swiper-slide\" role=\"group\" aria-roledescription=\"slide\"><div class=\"swiper-slide-bg\" role=\"img\" aria-label=\"A hand holds a small globe with a scenic ocean backdrop, symbolizing global exploration.\"><\/div><a class=\"swiper-slide-inner\" href=\"https:\/\/e-locum.eu\/wp-content\/uploads\/2025\/01\/pub2023-047-l-world-migration-report-2024_10.pdf\"><div class=\"swiper-slide-contents\"><div class=\"elementor-slide-heading\">Raportul nr. 3<\/div><div class=\"elementor-slide-description\"><p>RAPORTUL MIGRA\u021aIEI MONDIAL<br \/>2024<\/p>\n<\/div><div  class=\"elementor-button elementor-slide-button elementor-size-sm\">Click aici<\/div><\/div><\/a><\/div>\t\t\t\t<\/div>\n\t\t\t\t\t\t\t\t\t\t\t\t\t\t\t<div class=\"elementor-swiper-button elementor-swiper-button-prev\" role=\"button\" tabindex=\"0\" aria-label=\"Previous slide\">\n\t\t\t\t\t\t\t<svg aria-hidden=\"true\" class=\"e-font-icon-svg e-eicon-chevron-left\" viewBox=\"0 0 1000 1000\" xmlns=\"http:\/\/www.w3.org\/2000\/svg\"><path d=\"M646 125C629 125 613 133 604 142L308 442C296 454 292 471 292 487 292 504 296 521 308 533L604 854C617 867 629 875 646 875 663 875 679 871 692 858 704 846 713 829 713 812 713 796 708 779 692 767L438 487 692 225C700 217 708 204 708 187 708 171 704 154 692 142 675 129 663 125 646 125Z\"><\/path><\/svg>\t\t\t\t\t\t<\/div>\n\t\t\t\t\t\t<div class=\"elementor-swiper-button elementor-swiper-button-next\" role=\"button\" tabindex=\"0\" aria-label=\"Next slide\">\n\t\t\t\t\t\t\t<svg aria-hidden=\"true\" class=\"e-font-icon-svg e-eicon-chevron-right\" viewBox=\"0 0 1000 1000\" xmlns=\"http:\/\/www.w3.org\/2000\/svg\"><path d=\"M696 533C708 521 713 504 713 487 713 471 708 454 696 446L400 146C388 133 375 125 354 125 338 125 325 129 313 142 300 154 292 171 292 187 292 204 296 221 308 233L563 492 304 771C292 783 288 800 288 817 288 833 296 850 308 863 321 871 338 875 354 875 371 875 388 867 400 854L696 533Z\"><\/path><\/svg>\t\t\t\t\t\t<\/div>\n\t\t\t\t\t\t\t\t\t\t\t\t\t\t\t\t<div class=\"swiper-pagination\"><\/div>\n\t\t\t\t\t\t\t\t\t\t\t\t<\/div>\n\t\t\t\t<\/div>\n\t\t\t\t\t\t\t\t<\/div>\n\t\t\t\t<\/div>\n\t\t\t\t\t<\/div>\n\t\t\t\t<\/div>\n\t\t<div class=\"elementor-element elementor-element-7731574 e-flex e-con-boxed e-con e-parent\" data-id=\"7731574\" data-element_type=\"container\" data-e-type=\"container\">\n\t\t\t\t\t<div class=\"e-con-inner\">\n\t\t\t\t<div class=\"elementor-element elementor-element-5ea85ac7 elementor-widget elementor-widget-text-editor\" data-id=\"5ea85ac7\" data-element_type=\"widget\" data-e-type=\"widget\" data-widget_type=\"text-editor.default\">\n\t\t\t\t<div class=\"elementor-widget-container\">\n\t\t\t\t\t\t\t\t\t<br><div class=\"wp-block-uagb-icon-list uagb-block-e07e6585\">\r\n<div class=\"uagb-icon-list__wrap\">\r\n\r\n\r\n<div class=\"wp-block-uagb-icon-list-child uagb-block-74e058d8\"><span class=\"uagb-icon-list__label\"><strong>Rapoarte slovene<\/strong> disponibile:<\/span><\/div><br><br><br><\/div><br><\/div><br><br><br><br><div class=\"wp-block-uagb-buttons uagb-buttons__outer-wrap uagb-btn__default-btn uagb-btn-tablet__default-btn uagb-btn-mobile__default-btn uagb-block-6e36f10e\">\r\n<div class=\"uagb-buttons__wrap uagb-buttons-layout-wrap \">\r\n\r\n\r\n<div class=\"wp-block-uagb-buttons-child uagb-buttons__outer-wrap uagb-block-50db3b95 wp-block-button\">\r\n<div class=\"uagb-button__wrapper\">\r\n\r\n<div class=\"uagb-button__wrapper\">\r\n\r\n<div class=\"uagb-button__link\">Click aici<\/div><br><br><\/div><br><\/div><br><br><br><\/div><br><\/div><br><br><br><br><br>\t\t\t\t\t\t\t\t<\/div>\n\t\t\t\t<\/div>\n\t\t\t\t\t<\/div>\n\t\t\t\t<\/div>\n\t\t\t\t<\/div>\n\t\t","protected":false},"excerpt":{"rendered":"<p>Raportul nr. 1 Frica f\u0103r\u0103 frontiere?Cum se aliniaz\u0103 populismul de dreapta\u00een \u00eencadrarea eficient\u0103 a migra\u021bieica o amenin\u021bare la adresa securit\u0103\u021bii \u00een Austria \u0219i Slovenia Click aiciRaportul nr. 2 Ce am \u00een geant\u0103? (Comitetul Interna\u021bional de Salvare) Click aiciRaportul nr. 3 RAPORTUL MIGRA\u021aIEI MONDIAL2024 Click aici Rapoarte slovene disponibile: Click aici<\/p>\n","protected":false},"author":1,"featured_media":0,"parent":0,"menu_order":0,"comment_status":"closed","ping_status":"closed","template":"","meta":{"_uag_custom_page_level_css":"","site-sidebar-layout":"default","site-content-layout":"","ast-site-content-layout":"default","site-content-style":"default","site-sidebar-style":"default","ast-global-header-display":"","ast-banner-title-visibility":"","ast-main-header-display":"","ast-hfb-above-header-display":"","ast-hfb-below-header-display":"","ast-hfb-mobile-header-display":"","site-post-title":"","ast-breadcrumbs-content":"","ast-featured-img":"","footer-sml-layout":"","ast-disable-related-posts":"","theme-transparent-header-meta":"","adv-header-id-meta":"","stick-header-meta":"","header-above-stick-meta":"","header-main-stick-meta":"","header-below-stick-meta":"","astra-migrate-meta-layouts":"default","ast-page-background-enabled":"default","ast-page-background-meta":{"desktop":{"background-color":"","background-image":"","background-repeat":"repeat","background-position":"center center","background-size":"auto","background-attachment":"scroll","background-type":"","background-media":"","overlay-type":"","overlay-color":"","overlay-opacity":"","overlay-gradient":""},"tablet":{"background-color":"","background-image":"","background-repeat":"repeat","background-position":"center center","background-size":"auto","background-attachment":"scroll","background-type":"","background-media":"","overlay-type":"","overlay-color":"","overlay-opacity":"","overlay-gradient":""},"mobile":{"background-color":"","background-image":"","background-repeat":"repeat","background-position":"center center","background-size":"auto","background-attachment":"scroll","background-type":"","background-media":"","overlay-type":"","overlay-color":"","overlay-opacity":"","overlay-gradient":""}},"ast-content-background-meta":{"desktop":{"background-color":"var(--ast-global-color-5)","background-image":"","background-repeat":"repeat","background-position":"center center","background-size":"auto","background-attachment":"scroll","background-type":"","background-media":"","overlay-type":"","overlay-color":"","overlay-opacity":"","overlay-gradient":""},"tablet":{"background-color":"var(--ast-global-color-5)","background-image":"","background-repeat":"repeat","background-position":"center center","background-size":"auto","background-attachment":"scroll","background-type":"","background-media":"","overlay-type":"","overlay-color":"","overlay-opacity":"","overlay-gradient":""},"mobile":{"background-color":"var(--ast-global-color-5)","background-image":"","background-repeat":"repeat","background-position":"center center","background-size":"auto","background-attachment":"scroll","background-type":"","background-media":"","overlay-type":"","overlay-color":"","overlay-opacity":"","overlay-gradient":""}},"footnotes":""},"class_list":["post-2977","page","type-page","status-publish","hentry"],"uagb_featured_image_src":{"full":false,"thumbnail":false,"medium":false,"medium_large":false,"large":false,"1536x1536":false,"2048x2048":false},"uagb_author_info":{"display_name":"raisissoftware.admin","author_link":"https:\/\/e-locum.eu\/ro\/author\/raisissoftware-admin\/"},"uagb_comment_info":0,"uagb_excerpt":"Raportul nr. 1 Frica f\u0103r\u0103 frontiere?Cum se aliniaz\u0103 populismul de dreapta\u00een \u00eencadrarea eficient\u0103 a migra\u021bieica o amenin\u021bare la adresa securit\u0103\u021bii \u00een Austria \u0219i Slovenia Click aiciRaportul nr. 2 Ce am \u00een geant\u0103? (Comitetul Interna\u021bional de Salvare) Click aiciRaportul nr. 3 RAPORTUL MIGRA\u021aIEI MONDIAL2024 Click aici Rapoarte slovene disponibile: Click aici","_links":{"self":[{"href":"https:\/\/e-locum.eu\/ro\/wp-json\/wp\/v2\/pages\/2977","targetHints":{"allow":["GET"]}}],"collection":[{"href":"https:\/\/e-locum.eu\/ro\/wp-json\/wp\/v2\/pages"}],"about":[{"href":"https:\/\/e-locum.eu\/ro\/wp-json\/wp\/v2\/types\/page"}],"author":[{"embeddable":true,"href":"https:\/\/e-locum.eu\/ro\/wp-json\/wp\/v2\/users\/1"}],"replies":[{"embeddable":true,"href":"https:\/\/e-locum.eu\/ro\/wp-json\/wp\/v2\/comments?post=2977"}],"version-history":[{"count":3,"href":"https:\/\/e-locum.eu\/ro\/wp-json\/wp\/v2\/pages\/2977\/revisions"}],"predecessor-version":[{"id":2980,"href":"https:\/\/e-locum.eu\/ro\/wp-json\/wp\/v2\/pages\/2977\/revisions\/2980"}],"wp:attachment":[{"href":"https:\/\/e-locum.eu\/ro\/wp-json\/wp\/v2\/media?parent=2977"}],"curies":[{"name":"wp","href":"https:\/\/api.w.org\/{rel}","templated":true}]}}