{"id":2975,"date":"2024-07-16T08:22:48","date_gmt":"2024-07-16T08:22:48","guid":{"rendered":"https:\/\/e-locum.eu\/reves\/"},"modified":"2025-12-18T13:43:08","modified_gmt":"2025-12-18T13:43:08","slug":"reves","status":"publish","type":"page","link":"https:\/\/e-locum.eu\/ro\/reves\/","title":{"rendered":"Reves"},"content":{"rendered":"\t\t<div data-elementor-type=\"wp-post\" data-elementor-id=\"2975\" class=\"elementor elementor-2975 elementor-1727\" data-elementor-post-type=\"page\">\n\t\t\t\t<div class=\"elementor-element elementor-element-qa2xtqv e-flex e-con-boxed e-con e-parent\" data-id=\"qa2xtqv\" data-element_type=\"container\" data-e-type=\"container\" data-settings=\"{&quot;background_background&quot;:&quot;classic&quot;}\">\n\t\t\t\t\t<div class=\"e-con-inner\">\n\t\t<div class=\"elementor-element elementor-element-c1b36fd e-con-full animated-slow e-flex elementor-invisible e-con e-child\" data-id=\"c1b36fd\" data-element_type=\"container\" data-e-type=\"container\" data-settings=\"{&quot;background_background&quot;:&quot;classic&quot;,&quot;animation&quot;:&quot;zoomIn&quot;}\">\n\t\t\t\t<div class=\"elementor-element elementor-element-c04ee8a elementor-widget elementor-widget-heading\" data-id=\"c04ee8a\" data-element_type=\"widget\" data-e-type=\"widget\" data-widget_type=\"heading.default\">\n\t\t\t\t<div class=\"elementor-widget-container\">\n\t\t\t\t\t<h2 class=\"elementor-heading-title elementor-size-default\">Reves<\/h2>\t\t\t\t<\/div>\n\t\t\t\t<\/div>\n\t\t\t\t<div class=\"elementor-element elementor-element-e55af1c elementor-widget elementor-widget-text-editor\" data-id=\"e55af1c\" data-element_type=\"widget\" data-e-type=\"widget\" data-widget_type=\"text-editor.default\">\n\t\t\t\t<div class=\"elementor-widget-container\">\n\t\t\t\t\t\t\t\t\t<p>Re\u021beaua european\u0103 a ora\u0219elor \u0219i regiunilor economiei sociale AISBL<strong> (Belgia)<\/strong><\/p>\n<div id=\"gtx-trans\" style=\"position: absolute; left: 485px; top: 45px;\">\n<div class=\"gtx-trans-icon\"><\/div>\n<p><\/div>\n\t\t\t\t\t\t\t\t<\/div>\n\t\t\t\t<\/div>\n\t\t\t\t<div class=\"elementor-element elementor-element-330149b elementor-widget elementor-widget-image\" data-id=\"330149b\" data-element_type=\"widget\" data-e-type=\"widget\" data-widget_type=\"image.default\">\n\t\t\t\t<div class=\"elementor-widget-container\">\n\t\t\t\t\t\t\t\t\t\t\t\t\t\t\t<img fetchpriority=\"high\" decoding=\"async\" width=\"1000\" height=\"662\" src=\"https:\/\/e-locum.eu\/wp-content\/uploads\/2024\/07\/REVES-transformed-min.png\" class=\"attachment-large size-large wp-image-2972\" alt=\"\" srcset=\"https:\/\/e-locum.eu\/wp-content\/uploads\/2024\/07\/REVES-transformed-min.png 1000w, https:\/\/e-locum.eu\/wp-content\/uploads\/2024\/07\/REVES-transformed-min-300x199.png 300w, https:\/\/e-locum.eu\/wp-content\/uploads\/2024\/07\/REVES-transformed-min-768x508.png 768w\" sizes=\"(max-width: 1000px) 100vw, 1000px\" \/>\t\t\t\t\t\t\t\t\t\t\t\t\t\t\t<\/div>\n\t\t\t\t<\/div>\n\t\t\t\t<\/div>\n\t\t<div class=\"elementor-element elementor-element-1009169 e-con-full e-flex e-con e-child\" data-id=\"1009169\" data-element_type=\"container\" data-e-type=\"container\">\n\t\t\t\t<\/div>\n\t\t\t\t\t<\/div>\n\t\t\t\t<\/div>\n\t\t<div class=\"elementor-element elementor-element-bfc5512 e-flex e-con-boxed e-con e-parent\" data-id=\"bfc5512\" data-element_type=\"container\" data-e-type=\"container\">\n\t\t\t\t\t<div class=\"e-con-inner\">\n\t\t\t\t<div class=\"elementor-element elementor-element-64ca386 elementor-widget-divider--view-line_text elementor-widget-divider--element-align-left elementor-widget elementor-widget-divider\" data-id=\"64ca386\" data-element_type=\"widget\" data-e-type=\"widget\" data-widget_type=\"divider.default\">\n\t\t\t\t<div class=\"elementor-widget-container\">\n\t\t\t\t\t\t\t<div class=\"elementor-divider\">\n\t\t\t<span class=\"elementor-divider-separator\">\n\t\t\t\t\t\t\t<span class=\"elementor-divider__text elementor-divider__element\">\n\t\t\t\tDESPRE\t\t\t\t<\/span>\n\t\t\t\t\t\t<\/span>\n\t\t<\/div>\n\t\t\t\t\t\t<\/div>\n\t\t\t\t<\/div>\n\t\t<div class=\"elementor-element elementor-element-0337bfb e-con-full e-flex e-con e-child\" data-id=\"0337bfb\" data-element_type=\"container\" data-e-type=\"container\">\n\t\t\t\t<div class=\"elementor-element elementor-element-cdb051e elementor-widget elementor-widget-text-editor\" data-id=\"cdb051e\" data-element_type=\"widget\" data-e-type=\"widget\" data-widget_type=\"text-editor.default\">\n\t\t\t\t<div class=\"elementor-widget-container\">\n\t\t\t\t\t\t\t\t\t<p><span style=\"font-weight: 400;\">REVES este o re\u021bea social\u0103 pentru inovare at\u00e2t \u00een \u200b\u200bceea ce prive\u0219te metodele, c\u00e2t \u0219i procedurile, bazat\u0103 pe co-construc\u021bie \u0219i pe capacit\u0103\u021bile comune ale membrilor s\u0103i \u0219i ale teritoriilor acestora. Aceasta desf\u0103\u0219oar\u0103 activit\u0103\u021bi care vizeaz\u0103 dezvoltarea de modele de economie social\u0103, pentru o societate european\u0103 sustenabil\u0103, echitabil\u0103 \u0219i participativ\u0103.<\/span><\/p>\n<p><span style=\"font-weight: 400;\">Unul dintre instrumentele principale utilizate de REVES pentru urm\u0103rirea acestui obiectiv este organizarea de activit\u0103\u021bi de \u00eenv\u0103\u021bare reciproc\u0103 \u0219i de schimb \u00eentre parteneriatele teritoriale. Mai mult, este singura organiza\u021bie european\u0103 bazat\u0103 pe un parteneriat \u00eentre autorit\u0103\u021bile locale \u0219i regionale \u0219i organiza\u021biile economiei sociale teritoriale. Membrii REVES sunt autorit\u0103\u021bi locale sau organiza\u021bii ale economiei sociale care dezvolt\u0103 \u00een prezent sau sunt dispuse s\u0103 dezvolte politici pentru a promova o economie bazat\u0103 pe solidaritate \u0219i o societate mai echitabil\u0103, incluziv\u0103, participativ\u0103 \u0219i responsabil\u0103.<\/span><\/p>\n<p><span style=\"font-weight: 400;\">Din 1996, \u00eempreun\u0103 cu membrii s\u0103i, a dezvoltat, a \u00eemp\u0103rt\u0103\u0219it \u0219i a propus politici de parteneriat pentru a promova centralitatea nivelului regional \u0219i local \u00een construc\u021bia european\u0103. Membrii s\u0103i provin din 13 state membre ale UE \u0219i coopereaz\u0103 activ cu Parlamentul European, Comisia (REVES face parte din grupurile de exper\u021bi GECES \u0219i ESIF-SD ale CE)<\/p>\n<p><span style=\"font-weight: 400;\">\u0219i particip\u0103 la dialogul structurat cu DG EMPL), Comitetul European al Regiunilor \u0219i Comitetul Economic \u0219i Social European.<\/span><\/p>\n<p><span style=\"font-weight: 400;\">\u00cen plus, REVES este membru fondator al Social Economy Europe \u0219i este un partener pentru toate organiza\u021biile societ\u0103\u021bii civile din UE care \u00eemp\u0103rt\u0103\u0219esc \u0219i urm\u0103resc o viziune a unei societ\u0103\u021bi durabile \u0219i echitabile.<\/span><\/p>\n<p><span style=\"font-weight: 400;\">REVES este, de asemenea, partener al alian\u021bei UE pentru competen\u021be \u00een domeniul proximit\u0103\u021bii \u0219i al sectorului economiei sociale.<\/span><\/p>\n<p><span style=\"font-weight: 400;\">\u00cen ultimii ani, REVES a participat sau a co-condus opera\u021biuni \u00een cadrul programului COSME \u0219i \u00een cadrul Ac\u021biunii Globale pentru Economia Social\u0103 a OCDE \u0219i a fost constant activ\u0103 \u00een&#8230; Ini\u021biative finan\u021bate de ERASMUS+ din 2014.<\/span><\/p>\n<p><span style=\"font-weight: 400;\">Site web: <\/span><a href=\"https:\/\/www.revesnetwork.eu\/\" target=\"_blank\" rel=\"noopener\"><span style=\"font-weight: 400;\">Re\u021beaua REVES \u2013 Re\u021beaua European\u0103 a Ora\u0219elor \u0219i Regiunilor pentru economia social\u0103<\/span><\/a><\/p>\n\t\t\t\t\t\t\t\t<\/div>\n\t\t\t\t<\/div>\n\t\t\t\t<\/div>\n\t\t\t\t\t<\/div>\n\t\t\t\t<\/div>\n\t\t\t\t<\/div>\n\t\t","protected":false},"excerpt":{"rendered":"<p>Reves Re\u021beaua european\u0103 a ora\u0219elor \u0219i regiunilor economiei sociale AISBL (Belgia) DESPRE REVES este o re\u021bea social\u0103 pentru inovare at\u00e2t \u00een \u200b\u200bceea ce prive\u0219te metodele, c\u00e2t \u0219i procedurile, bazat\u0103 pe co-construc\u021bie \u0219i pe capacit\u0103\u021bile comune ale membrilor s\u0103i \u0219i ale teritoriilor acestora. Aceasta desf\u0103\u0219oar\u0103 activit\u0103\u021bi care vizeaz\u0103 dezvoltarea de modele de economie social\u0103, pentru o [&hellip;]<\/p>\n","protected":false},"author":1,"featured_media":0,"parent":0,"menu_order":0,"comment_status":"closed","ping_status":"closed","template":"","meta":{"_uag_custom_page_level_css":"","site-sidebar-layout":"no-sidebar","site-content-layout":"page-builder","ast-site-content-layout":"full-width-container","site-content-style":"unboxed","site-sidebar-style":"unboxed","ast-global-header-display":"","ast-banner-title-visibility":"","ast-main-header-display":"","ast-hfb-above-header-display":"","ast-hfb-below-header-display":"","ast-hfb-mobile-header-display":"","site-post-title":"disabled","ast-breadcrumbs-content":"","ast-featured-img":"disabled","footer-sml-layout":"","ast-disable-related-posts":"","theme-transparent-header-meta":"default","adv-header-id-meta":"","stick-header-meta":"","header-above-stick-meta":"","header-main-stick-meta":"","header-below-stick-meta":"","astra-migrate-meta-layouts":"default","ast-page-background-enabled":"default","ast-page-background-meta":{"desktop":{"background-color":"","background-image":"","background-repeat":"repeat","background-position":"center center","background-size":"auto","background-attachment":"scroll","background-type":"","background-media":"","overlay-type":"","overlay-color":"","overlay-opacity":"","overlay-gradient":""},"tablet":{"background-color":"","background-image":"","background-repeat":"repeat","background-position":"center center","background-size":"auto","background-attachment":"scroll","background-type":"","background-media":"","overlay-type":"","overlay-color":"","overlay-opacity":"","overlay-gradient":""},"mobile":{"background-color":"","background-image":"","background-repeat":"repeat","background-position":"center center","background-size":"auto","background-attachment":"scroll","background-type":"","background-media":"","overlay-type":"","overlay-color":"","overlay-opacity":"","overlay-gradient":""}},"ast-content-background-meta":{"desktop":{"background-color":"var(--ast-global-color-5)","background-image":"","background-repeat":"repeat","background-position":"center center","background-size":"auto","background-attachment":"scroll","background-type":"","background-media":"","overlay-type":"","overlay-color":"","overlay-opacity":"","overlay-gradient":""},"tablet":{"background-color":"var(--ast-global-color-5)","background-image":"","background-repeat":"repeat","background-position":"center center","background-size":"auto","background-attachment":"scroll","background-type":"","background-media":"","overlay-type":"","overlay-color":"","overlay-opacity":"","overlay-gradient":""},"mobile":{"background-color":"var(--ast-global-color-5)","background-image":"","background-repeat":"repeat","background-position":"center center","background-size":"auto","background-attachment":"scroll","background-type":"","background-media":"","overlay-type":"","overlay-color":"","overlay-opacity":"","overlay-gradient":""}},"footnotes":""},"class_list":["post-2975","page","type-page","status-publish","hentry"],"uagb_featured_image_src":{"full":false,"thumbnail":false,"medium":false,"medium_large":false,"large":false,"1536x1536":false,"2048x2048":false},"uagb_author_info":{"display_name":"raisissoftware.admin","author_link":"https:\/\/e-locum.eu\/ro\/author\/raisissoftware-admin\/"},"uagb_comment_info":0,"uagb_excerpt":"Reves Re\u021beaua european\u0103 a ora\u0219elor \u0219i regiunilor economiei sociale AISBL (Belgia) DESPRE REVES este o re\u021bea social\u0103 pentru inovare at\u00e2t \u00een \u200b\u200bceea ce prive\u0219te metodele, c\u00e2t \u0219i procedurile, bazat\u0103 pe co-construc\u021bie \u0219i pe capacit\u0103\u021bile comune ale membrilor s\u0103i \u0219i ale teritoriilor acestora. Aceasta desf\u0103\u0219oar\u0103 activit\u0103\u021bi care vizeaz\u0103 dezvoltarea de modele de economie social\u0103, pentru o&hellip;","_links":{"self":[{"href":"https:\/\/e-locum.eu\/ro\/wp-json\/wp\/v2\/pages\/2975","targetHints":{"allow":["GET"]}}],"collection":[{"href":"https:\/\/e-locum.eu\/ro\/wp-json\/wp\/v2\/pages"}],"about":[{"href":"https:\/\/e-locum.eu\/ro\/wp-json\/wp\/v2\/types\/page"}],"author":[{"embeddable":true,"href":"https:\/\/e-locum.eu\/ro\/wp-json\/wp\/v2\/users\/1"}],"replies":[{"embeddable":true,"href":"https:\/\/e-locum.eu\/ro\/wp-json\/wp\/v2\/comments?post=2975"}],"version-history":[{"count":1,"href":"https:\/\/e-locum.eu\/ro\/wp-json\/wp\/v2\/pages\/2975\/revisions"}],"predecessor-version":[{"id":2976,"href":"https:\/\/e-locum.eu\/ro\/wp-json\/wp\/v2\/pages\/2975\/revisions\/2976"}],"wp:attachment":[{"href":"https:\/\/e-locum.eu\/ro\/wp-json\/wp\/v2\/media?parent=2975"}],"curies":[{"name":"wp","href":"https:\/\/api.w.org\/{rel}","templated":true}]}}