{"id":2969,"date":"2024-07-16T08:23:14","date_gmt":"2024-07-16T08:23:14","guid":{"rendered":"https:\/\/e-locum.eu\/sfe-cefec\/"},"modified":"2025-12-18T13:38:46","modified_gmt":"2025-12-18T13:38:46","slug":"sfe-cefec","status":"publish","type":"page","link":"https:\/\/e-locum.eu\/ro\/sfe-cefec\/","title":{"rendered":"SFE CEFEC"},"content":{"rendered":"\t\t<div data-elementor-type=\"wp-post\" data-elementor-id=\"2969\" class=\"elementor elementor-2969 elementor-1728\" data-elementor-post-type=\"page\">\n\t\t\t\t<div class=\"elementor-element elementor-element-qa2xtqv e-flex e-con-boxed e-con e-parent\" data-id=\"qa2xtqv\" data-element_type=\"container\" data-e-type=\"container\" data-settings=\"{&quot;background_background&quot;:&quot;classic&quot;}\">\n\t\t\t\t\t<div class=\"e-con-inner\">\n\t\t<div class=\"elementor-element elementor-element-c1b36fd e-con-full animated-slow e-flex elementor-invisible e-con e-child\" data-id=\"c1b36fd\" data-element_type=\"container\" data-e-type=\"container\" data-settings=\"{&quot;background_background&quot;:&quot;classic&quot;,&quot;animation&quot;:&quot;zoomIn&quot;}\">\n\t\t\t\t<div class=\"elementor-element elementor-element-c04ee8a elementor-widget elementor-widget-heading\" data-id=\"c04ee8a\" data-element_type=\"widget\" data-e-type=\"widget\" data-widget_type=\"heading.default\">\n\t\t\t\t<div class=\"elementor-widget-container\">\n\t\t\t\t\t<h2 class=\"elementor-heading-title elementor-size-default\">SFE CEFEC<\/h2>\t\t\t\t<\/div>\n\t\t\t\t<\/div>\n\t\t\t\t<div class=\"elementor-element elementor-element-e55af1c elementor-widget elementor-widget-text-editor\" data-id=\"e55af1c\" data-element_type=\"widget\" data-e-type=\"widget\" data-widget_type=\"text-editor.default\">\n\t\t\t\t<div class=\"elementor-widget-container\">\n\t\t\t\t\t\t\t\t\t<p><span style=\"font-weight: 400;\">Confedera\u021bia Firmelor Europene, Ini\u021biativelor pentru Ocuparea For\u021bei de Munc\u0103 \u0219i Cooperativelor<\/span><b>(Belgia)<\/b><\/p>\n\t\t\t\t\t\t\t\t<\/div>\n\t\t\t\t<\/div>\n\t\t\t\t<div class=\"elementor-element elementor-element-330149b elementor-widget elementor-widget-image\" data-id=\"330149b\" data-element_type=\"widget\" data-e-type=\"widget\" data-widget_type=\"image.default\">\n\t\t\t\t<div class=\"elementor-widget-container\">\n\t\t\t\t\t\t\t\t\t\t\t\t\t\t\t<img fetchpriority=\"high\" decoding=\"async\" width=\"1000\" height=\"333\" src=\"https:\/\/e-locum.eu\/wp-content\/uploads\/2024\/07\/Social-Firms-Europe-CEFEC-logo-min-2-e1721111666108.png\" class=\"attachment-large size-large wp-image-2962\" alt=\"\" srcset=\"https:\/\/e-locum.eu\/wp-content\/uploads\/2024\/07\/Social-Firms-Europe-CEFEC-logo-min-2-e1721111666108.png 1000w, https:\/\/e-locum.eu\/wp-content\/uploads\/2024\/07\/Social-Firms-Europe-CEFEC-logo-min-2-e1721111666108-300x100.png 300w, https:\/\/e-locum.eu\/wp-content\/uploads\/2024\/07\/Social-Firms-Europe-CEFEC-logo-min-2-e1721111666108-768x256.png 768w\" sizes=\"(max-width: 1000px) 100vw, 1000px\" \/>\t\t\t\t\t\t\t\t\t\t\t\t\t\t\t<\/div>\n\t\t\t\t<\/div>\n\t\t\t\t<\/div>\n\t\t<div class=\"elementor-element elementor-element-1009169 e-con-full e-flex e-con e-child\" data-id=\"1009169\" data-element_type=\"container\" data-e-type=\"container\">\n\t\t\t\t<\/div>\n\t\t\t\t\t<\/div>\n\t\t\t\t<\/div>\n\t\t<div class=\"elementor-element elementor-element-bfc5512 e-flex e-con-boxed e-con e-parent\" data-id=\"bfc5512\" data-element_type=\"container\" data-e-type=\"container\">\n\t\t\t\t\t<div class=\"e-con-inner\">\n\t\t\t\t<div class=\"elementor-element elementor-element-64ca386 elementor-widget-divider--view-line_text elementor-widget-divider--element-align-left elementor-widget elementor-widget-divider\" data-id=\"64ca386\" data-element_type=\"widget\" data-e-type=\"widget\" data-widget_type=\"divider.default\">\n\t\t\t\t<div class=\"elementor-widget-container\">\n\t\t\t\t\t\t\t<div class=\"elementor-divider\">\n\t\t\t<span class=\"elementor-divider-separator\">\n\t\t\t\t\t\t\t<span class=\"elementor-divider__text elementor-divider__element\">\n\t\t\t\tDESPRE\t\t\t\t<\/span>\n\t\t\t\t\t\t<\/span>\n\t\t<\/div>\n\t\t\t\t\t\t<\/div>\n\t\t\t\t<\/div>\n\t\t<div class=\"elementor-element elementor-element-0337bfb e-con-full e-flex e-con e-child\" data-id=\"0337bfb\" data-element_type=\"container\" data-e-type=\"container\">\n\t\t\t\t<div class=\"elementor-element elementor-element-cdb051e elementor-widget elementor-widget-text-editor\" data-id=\"cdb051e\" data-element_type=\"widget\" data-e-type=\"widget\" data-widget_type=\"text-editor.default\">\n\t\t\t\t<div class=\"elementor-widget-container\">\n\t\t\t\t\t\t\t\t\t<p><span style=\"font-weight: 400;\">Social Firms Europe CEFEC este o re\u021bea participativ\u0103 \u0219i integratoare, care lucreaz\u0103 \u00een toate statele membre ale UE pentru a promova modelul Firmelor Sociale \u0219i al cooperativelor sociale la nivel european, na\u021bional \u0219i regional.<\/span><\/p>\n<p><span style=\"font-weight: 400;\">Misiunea SFE CEFEC este de a ini\u021bia \u0219i stimula orice dezvoltare de cooperative, firme sociale \u0219i \u00eentreprinderi sociale sau orice ini\u021biativ\u0103 de economie social\u0103 care sprijin\u0103 reabilitarea, formarea \u0219i angajarea persoanelor care se confrunt\u0103 cu probleme de s\u0103n\u0103tate mintal\u0103, dizabilit\u0103\u021bi sau alte vulnerabilit\u0103\u021bi \u0219i, prin urmare, sufer\u0103 de excluziune social\u0103.<\/span><\/p>\n<p><span style=\"font-weight: 400;\">Social Firms Europe CEFEC exist\u0103 de peste 35 de ani. Este o re\u021bea bine stabilit\u0103 \u0219i respectat\u0103, care are urm\u0103toarea VIZIUNE: firmele sociale \u0219i cooperativele sociale se afl\u0103 \u00een fiecare ora\u0219 \u0219i \u021bar\u0103 european\u0103. Prin conducerea acestei mi\u0219c\u0103ri, Social Firms Europe CEFEC ajut\u0103 persoanele care altfel se confrunt\u0103 cu stigmatizare \u0219i discriminare s\u0103 dep\u0103\u0219easc\u0103 excluziunea social\u0103 \u0219i economic\u0103 prin angajare.<\/span><\/p>\n<p>\u00a0<\/p>\n<p><span style=\"font-weight: 400;\">Pentru a putea \u00eendeplini viziunea \u0219i declara\u021biile de misiune descrise mai sus, Social Firms Europe CEFEC are urm\u0103toarele scopuri \u0219i obiective:<\/span><\/p>\n<ol>\n<li><span style=\"font-weight: 400;\"> S\u0103 creasc\u0103 nivelul de \u00een\u021belegere \u0219i s\u0103 creasc\u0103 profilul Firmelor Sociale \u0219i al cooperativelor sociale din \u00eentreaga Europ\u0103<\/span><\/li>\n<li><span style=\"font-weight: 400;\"> S\u0103 construiasc\u0103 \u0219i s\u0103 men\u021bin\u0103 rela\u021bii \u0219i comunic\u0103ri cu principalele partide politice de la nivelul UE pentru a le \u00eembun\u0103t\u0103\u021bi gradul de con\u0219tientizare cu privire la Firmele Sociale<\/span><\/li>\n<li><span style=\"font-weight: 400;\"> S\u0103 utilizeze \u0219i s\u0103 se bazeze pe cercet\u0103rile existente (de exemplu, Apelul Linz) pentru a crea o baz\u0103 de dovezi \u0219i o politic\u0103 de lobby la nivel european \u0219i na\u021bional<\/span><\/li>\n<li><span style=\"font-weight: 400;\"> S\u0103 asigure o promovare larg\u0103 c\u0103tre un public mai larg al conferin\u021bei anuale \u0219i con\u021binut care cre\u0219te gradul de con\u0219tientizare<\/span><\/li>\n<li><span style=\"font-weight: 400;\"> Folosi\u021bi premiul Firma Social\u0103 European\u0103 a Anului pentru a cre\u0219te publicitatea, a inspira implicarea \u0219i a cre\u0219te gradul de con\u0219tientizare cu privire la modelul Firmei Sociale<\/span><\/li>\n<li><span style=\"font-weight: 400;\"> \u00cencuraja\u021bi membrii s\u0103 se asocieze \u00een proiecte care includ o contribu\u021bie financiar\u0103 la Social Firms Europe CEFEC<\/span><\/li>\n<li><span style=\"font-weight: 400;\"> Identifica\u021bi \u0219i aplica\u021bi pentru proiecte UE care se potrivesc, completeaz\u0103 \u0219i se bazeaz\u0103 pe misiunea principal\u0103 a Social Firms Europe CEFEC<\/span><\/li>\n<li><span style=\"font-weight: 400;\"> Lua\u021bi \u00een considerare \u0219i construi\u021bi oportunit\u0103\u021bi de parteneriat strategic care s\u0103 contribuie la obiectivul de sustenabilitate al re\u021belei<\/span><\/li>\n<\/ol>\n<p>\u00a0<\/p>\n<p><span style=\"font-weight: 400;\">Social Firms Europe CEFEC are 80 de membri din 28 de \u021b\u0103ri din Europa \u0219i Asia, peste 1500 de profesioni\u0219ti care lucreaz\u0103 \u00een domeniul incluziunii sociale \u0219i al economiei sociale \u0219i peste 200.000 de beneficiari finali ai locurilor de munc\u0103 angaja\u021bi de membrii SFE CEFEC.<\/span><\/p>\n<p>\u00a0<\/p>\n<p><span style=\"font-weight: 400;\">Site web: <\/span><a href=\"https:\/\/socialfirmseurope.eu\/\" target=\"_blank\" rel=\"noopener\"><span style=\"font-weight: 400;\">Social Firms Europe \u2013 Re\u021bea european\u0103 de organiza\u021bii care au ca obiectiv comun crearea de locuri de munc\u0103 pl\u0103tite pentru persoanele cu dizabilit\u0103\u021bi \u0219i persoanele defavorizate.<\/span><\/a><span style=\"font-weight: 400;\">\u00a0<\/span><\/p>\n\t\t\t\t\t\t\t\t<\/div>\n\t\t\t\t<\/div>\n\t\t\t\t<\/div>\n\t\t\t\t\t<\/div>\n\t\t\t\t<\/div>\n\t\t\t\t<\/div>\n\t\t","protected":false},"excerpt":{"rendered":"<p>SFE CEFEC Confedera\u021bia Firmelor Europene, Ini\u021biativelor pentru Ocuparea For\u021bei de Munc\u0103 \u0219i Cooperativelor(Belgia) DESPRE Social Firms Europe CEFEC este o re\u021bea participativ\u0103 \u0219i integratoare, care lucreaz\u0103 \u00een toate statele membre ale UE pentru a promova modelul Firmelor Sociale \u0219i al cooperativelor sociale la nivel european, na\u021bional \u0219i regional. Misiunea SFE CEFEC este de a ini\u021bia [&hellip;]<\/p>\n","protected":false},"author":1,"featured_media":0,"parent":0,"menu_order":0,"comment_status":"closed","ping_status":"closed","template":"","meta":{"_uag_custom_page_level_css":"","site-sidebar-layout":"no-sidebar","site-content-layout":"page-builder","ast-site-content-layout":"full-width-container","site-content-style":"unboxed","site-sidebar-style":"unboxed","ast-global-header-display":"","ast-banner-title-visibility":"","ast-main-header-display":"","ast-hfb-above-header-display":"","ast-hfb-below-header-display":"","ast-hfb-mobile-header-display":"","site-post-title":"disabled","ast-breadcrumbs-content":"","ast-featured-img":"disabled","footer-sml-layout":"","ast-disable-related-posts":"","theme-transparent-header-meta":"default","adv-header-id-meta":"","stick-header-meta":"","header-above-stick-meta":"","header-main-stick-meta":"","header-below-stick-meta":"","astra-migrate-meta-layouts":"default","ast-page-background-enabled":"default","ast-page-background-meta":{"desktop":{"background-color":"","background-image":"","background-repeat":"repeat","background-position":"center center","background-size":"auto","background-attachment":"scroll","background-type":"","background-media":"","overlay-type":"","overlay-color":"","overlay-opacity":"","overlay-gradient":""},"tablet":{"background-color":"","background-image":"","background-repeat":"repeat","background-position":"center center","background-size":"auto","background-attachment":"scroll","background-type":"","background-media":"","overlay-type":"","overlay-color":"","overlay-opacity":"","overlay-gradient":""},"mobile":{"background-color":"","background-image":"","background-repeat":"repeat","background-position":"center center","background-size":"auto","background-attachment":"scroll","background-type":"","background-media":"","overlay-type":"","overlay-color":"","overlay-opacity":"","overlay-gradient":""}},"ast-content-background-meta":{"desktop":{"background-color":"var(--ast-global-color-5)","background-image":"","background-repeat":"repeat","background-position":"center center","background-size":"auto","background-attachment":"scroll","background-type":"","background-media":"","overlay-type":"","overlay-color":"","overlay-opacity":"","overlay-gradient":""},"tablet":{"background-color":"var(--ast-global-color-5)","background-image":"","background-repeat":"repeat","background-position":"center center","background-size":"auto","background-attachment":"scroll","background-type":"","background-media":"","overlay-type":"","overlay-color":"","overlay-opacity":"","overlay-gradient":""},"mobile":{"background-color":"var(--ast-global-color-5)","background-image":"","background-repeat":"repeat","background-position":"center center","background-size":"auto","background-attachment":"scroll","background-type":"","background-media":"","overlay-type":"","overlay-color":"","overlay-opacity":"","overlay-gradient":""}},"footnotes":""},"class_list":["post-2969","page","type-page","status-publish","hentry"],"uagb_featured_image_src":{"full":false,"thumbnail":false,"medium":false,"medium_large":false,"large":false,"1536x1536":false,"2048x2048":false},"uagb_author_info":{"display_name":"raisissoftware.admin","author_link":"https:\/\/e-locum.eu\/ro\/author\/raisissoftware-admin\/"},"uagb_comment_info":0,"uagb_excerpt":"SFE CEFEC Confedera\u021bia Firmelor Europene, Ini\u021biativelor pentru Ocuparea For\u021bei de Munc\u0103 \u0219i Cooperativelor(Belgia) DESPRE Social Firms Europe CEFEC este o re\u021bea participativ\u0103 \u0219i integratoare, care lucreaz\u0103 \u00een toate statele membre ale UE pentru a promova modelul Firmelor Sociale \u0219i al cooperativelor sociale la nivel european, na\u021bional \u0219i regional. Misiunea SFE CEFEC este de a ini\u021bia&hellip;","_links":{"self":[{"href":"https:\/\/e-locum.eu\/ro\/wp-json\/wp\/v2\/pages\/2969","targetHints":{"allow":["GET"]}}],"collection":[{"href":"https:\/\/e-locum.eu\/ro\/wp-json\/wp\/v2\/pages"}],"about":[{"href":"https:\/\/e-locum.eu\/ro\/wp-json\/wp\/v2\/types\/page"}],"author":[{"embeddable":true,"href":"https:\/\/e-locum.eu\/ro\/wp-json\/wp\/v2\/users\/1"}],"replies":[{"embeddable":true,"href":"https:\/\/e-locum.eu\/ro\/wp-json\/wp\/v2\/comments?post=2969"}],"version-history":[{"count":1,"href":"https:\/\/e-locum.eu\/ro\/wp-json\/wp\/v2\/pages\/2969\/revisions"}],"predecessor-version":[{"id":2970,"href":"https:\/\/e-locum.eu\/ro\/wp-json\/wp\/v2\/pages\/2969\/revisions\/2970"}],"wp:attachment":[{"href":"https:\/\/e-locum.eu\/ro\/wp-json\/wp\/v2\/media?parent=2969"}],"curies":[{"name":"wp","href":"https:\/\/api.w.org\/{rel}","templated":true}]}}