{"id":2957,"date":"2024-07-16T08:21:42","date_gmt":"2024-07-16T08:21:42","guid":{"rendered":"https:\/\/e-locum.eu\/wind-of-renewal\/"},"modified":"2025-12-18T13:36:11","modified_gmt":"2025-12-18T13:36:11","slug":"wind-of-renewal","status":"publish","type":"page","link":"https:\/\/e-locum.eu\/ro\/wind-of-renewal\/","title":{"rendered":"Wind of Renewal"},"content":{"rendered":"\t\t<div data-elementor-type=\"wp-post\" data-elementor-id=\"2957\" class=\"elementor elementor-2957 elementor-1724\" data-elementor-post-type=\"page\">\n\t\t\t\t<div class=\"elementor-element elementor-element-qa2xtqv e-flex e-con-boxed e-con e-parent\" data-id=\"qa2xtqv\" data-element_type=\"container\" data-e-type=\"container\" data-settings=\"{&quot;background_background&quot;:&quot;classic&quot;}\">\n\t\t\t\t\t<div class=\"e-con-inner\">\n\t\t<div class=\"elementor-element elementor-element-c1b36fd e-con-full animated-slow e-flex elementor-invisible e-con e-child\" data-id=\"c1b36fd\" data-element_type=\"container\" data-e-type=\"container\" data-settings=\"{&quot;background_background&quot;:&quot;classic&quot;,&quot;animation&quot;:&quot;zoomIn&quot;}\">\n\t\t\t\t<div class=\"elementor-element elementor-element-c04ee8a elementor-widget elementor-widget-heading\" data-id=\"c04ee8a\" data-element_type=\"widget\" data-e-type=\"widget\" data-widget_type=\"heading.default\">\n\t\t\t\t<div class=\"elementor-widget-container\">\n\t\t\t\t\t<h2 class=\"elementor-heading-title elementor-size-default\">Wind of Renewal<\/h2>\t\t\t\t<\/div>\n\t\t\t\t<\/div>\n\t\t\t\t<div class=\"elementor-element elementor-element-e55af1c elementor-widget elementor-widget-text-editor\" data-id=\"e55af1c\" data-element_type=\"widget\" data-e-type=\"widget\" data-widget_type=\"text-editor.default\">\n\t\t\t\t<div class=\"elementor-widget-container\">\n\t\t\t\t\t\t\t\t\t<p>\u00centreprindere cooperativ\u0103 social\u0103 Wind of Renewal cu beneficii colective \u0219i sociale <strong>(greac\u0103)<\/strong><\/p>\n\t\t\t\t\t\t\t\t<\/div>\n\t\t\t\t<\/div>\n\t\t\t\t<div class=\"elementor-element elementor-element-330149b elementor-widget elementor-widget-image\" data-id=\"330149b\" data-element_type=\"widget\" data-e-type=\"widget\" data-widget_type=\"image.default\">\n\t\t\t\t<div class=\"elementor-widget-container\">\n\t\t\t\t\t\t\t\t\t\t\t\t\t\t\t<img fetchpriority=\"high\" decoding=\"async\" width=\"1000\" height=\"1000\" src=\"https:\/\/e-locum.eu\/wp-content\/uploads\/2024\/07\/wind_of_renewal_logo-transformed-min-1.png\" class=\"attachment-large size-large wp-image-2956\" alt=\"\" srcset=\"https:\/\/e-locum.eu\/wp-content\/uploads\/2024\/07\/wind_of_renewal_logo-transformed-min-1.png 1000w, https:\/\/e-locum.eu\/wp-content\/uploads\/2024\/07\/wind_of_renewal_logo-transformed-min-1-300x300.png 300w, https:\/\/e-locum.eu\/wp-content\/uploads\/2024\/07\/wind_of_renewal_logo-transformed-min-1-150x150.png 150w, https:\/\/e-locum.eu\/wp-content\/uploads\/2024\/07\/wind_of_renewal_logo-transformed-min-1-768x768.png 768w\" sizes=\"(max-width: 1000px) 100vw, 1000px\" \/>\t\t\t\t\t\t\t\t\t\t\t\t\t\t\t<\/div>\n\t\t\t\t<\/div>\n\t\t\t\t<\/div>\n\t\t<div class=\"elementor-element elementor-element-1009169 e-con-full e-flex e-con e-child\" data-id=\"1009169\" data-element_type=\"container\" data-e-type=\"container\">\n\t\t\t\t<\/div>\n\t\t\t\t\t<\/div>\n\t\t\t\t<\/div>\n\t\t<div class=\"elementor-element elementor-element-bfc5512 e-flex e-con-boxed e-con e-parent\" data-id=\"bfc5512\" data-element_type=\"container\" data-e-type=\"container\">\n\t\t\t\t\t<div class=\"e-con-inner\">\n\t\t\t\t<div class=\"elementor-element elementor-element-64ca386 elementor-widget-divider--view-line_text elementor-widget-divider--element-align-left elementor-widget elementor-widget-divider\" data-id=\"64ca386\" data-element_type=\"widget\" data-e-type=\"widget\" data-widget_type=\"divider.default\">\n\t\t\t\t<div class=\"elementor-widget-container\">\n\t\t\t\t\t\t\t<div class=\"elementor-divider\">\n\t\t\t<span class=\"elementor-divider-separator\">\n\t\t\t\t\t\t\t<span class=\"elementor-divider__text elementor-divider__element\">\n\t\t\t\tDESPRE\t\t\t\t<\/span>\n\t\t\t\t\t\t<\/span>\n\t\t<\/div>\n\t\t\t\t\t\t<\/div>\n\t\t\t\t<\/div>\n\t\t<div class=\"elementor-element elementor-element-0337bfb e-con-full e-flex e-con e-child\" data-id=\"0337bfb\" data-element_type=\"container\" data-e-type=\"container\">\n\t\t\t\t<div class=\"elementor-element elementor-element-cdb051e elementor-widget elementor-widget-text-editor\" data-id=\"cdb051e\" data-element_type=\"widget\" data-e-type=\"widget\" data-widget_type=\"text-editor.default\">\n\t\t\t\t<div class=\"elementor-widget-container\">\n\t\t\t\t\t\t\t\t\t<p><span style=\"font-weight: 400;\">\u00centreprinderea social\u0103 greac\u0103 Wind of Renewal a fost \u00eenfiin\u021bat\u0103 \u00een 2014 pentru promovarea economiei responsabile de tip cooperativ social, a antreprenoriatului social, a economiei circulare verzi, a integr\u0103rii democra\u021biei \u0219i a drepturilor omului \u00een via\u021ba financiar\u0103 \u0219i social\u0103, precum \u0219i a inov\u0103rii eco-sociale.<\/span><\/p>\n<p><span style=\"font-weight: 400;\">Principalele sale domenii de interven\u021bie sunt:<\/span><\/p>\n<ul>\n<li><span style=\"font-weight: 400;\"> Cre\u0219terea gradului de con\u0219tientizare: Forumuri de antreprenoriat social \u00een Atena \u0219i alte ora\u0219e (2014-2017), Seminarii privind planificarea tranzi\u021biei c\u0103tre ora\u0219e eficiente din punct de vedere energetic, Ateliere despre cooperativele energetice \u00een \u0219coli;<\/span><\/li>\n<li><span style=\"font-weight: 400;\"> Consolidarea capacit\u0103\u021bilor autorit\u0103\u021bilor publice \u0219i ale actorilor sociali privind sustenabilitatea eco-social\u0103 (2015);<\/span><\/li>\n<li><span style=\"font-weight: 400;\"> Servicii de consultan\u021b\u0103 \u0219i sprijin pentru ini\u021biativele de jos \u00een sus;<\/span><\/li>\n<li><span style=\"font-weight: 400;\"> Cercetare\/Politic\u0103: document de politici privind s\u0103r\u0103cia energetic\u0103 \u00een Grecia, Propuneri de inovare social\u0103 pentru abordarea fenomenului (2017), document de politici privind dezvoltarea regional\u0103 verde (2015);<\/span><\/li>\n<li><span style=\"font-weight: 400;\"> Servicii de primire \u0219i integrare a refugia\u021bilor: locuin\u021be, emancipare, incluziune social\u0103;<\/span><\/li>\n<li><span style=\"font-weight: 400;\"> Crearea de re\u021bele \u0219i partajarea celor mai bune practici la nivel local, na\u021bional \u0219i european.<\/span><\/li>\n<\/ul>\n<p><span style=\"font-weight: 400;\">Printre altele, \u00een septembrie 2016, Wind of Renewal a implementat Proiectul Welcommon, \u00een cooperare cu Agen\u021bia de Dezvoltare \u0219i Management al Destina\u021biei din Atena (EATA) \u0219i UNHCR, care a creat un centru comunitar model pentru g\u0103zduirea \u0219i promovarea incluziunii sociale a refugia\u021bilor. Hostelul WELCOMMON nu este doar o cazare de \u00eenalt\u0103 calitate pentru turismul sustenabil, ci \u0219i locul de desf\u0103\u0219urare a numeroase activit\u0103\u021bi organizate chiar de oaspe\u021bi, pentru educa\u021bie non-formal\u0103 \u0219i incluziune social\u0103 a refugia\u021bilor.<\/span><\/p>\n<p>\u00a0<\/p>\n<p><span style=\"font-weight: 400;\">Site web: <\/span><a href=\"https:\/\/anemosananeosis.gr\/en\/main-page-en-2\/\" target=\"_blank\" rel=\"noopener\"><span style=\"font-weight: 400;\">Wind of Renewal (anemosananeosis.gr)<\/span><\/a><\/p>\n\t\t\t\t\t\t\t\t<\/div>\n\t\t\t\t<\/div>\n\t\t\t\t<\/div>\n\t\t\t\t\t<\/div>\n\t\t\t\t<\/div>\n\t\t\t\t<\/div>\n\t\t","protected":false},"excerpt":{"rendered":"<p>Wind of Renewal \u00centreprindere cooperativ\u0103 social\u0103 Wind of Renewal cu beneficii colective \u0219i sociale (greac\u0103) DESPRE \u00centreprinderea social\u0103 greac\u0103 Wind of Renewal a fost \u00eenfiin\u021bat\u0103 \u00een 2014 pentru promovarea economiei responsabile de tip cooperativ social, a antreprenoriatului social, a economiei circulare verzi, a integr\u0103rii democra\u021biei \u0219i a drepturilor omului \u00een via\u021ba financiar\u0103 \u0219i social\u0103, precum [&hellip;]<\/p>\n","protected":false},"author":1,"featured_media":0,"parent":0,"menu_order":0,"comment_status":"closed","ping_status":"closed","template":"","meta":{"_uag_custom_page_level_css":"","site-sidebar-layout":"no-sidebar","site-content-layout":"page-builder","ast-site-content-layout":"full-width-container","site-content-style":"unboxed","site-sidebar-style":"unboxed","ast-global-header-display":"","ast-banner-title-visibility":"","ast-main-header-display":"","ast-hfb-above-header-display":"","ast-hfb-below-header-display":"","ast-hfb-mobile-header-display":"","site-post-title":"disabled","ast-breadcrumbs-content":"","ast-featured-img":"disabled","footer-sml-layout":"","ast-disable-related-posts":"","theme-transparent-header-meta":"default","adv-header-id-meta":"","stick-header-meta":"","header-above-stick-meta":"","header-main-stick-meta":"","header-below-stick-meta":"","astra-migrate-meta-layouts":"default","ast-page-background-enabled":"default","ast-page-background-meta":{"desktop":{"background-color":"","background-image":"","background-repeat":"repeat","background-position":"center center","background-size":"auto","background-attachment":"scroll","background-type":"","background-media":"","overlay-type":"","overlay-color":"","overlay-opacity":"","overlay-gradient":""},"tablet":{"background-color":"","background-image":"","background-repeat":"repeat","background-position":"center center","background-size":"auto","background-attachment":"scroll","background-type":"","background-media":"","overlay-type":"","overlay-color":"","overlay-opacity":"","overlay-gradient":""},"mobile":{"background-color":"","background-image":"","background-repeat":"repeat","background-position":"center center","background-size":"auto","background-attachment":"scroll","background-type":"","background-media":"","overlay-type":"","overlay-color":"","overlay-opacity":"","overlay-gradient":""}},"ast-content-background-meta":{"desktop":{"background-color":"var(--ast-global-color-5)","background-image":"","background-repeat":"repeat","background-position":"center center","background-size":"auto","background-attachment":"scroll","background-type":"","background-media":"","overlay-type":"","overlay-color":"","overlay-opacity":"","overlay-gradient":""},"tablet":{"background-color":"var(--ast-global-color-5)","background-image":"","background-repeat":"repeat","background-position":"center center","background-size":"auto","background-attachment":"scroll","background-type":"","background-media":"","overlay-type":"","overlay-color":"","overlay-opacity":"","overlay-gradient":""},"mobile":{"background-color":"var(--ast-global-color-5)","background-image":"","background-repeat":"repeat","background-position":"center center","background-size":"auto","background-attachment":"scroll","background-type":"","background-media":"","overlay-type":"","overlay-color":"","overlay-opacity":"","overlay-gradient":""}},"footnotes":""},"class_list":["post-2957","page","type-page","status-publish","hentry"],"uagb_featured_image_src":{"full":false,"thumbnail":false,"medium":false,"medium_large":false,"large":false,"1536x1536":false,"2048x2048":false},"uagb_author_info":{"display_name":"raisissoftware.admin","author_link":"https:\/\/e-locum.eu\/ro\/author\/raisissoftware-admin\/"},"uagb_comment_info":0,"uagb_excerpt":"Wind of Renewal \u00centreprindere cooperativ\u0103 social\u0103 Wind of Renewal cu beneficii colective \u0219i sociale (greac\u0103) DESPRE \u00centreprinderea social\u0103 greac\u0103 Wind of Renewal a fost \u00eenfiin\u021bat\u0103 \u00een 2014 pentru promovarea economiei responsabile de tip cooperativ social, a antreprenoriatului social, a economiei circulare verzi, a integr\u0103rii democra\u021biei \u0219i a drepturilor omului \u00een via\u021ba financiar\u0103 \u0219i social\u0103, precum&hellip;","_links":{"self":[{"href":"https:\/\/e-locum.eu\/ro\/wp-json\/wp\/v2\/pages\/2957","targetHints":{"allow":["GET"]}}],"collection":[{"href":"https:\/\/e-locum.eu\/ro\/wp-json\/wp\/v2\/pages"}],"about":[{"href":"https:\/\/e-locum.eu\/ro\/wp-json\/wp\/v2\/types\/page"}],"author":[{"embeddable":true,"href":"https:\/\/e-locum.eu\/ro\/wp-json\/wp\/v2\/users\/1"}],"replies":[{"embeddable":true,"href":"https:\/\/e-locum.eu\/ro\/wp-json\/wp\/v2\/comments?post=2957"}],"version-history":[{"count":1,"href":"https:\/\/e-locum.eu\/ro\/wp-json\/wp\/v2\/pages\/2957\/revisions"}],"predecessor-version":[{"id":2958,"href":"https:\/\/e-locum.eu\/ro\/wp-json\/wp\/v2\/pages\/2957\/revisions\/2958"}],"wp:attachment":[{"href":"https:\/\/e-locum.eu\/ro\/wp-json\/wp\/v2\/media?parent=2957"}],"curies":[{"name":"wp","href":"https:\/\/api.w.org\/{rel}","templated":true}]}}