{"id":2954,"date":"2024-10-14T11:20:45","date_gmt":"2024-10-14T11:20:45","guid":{"rendered":"https:\/\/e-locum.eu\/orientari-comune\/"},"modified":"2025-12-18T13:35:22","modified_gmt":"2025-12-18T13:35:22","slug":"orientari-comune","status":"publish","type":"page","link":"https:\/\/e-locum.eu\/ro\/orientari-comune\/","title":{"rendered":"Orient\u0103ri comune"},"content":{"rendered":"\n<p class=\"has-ast-global-color-2-color has-text-color has-link-color wp-elements-8172e96571963fc5ba6996b349751405\"><strong>Orient\u0103rile comune<\/strong> ofer\u0103 cadrul pentru \u00een\u021belegerea \u0219i conectarea cu tinerii, abord\u00e2nd o serie de subiecte care abordeaz\u0103 problema migra\u021biei.<\/p>\n\n<p class=\"has-ast-global-color-2-color has-text-color has-link-color wp-elements-b7414cd5e5dfe7ad965585b9039ddef4\">Indiferent dac\u0103 sunte\u021bi educator, lucr\u0103tor \u00een domeniul tineretului sau o persoan\u0103 interesat\u0103 s\u0103 cultive rela\u021bii semnificative cu tinerii, aceste \u00eendrum\u0103ri ofer\u0103 <strong>perspective \u0219i sfaturi practice<\/strong> despre cum s\u0103 aborda\u021bi tinerii \u0219i cum s\u0103 elabora\u021bi \u0219i s\u0103 implementa\u021bi activit\u0103\u021bi de con\u0219tientizare, formare \u0219i alte activit\u0103\u021bi.<br\/><div id=\"gtx-trans\" style=\"position: absolute; left: 47px; top: 104.406px;\">&#13;\n<div class=\"gtx-trans-icon\"><\/div><br\/><\/div><\/p>\n\n<p>Face\u021bi clic pe versiunea lingvistic\u0103 dorit\u0103 pentru mai multe detalii:<\/p>\n\n<p class=\"has-vivid-cyan-blue-color has-text-color has-link-color has-medium-font-size wp-elements-37a5509b87f569849ff4322f9d5feb3f\"><a href=\"https:\/\/e-locum.eu\/wp-content\/uploads\/2024\/10\/D2.1-Common-guidelines-EN.pdf\">Common Guidelines_English version<\/a><\/p>\n\n<p class=\"has-vivid-cyan-blue-color has-text-color has-link-color wp-elements-6776fad5a148f2c4fd487b07cb3f40ab\"><a href=\"https:\/\/e-locum.eu\/wp-content\/uploads\/2024\/10\/D2.1-Common-guidelines-IT.pdf\">Common Guidelines_Italian version<\/a><\/p>\n\n<p class=\"has-vivid-cyan-blue-color has-text-color has-link-color wp-elements-5352fd3a237bf57657f7a0b5ed7962af\"><a href=\"https:\/\/e-locum.eu\/wp-content\/uploads\/2024\/10\/D2.1-Common-guidelines-RO.pdf\">Common Guidelines_Romanian version<\/a><\/p>\n\n<p class=\"has-vivid-cyan-blue-color has-text-color has-link-color wp-elements-665c4531f9a0a35c37b0aa8f7bcb6ecb\"><a href=\"https:\/\/e-locum.eu\/wp-content\/uploads\/2024\/10\/D2.1-Common-Guidelines-GR.pdf\">Common Guidelines_Greek version<\/a><\/p>\n\n<p class=\"has-vivid-cyan-blue-color has-text-color has-link-color wp-elements-9b2fc6ad5ecff8e337ab86ea2af44e2b\"><a href=\"https:\/\/e-locum.eu\/wp-content\/uploads\/2024\/10\/E-LoCUM_Common-guidelines_WP2_FINAL-SLOVENE-VERSION.pdf\">Common Guidelines_Slovenian version<\/a><\/p>\n\n<p><\/p>\n","protected":false},"excerpt":{"rendered":"<p>Orient\u0103rile comune ofer\u0103 cadrul pentru \u00een\u021belegerea \u0219i conectarea cu tinerii, abord\u00e2nd o serie de subiecte care abordeaz\u0103 problema migra\u021biei. Indiferent dac\u0103 sunte\u021bi educator, lucr\u0103tor \u00een domeniul tineretului sau o persoan\u0103 interesat\u0103 s\u0103 cultive rela\u021bii semnificative cu tinerii, aceste \u00eendrum\u0103ri ofer\u0103 perspective \u0219i sfaturi practice despre cum s\u0103 aborda\u021bi tinerii \u0219i cum s\u0103 elabora\u021bi \u0219i s\u0103 [&hellip;]<\/p>\n","protected":false},"author":1,"featured_media":0,"parent":0,"menu_order":0,"comment_status":"closed","ping_status":"closed","template":"","meta":{"_uag_custom_page_level_css":"","site-sidebar-layout":"default","site-content-layout":"","ast-site-content-layout":"default","site-content-style":"default","site-sidebar-style":"default","ast-global-header-display":"","ast-banner-title-visibility":"","ast-main-header-display":"","ast-hfb-above-header-display":"","ast-hfb-below-header-display":"","ast-hfb-mobile-header-display":"","site-post-title":"","ast-breadcrumbs-content":"","ast-featured-img":"","footer-sml-layout":"","ast-disable-related-posts":"","theme-transparent-header-meta":"","adv-header-id-meta":"","stick-header-meta":"","header-above-stick-meta":"","header-main-stick-meta":"","header-below-stick-meta":"","astra-migrate-meta-layouts":"default","ast-page-background-enabled":"default","ast-page-background-meta":{"desktop":{"background-color":"","background-image":"","background-repeat":"repeat","background-position":"center center","background-size":"auto","background-attachment":"scroll","background-type":"","background-media":"","overlay-type":"","overlay-color":"","overlay-opacity":"","overlay-gradient":""},"tablet":{"background-color":"","background-image":"","background-repeat":"repeat","background-position":"center center","background-size":"auto","background-attachment":"scroll","background-type":"","background-media":"","overlay-type":"","overlay-color":"","overlay-opacity":"","overlay-gradient":""},"mobile":{"background-color":"","background-image":"","background-repeat":"repeat","background-position":"center center","background-size":"auto","background-attachment":"scroll","background-type":"","background-media":"","overlay-type":"","overlay-color":"","overlay-opacity":"","overlay-gradient":""}},"ast-content-background-meta":{"desktop":{"background-color":"var(--ast-global-color-5)","background-image":"","background-repeat":"repeat","background-position":"center center","background-size":"auto","background-attachment":"scroll","background-type":"","background-media":"","overlay-type":"","overlay-color":"","overlay-opacity":"","overlay-gradient":""},"tablet":{"background-color":"var(--ast-global-color-5)","background-image":"","background-repeat":"repeat","background-position":"center center","background-size":"auto","background-attachment":"scroll","background-type":"","background-media":"","overlay-type":"","overlay-color":"","overlay-opacity":"","overlay-gradient":""},"mobile":{"background-color":"var(--ast-global-color-5)","background-image":"","background-repeat":"repeat","background-position":"center center","background-size":"auto","background-attachment":"scroll","background-type":"","background-media":"","overlay-type":"","overlay-color":"","overlay-opacity":"","overlay-gradient":""}},"footnotes":""},"class_list":["post-2954","page","type-page","status-publish","hentry"],"uagb_featured_image_src":{"full":false,"thumbnail":false,"medium":false,"medium_large":false,"large":false,"1536x1536":false,"2048x2048":false},"uagb_author_info":{"display_name":"raisissoftware.admin","author_link":"https:\/\/e-locum.eu\/ro\/author\/raisissoftware-admin\/"},"uagb_comment_info":0,"uagb_excerpt":"Orient\u0103rile comune ofer\u0103 cadrul pentru \u00een\u021belegerea \u0219i conectarea cu tinerii, abord\u00e2nd o serie de subiecte care abordeaz\u0103 problema migra\u021biei. Indiferent dac\u0103 sunte\u021bi educator, lucr\u0103tor \u00een domeniul tineretului sau o persoan\u0103 interesat\u0103 s\u0103 cultive rela\u021bii semnificative cu tinerii, aceste \u00eendrum\u0103ri ofer\u0103 perspective \u0219i sfaturi practice despre cum s\u0103 aborda\u021bi tinerii \u0219i cum s\u0103 elabora\u021bi \u0219i s\u0103&hellip;","_links":{"self":[{"href":"https:\/\/e-locum.eu\/ro\/wp-json\/wp\/v2\/pages\/2954","targetHints":{"allow":["GET"]}}],"collection":[{"href":"https:\/\/e-locum.eu\/ro\/wp-json\/wp\/v2\/pages"}],"about":[{"href":"https:\/\/e-locum.eu\/ro\/wp-json\/wp\/v2\/types\/page"}],"author":[{"embeddable":true,"href":"https:\/\/e-locum.eu\/ro\/wp-json\/wp\/v2\/users\/1"}],"replies":[{"embeddable":true,"href":"https:\/\/e-locum.eu\/ro\/wp-json\/wp\/v2\/comments?post=2954"}],"version-history":[{"count":1,"href":"https:\/\/e-locum.eu\/ro\/wp-json\/wp\/v2\/pages\/2954\/revisions"}],"predecessor-version":[{"id":2955,"href":"https:\/\/e-locum.eu\/ro\/wp-json\/wp\/v2\/pages\/2954\/revisions\/2955"}],"wp:attachment":[{"href":"https:\/\/e-locum.eu\/ro\/wp-json\/wp\/v2\/media?parent=2954"}],"curies":[{"name":"wp","href":"https:\/\/api.w.org\/{rel}","templated":true}]}}