{"id":2952,"date":"2024-07-16T08:21:54","date_gmt":"2024-07-16T08:21:54","guid":{"rendered":"https:\/\/e-locum.eu\/institutul-bucovinei\/"},"modified":"2025-12-18T13:34:31","modified_gmt":"2025-12-18T13:34:31","slug":"institutul-bucovinei","status":"publish","type":"page","link":"https:\/\/e-locum.eu\/ro\/institutul-bucovinei\/","title":{"rendered":"Institutul Bucovinei"},"content":{"rendered":"\t\t<div data-elementor-type=\"wp-post\" data-elementor-id=\"2952\" class=\"elementor elementor-2952 elementor-1725\" data-elementor-post-type=\"page\">\n\t\t\t\t<div class=\"elementor-element elementor-element-qa2xtqv e-flex e-con-boxed e-con e-parent\" data-id=\"qa2xtqv\" data-element_type=\"container\" data-e-type=\"container\" data-settings=\"{&quot;background_background&quot;:&quot;classic&quot;}\">\n\t\t\t\t\t<div class=\"e-con-inner\">\n\t\t<div class=\"elementor-element elementor-element-c1b36fd e-con-full animated-slow e-flex elementor-invisible e-con e-child\" data-id=\"c1b36fd\" data-element_type=\"container\" data-e-type=\"container\" data-settings=\"{&quot;background_background&quot;:&quot;classic&quot;,&quot;animation&quot;:&quot;zoomIn&quot;}\">\n\t\t\t\t<div class=\"elementor-element elementor-element-c04ee8a elementor-widget elementor-widget-heading\" data-id=\"c04ee8a\" data-element_type=\"widget\" data-e-type=\"widget\" data-widget_type=\"heading.default\">\n\t\t\t\t<div class=\"elementor-widget-container\">\n\t\t\t\t\t<h2 class=\"elementor-heading-title elementor-size-default\">Institutul Bucovinei<\/h2>\t\t\t\t<\/div>\n\t\t\t\t<\/div>\n\t\t\t\t<div class=\"elementor-element elementor-element-e55af1c elementor-widget elementor-widget-text-editor\" data-id=\"e55af1c\" data-element_type=\"widget\" data-e-type=\"widget\" data-widget_type=\"text-editor.default\">\n\t\t\t\t<div class=\"elementor-widget-container\">\n\t\t\t\t\t\t\t\t\t<p>Asocia\u021bia Institutului pentru Parteneriat Social Bucovina <strong>(Rom\u00e2nia)<\/strong><\/p>\n\t\t\t\t\t\t\t\t<\/div>\n\t\t\t\t<\/div>\n\t\t\t\t<div class=\"elementor-element elementor-element-330149b elementor-widget elementor-widget-image\" data-id=\"330149b\" data-element_type=\"widget\" data-e-type=\"widget\" data-widget_type=\"image.default\">\n\t\t\t\t<div class=\"elementor-widget-container\">\n\t\t\t\t\t\t\t\t\t\t\t\t\t\t\t<img fetchpriority=\"high\" decoding=\"async\" width=\"1000\" height=\"406\" src=\"https:\/\/e-locum.eu\/wp-content\/uploads\/2024\/07\/Bucovina-Institute_logo-min-1-e1721111613915.png\" class=\"attachment-large size-large wp-image-2949\" alt=\"\" srcset=\"https:\/\/e-locum.eu\/wp-content\/uploads\/2024\/07\/Bucovina-Institute_logo-min-1-e1721111613915.png 1000w, https:\/\/e-locum.eu\/wp-content\/uploads\/2024\/07\/Bucovina-Institute_logo-min-1-e1721111613915-300x122.png 300w, https:\/\/e-locum.eu\/wp-content\/uploads\/2024\/07\/Bucovina-Institute_logo-min-1-e1721111613915-768x312.png 768w\" sizes=\"(max-width: 1000px) 100vw, 1000px\" \/>\t\t\t\t\t\t\t\t\t\t\t\t\t\t\t<\/div>\n\t\t\t\t<\/div>\n\t\t\t\t<\/div>\n\t\t<div class=\"elementor-element elementor-element-1009169 e-con-full e-flex e-con e-child\" data-id=\"1009169\" data-element_type=\"container\" data-e-type=\"container\">\n\t\t\t\t<\/div>\n\t\t\t\t\t<\/div>\n\t\t\t\t<\/div>\n\t\t<div class=\"elementor-element elementor-element-bfc5512 e-flex e-con-boxed e-con e-parent\" data-id=\"bfc5512\" data-element_type=\"container\" data-e-type=\"container\">\n\t\t\t\t\t<div class=\"e-con-inner\">\n\t\t\t\t<div class=\"elementor-element elementor-element-64ca386 elementor-widget-divider--view-line_text elementor-widget-divider--element-align-left elementor-widget elementor-widget-divider\" data-id=\"64ca386\" data-element_type=\"widget\" data-e-type=\"widget\" data-widget_type=\"divider.default\">\n\t\t\t\t<div class=\"elementor-widget-container\">\n\t\t\t\t\t\t\t<div class=\"elementor-divider\">\n\t\t\t<span class=\"elementor-divider-separator\">\n\t\t\t\t\t\t\t<span class=\"elementor-divider__text elementor-divider__element\">\n\t\t\t\tDESPRE\t\t\t\t<\/span>\n\t\t\t\t\t\t<\/span>\n\t\t<\/div>\n\t\t\t\t\t\t<\/div>\n\t\t\t\t<\/div>\n\t\t<div class=\"elementor-element elementor-element-0337bfb e-con-full e-flex e-con e-child\" data-id=\"0337bfb\" data-element_type=\"container\" data-e-type=\"container\">\n\t\t\t\t<div class=\"elementor-element elementor-element-cdb051e elementor-widget elementor-widget-text-editor\" data-id=\"cdb051e\" data-element_type=\"widget\" data-e-type=\"widget\" data-widget_type=\"text-editor.default\">\n\t\t\t\t<div class=\"elementor-widget-container\">\n\t\t\t\t\t\t\t\t\t<p><span style=\"font-weight: 400;\">Institutul Bucovina este un ONG non-profit fondat \u00een 2011, care \u00ee\u0219i propune s\u0103 sprijine dezvoltarea durabil\u0103 a comunit\u0103\u021bilor din nord-estul Rom\u00e2niei, sud-vestul Ucrainei \u0219i \u00eentreaga Republic\u0103 Moldova, prin proiecte de parteneriate de \u00eenv\u0103\u021bare \u0219i organizarea de programe de formare continu\u0103 pentru adul\u021bi.<\/span><\/p>\n<h5><strong>Obiective principale:<\/strong><\/h5>\n<ul>\n<li><span style=\"font-weight: 400;\">Crearea de programe pentru facilitarea form\u0103rii interculturale, a cooper\u0103rii transfrontaliere \u0219i a schimbului de experien\u021b\u0103 \u00een domeniul economiei sociale \u0219i al angajabilit\u0103\u021bii persoanelor vulnerabile pe pia\u021ba muncii;<\/span><\/li>\n<li><span style=\"font-weight: 400;\">Sprijinirea tinerilor \u0219i adul\u021bilor din zonele rurale, a migran\u021bilor, a minorit\u0103\u021bilor \u0219i a persoanelor cu dizabilit\u0103\u021bi pentru a asigura accesul la toate formele de \u00eenv\u0103\u021bare, accesul la pia\u021ba muncii \u0219i organizarea de programe de lansare a afacerilor;<\/span><\/li>\n<li><span style=\"font-weight: 400;\">Promovarea dezvolt\u0103rii regionale \u0219i comunitare prin desf\u0103\u0219urarea de programe de calificare, recalificare, formare, specializare, cursuri de ucenicie \u0219i \u00eenfiin\u021barea de programe de evaluare \u0219i certificare a competen\u021belor cu acces nediscriminatoriu pentru toate categoriile sociale;<\/span><\/li>\n<\/ul>\n<h5><strong>Servicii sociale:<\/strong><\/h5>\n<ul>\n<li><span style=\"font-weight: 400;\">Centrul de Incluziune Social\u0103 &#8211; Servicii de asisten\u021b\u0103 comunitar\u0103 \u2013 servicii WISE (\u00centreprinderi Sociale de Integrare \u00een Munc\u0103) licen\u021biate de Ministerul Muncii \u0219i Solidarit\u0103\u021bii Sociale, conform noilor standarde;<\/span><\/li>\n<li><span style=\"font-weight: 400;\">Servicii de informare \u0219i terapie ocupa\u021bional\u0103 \u00een cadrul Centrului de Zi \u00cempreun\u0103 Club;<\/span><\/li>\n<li><span style=\"font-weight: 400;\">Atestarea ca \u00eentreprindere de economie social\u0103, certificat\u0103 de Agen\u021bia Jude\u021bean\u0103 pentru Ocuparea For\u021bei de Munc\u0103 Suceava. <\/span><\/li>\n<\/ul>\n<p><span style=\"font-weight: 400;\">Institutul este licen\u021biat pentru servicii de sprijin pentru ocuparea for\u021bei de munc\u0103 \u0219i autorizat de Ministerul Muncii din Rom\u00e2nia. De asemenea, are o vast\u0103 experien\u021b\u0103 \u00een educa\u021bia non-formal\u0103, furnizor de formare profesional\u0103 \u0219i formare specific\u0103 pentru profesori, asisten\u021bi sociali, facilitatori comunitari, asisten\u021bi medicali \u0219i antreprenori sociali.<\/span><\/p>\n<p><span style=\"font-weight: 400;\">Gestioneaz\u0103 servicii de sprijin pentru angajare \u00een cadrul departamentului WISE, consiliere \u0219i operator de microgranturi pentru start-up-uri \u00een economia social\u0103 \u00een cadrul departamentului RIES.<\/span><\/p>\n<p><span style=\"font-weight: 400;\">Dup\u0103 \u00eenceperea r\u0103zboiului, Institutul Bucovina a creat un Centru de Urgen\u021b\u0103 Social\u0103 pentru a sprijini refugia\u021bii veni\u021bi din Ucraina, urm\u0103rind s\u0103 le satisfac\u0103 principalele nevoi \u0219i s\u0103 le ofere o via\u021b\u0103 c\u00e2t mai normal\u0103 posibil \u00een situa\u021bia de criz\u0103 \u00een care se afl\u0103.<\/span><\/p>\n<p><span style=\"font-weight: 400;\">Site web:<\/span><a href=\"https:\/\/bucovinainstitute.org\/\" target=\"_blank\" rel=\"noopener\"><span style=\"font-weight: 400;\">Asocia\u021bia Institutul Bucovina &#8211; Construim \u00cempreun\u0103: Acces la educa\u021bie (bucovinainstitute.org)<\/span><\/a><\/p>\n\t\t\t\t\t\t\t\t<\/div>\n\t\t\t\t<\/div>\n\t\t\t\t<\/div>\n\t\t\t\t\t<\/div>\n\t\t\t\t<\/div>\n\t\t\t\t<\/div>\n\t\t","protected":false},"excerpt":{"rendered":"<p>Institutul Bucovinei Asocia\u021bia Institutului pentru Parteneriat Social Bucovina (Rom\u00e2nia) DESPRE Institutul Bucovina este un ONG non-profit fondat \u00een 2011, care \u00ee\u0219i propune s\u0103 sprijine dezvoltarea durabil\u0103 a comunit\u0103\u021bilor din nord-estul Rom\u00e2niei, sud-vestul Ucrainei \u0219i \u00eentreaga Republic\u0103 Moldova, prin proiecte de parteneriate de \u00eenv\u0103\u021bare \u0219i organizarea de programe de formare continu\u0103 pentru adul\u021bi. Obiective principale: Crearea [&hellip;]<\/p>\n","protected":false},"author":1,"featured_media":0,"parent":0,"menu_order":0,"comment_status":"closed","ping_status":"closed","template":"","meta":{"_uag_custom_page_level_css":"","site-sidebar-layout":"no-sidebar","site-content-layout":"page-builder","ast-site-content-layout":"full-width-container","site-content-style":"unboxed","site-sidebar-style":"unboxed","ast-global-header-display":"","ast-banner-title-visibility":"","ast-main-header-display":"","ast-hfb-above-header-display":"","ast-hfb-below-header-display":"","ast-hfb-mobile-header-display":"","site-post-title":"disabled","ast-breadcrumbs-content":"","ast-featured-img":"disabled","footer-sml-layout":"","ast-disable-related-posts":"","theme-transparent-header-meta":"default","adv-header-id-meta":"","stick-header-meta":"","header-above-stick-meta":"","header-main-stick-meta":"","header-below-stick-meta":"","astra-migrate-meta-layouts":"default","ast-page-background-enabled":"default","ast-page-background-meta":{"desktop":{"background-color":"","background-image":"","background-repeat":"repeat","background-position":"center center","background-size":"auto","background-attachment":"scroll","background-type":"","background-media":"","overlay-type":"","overlay-color":"","overlay-opacity":"","overlay-gradient":""},"tablet":{"background-color":"","background-image":"","background-repeat":"repeat","background-position":"center center","background-size":"auto","background-attachment":"scroll","background-type":"","background-media":"","overlay-type":"","overlay-color":"","overlay-opacity":"","overlay-gradient":""},"mobile":{"background-color":"","background-image":"","background-repeat":"repeat","background-position":"center center","background-size":"auto","background-attachment":"scroll","background-type":"","background-media":"","overlay-type":"","overlay-color":"","overlay-opacity":"","overlay-gradient":""}},"ast-content-background-meta":{"desktop":{"background-color":"var(--ast-global-color-5)","background-image":"","background-repeat":"repeat","background-position":"center center","background-size":"auto","background-attachment":"scroll","background-type":"","background-media":"","overlay-type":"","overlay-color":"","overlay-opacity":"","overlay-gradient":""},"tablet":{"background-color":"var(--ast-global-color-5)","background-image":"","background-repeat":"repeat","background-position":"center center","background-size":"auto","background-attachment":"scroll","background-type":"","background-media":"","overlay-type":"","overlay-color":"","overlay-opacity":"","overlay-gradient":""},"mobile":{"background-color":"var(--ast-global-color-5)","background-image":"","background-repeat":"repeat","background-position":"center center","background-size":"auto","background-attachment":"scroll","background-type":"","background-media":"","overlay-type":"","overlay-color":"","overlay-opacity":"","overlay-gradient":""}},"footnotes":""},"class_list":["post-2952","page","type-page","status-publish","hentry"],"uagb_featured_image_src":{"full":false,"thumbnail":false,"medium":false,"medium_large":false,"large":false,"1536x1536":false,"2048x2048":false},"uagb_author_info":{"display_name":"raisissoftware.admin","author_link":"https:\/\/e-locum.eu\/ro\/author\/raisissoftware-admin\/"},"uagb_comment_info":0,"uagb_excerpt":"Institutul Bucovinei Asocia\u021bia Institutului pentru Parteneriat Social Bucovina (Rom\u00e2nia) DESPRE Institutul Bucovina este un ONG non-profit fondat \u00een 2011, care \u00ee\u0219i propune s\u0103 sprijine dezvoltarea durabil\u0103 a comunit\u0103\u021bilor din nord-estul Rom\u00e2niei, sud-vestul Ucrainei \u0219i \u00eentreaga Republic\u0103 Moldova, prin proiecte de parteneriate de \u00eenv\u0103\u021bare \u0219i organizarea de programe de formare continu\u0103 pentru adul\u021bi. Obiective principale: Crearea&hellip;","_links":{"self":[{"href":"https:\/\/e-locum.eu\/ro\/wp-json\/wp\/v2\/pages\/2952","targetHints":{"allow":["GET"]}}],"collection":[{"href":"https:\/\/e-locum.eu\/ro\/wp-json\/wp\/v2\/pages"}],"about":[{"href":"https:\/\/e-locum.eu\/ro\/wp-json\/wp\/v2\/types\/page"}],"author":[{"embeddable":true,"href":"https:\/\/e-locum.eu\/ro\/wp-json\/wp\/v2\/users\/1"}],"replies":[{"embeddable":true,"href":"https:\/\/e-locum.eu\/ro\/wp-json\/wp\/v2\/comments?post=2952"}],"version-history":[{"count":1,"href":"https:\/\/e-locum.eu\/ro\/wp-json\/wp\/v2\/pages\/2952\/revisions"}],"predecessor-version":[{"id":2953,"href":"https:\/\/e-locum.eu\/ro\/wp-json\/wp\/v2\/pages\/2952\/revisions\/2953"}],"wp:attachment":[{"href":"https:\/\/e-locum.eu\/ro\/wp-json\/wp\/v2\/media?parent=2952"}],"curies":[{"name":"wp","href":"https:\/\/api.w.org\/{rel}","templated":true}]}}