{"id":2878,"date":"2024-07-16T08:21:42","date_gmt":"2024-07-16T08:21:42","guid":{"rendered":"https:\/\/e-locum.eu\/wind-of-renewal\/"},"modified":"2025-12-18T12:59:02","modified_gmt":"2025-12-18T12:59:02","slug":"wind-of-renewal","status":"publish","type":"page","link":"https:\/\/e-locum.eu\/it\/wind-of-renewal\/","title":{"rendered":"Wind of Renewal"},"content":{"rendered":"\t\t<div data-elementor-type=\"wp-post\" data-elementor-id=\"2878\" class=\"elementor elementor-2878 elementor-1724\" data-elementor-post-type=\"page\">\n\t\t\t\t<div class=\"elementor-element elementor-element-qa2xtqv e-flex e-con-boxed e-con e-parent\" data-id=\"qa2xtqv\" data-element_type=\"container\" data-e-type=\"container\" data-settings=\"{&quot;background_background&quot;:&quot;classic&quot;}\">\n\t\t\t\t\t<div class=\"e-con-inner\">\n\t\t<div class=\"elementor-element elementor-element-c1b36fd e-con-full animated-slow e-flex elementor-invisible e-con e-child\" data-id=\"c1b36fd\" data-element_type=\"container\" data-e-type=\"container\" data-settings=\"{&quot;background_background&quot;:&quot;classic&quot;,&quot;animation&quot;:&quot;zoomIn&quot;}\">\n\t\t\t\t<div class=\"elementor-element elementor-element-c04ee8a elementor-widget elementor-widget-heading\" data-id=\"c04ee8a\" data-element_type=\"widget\" data-e-type=\"widget\" data-widget_type=\"heading.default\">\n\t\t\t\t<div class=\"elementor-widget-container\">\n\t\t\t\t\t<h2 class=\"elementor-heading-title elementor-size-default\">Wind of Renewal<\/h2>\t\t\t\t<\/div>\n\t\t\t\t<\/div>\n\t\t\t\t<div class=\"elementor-element elementor-element-e55af1c elementor-widget elementor-widget-text-editor\" data-id=\"e55af1c\" data-element_type=\"widget\" data-e-type=\"widget\" data-widget_type=\"text-editor.default\">\n\t\t\t\t<div class=\"elementor-widget-container\">\n\t\t\t\t\t\t\t\t\t<p>Wind of Renewal, impresa cooperativa sociale di utilit\u00e0 collettiva e sociale <strong>(greco)<\/strong><\/p>\n\t\t\t\t\t\t\t\t<\/div>\n\t\t\t\t<\/div>\n\t\t\t\t<div class=\"elementor-element elementor-element-330149b elementor-widget elementor-widget-image\" data-id=\"330149b\" data-element_type=\"widget\" data-e-type=\"widget\" data-widget_type=\"image.default\">\n\t\t\t\t<div class=\"elementor-widget-container\">\n\t\t\t\t\t\t\t\t\t\t\t\t\t\t\t<img fetchpriority=\"high\" decoding=\"async\" width=\"1000\" height=\"1000\" src=\"https:\/\/e-locum.eu\/wp-content\/uploads\/2024\/07\/wind_of_renewal_logo-transformed-min-1.png\" class=\"attachment-large size-large wp-image-2823\" alt=\"\" srcset=\"https:\/\/e-locum.eu\/wp-content\/uploads\/2024\/07\/wind_of_renewal_logo-transformed-min-1.png 1000w, https:\/\/e-locum.eu\/wp-content\/uploads\/2024\/07\/wind_of_renewal_logo-transformed-min-1-300x300.png 300w, https:\/\/e-locum.eu\/wp-content\/uploads\/2024\/07\/wind_of_renewal_logo-transformed-min-1-150x150.png 150w, https:\/\/e-locum.eu\/wp-content\/uploads\/2024\/07\/wind_of_renewal_logo-transformed-min-1-768x768.png 768w\" sizes=\"(max-width: 1000px) 100vw, 1000px\" \/>\t\t\t\t\t\t\t\t\t\t\t\t\t\t\t<\/div>\n\t\t\t\t<\/div>\n\t\t\t\t<\/div>\n\t\t<div class=\"elementor-element elementor-element-1009169 e-con-full e-flex e-con e-child\" data-id=\"1009169\" data-element_type=\"container\" data-e-type=\"container\">\n\t\t\t\t<\/div>\n\t\t\t\t\t<\/div>\n\t\t\t\t<\/div>\n\t\t<div class=\"elementor-element elementor-element-bfc5512 e-flex e-con-boxed e-con e-parent\" data-id=\"bfc5512\" data-element_type=\"container\" data-e-type=\"container\">\n\t\t\t\t\t<div class=\"e-con-inner\">\n\t\t\t\t<div class=\"elementor-element elementor-element-64ca386 elementor-widget-divider--view-line_text elementor-widget-divider--element-align-left elementor-widget elementor-widget-divider\" data-id=\"64ca386\" data-element_type=\"widget\" data-e-type=\"widget\" data-widget_type=\"divider.default\">\n\t\t\t\t<div class=\"elementor-widget-container\">\n\t\t\t\t\t\t\t<div class=\"elementor-divider\">\n\t\t\t<span class=\"elementor-divider-separator\">\n\t\t\t\t\t\t\t<span class=\"elementor-divider__text elementor-divider__element\">\n\t\t\t\tInformazioni aggiuntive\t\t\t\t<\/span>\n\t\t\t\t\t\t<\/span>\n\t\t<\/div>\n\t\t\t\t\t\t<\/div>\n\t\t\t\t<\/div>\n\t\t<div class=\"elementor-element elementor-element-0337bfb e-con-full e-flex e-con e-child\" data-id=\"0337bfb\" data-element_type=\"container\" data-e-type=\"container\">\n\t\t\t\t<div class=\"elementor-element elementor-element-cdb051e elementor-widget elementor-widget-text-editor\" data-id=\"cdb051e\" data-element_type=\"widget\" data-e-type=\"widget\" data-widget_type=\"text-editor.default\">\n\t\t\t\t<div class=\"elementor-widget-container\">\n\t\t\t\t\t\t\t\t\t<p><span style=\"font-weight: 400;\">L&#8217;impresa sociale greca Wind of Renewal \u00e8 stata costituita nel 2014 per promuovere l&#8217;economia cooperativa sociale responsabile, l&#8217;imprenditorialit\u00e0 sociale, l&#8217;economia circolare verde, l&#8217;integrazione della democrazia e dei diritti umani nella vita finanziaria e sociale, nonch\u00e9 l&#8217;innovazione eco-sociale.<\/span><\/p>\n<p><span style=\"font-weight: 400;\">I suoi principali campi di intervento sono:<\/span><\/p>\n<ul>\n<li><span style=\"font-weight: 400;\"> Sensibilizzazione: Forum sull&#8217;imprenditorialit\u00e0 sociale ad Atene e in altre citt\u00e0 (2014-2017), seminari sulla pianificazione della transizione verso citt\u00e0 energeticamente efficienti, workshop sulle cooperative energetiche nelle scuole;<\/span><\/li>\n<li><span style=\"font-weight: 400;\"> Rafforzamento delle capacit\u00e0 delle autorit\u00e0 pubbliche e degli stakeholder sociali sulla sostenibilit\u00e0 eco-sociale (2015);<\/span><\/li>\n<li><span style=\"font-weight: 400;\"> Servizi di consulenza e supporto per iniziative dal basso;<\/span><\/li>\n<li><span style=\"font-weight: 400;\"> Ricerca\/Politica: documento programmatico sulla povert\u00e0 energetica in Grecia, proposte di innovazione sociale per affrontare il fenomeno (2017), documento programmatico sullo sviluppo regionale verde (2015);<\/span><\/li>\n<li><span style=\"font-weight: 400;\"> Servizi di accoglienza e integrazione dei rifugiati: alloggi, empowerment, inclusione sociale;<\/span><\/li>\n<li><span style=\"font-weight: 400;\"> Creazione di reti e condivisione di buone pratiche a livello locale, nazionale ed europeo.<\/span><\/li>\n<\/ul>\n<p><span style=\"font-weight: 400;\"> Tra gli altri, nel settembre 2016, Wind of Renewal ha implementato il progetto Welcommon, in collaborazione con l&#8217;Agenzia per lo sviluppo e la gestione delle destinazioni di Atene (EATA) e l&#8217;UNHCR, che ha creato un centro comunitario modello per ospitare e promuovere l&#8217;inclusione sociale dei rifugiati. L&#8217;ostello WELCOMMON non \u00e8 solo una struttura ricettiva di alto livello per il turismo sostenibile, ma anche la sede di numerose attivit\u00e0 organizzate dagli stessi ospiti, per l&#8217;educazione non formale e l&#8217;inclusione sociale dei rifugiati.<\/span><\/p>\n<p>\u00a0<\/p>\n<p><span style=\"font-weight: 400;\">Sito web: <\/span><a href=\"https:\/\/anemosananeosis.gr\/en\/main-page-en-2\/\" target=\"_blank\" rel=\"noopener\"><span style=\"font-weight: 400;\">Wind of Renewal (anemosananeosis.gr)<\/span><\/a><\/p>\n\t\t\t\t\t\t\t\t<\/div>\n\t\t\t\t<\/div>\n\t\t\t\t<\/div>\n\t\t\t\t\t<\/div>\n\t\t\t\t<\/div>\n\t\t\t\t<\/div>\n\t\t","protected":false},"excerpt":{"rendered":"<p>Wind of Renewal Wind of Renewal, impresa cooperativa sociale di utilit\u00e0 collettiva e sociale (greco) Informazioni aggiuntive L&#8217;impresa sociale greca Wind of Renewal \u00e8 stata costituita nel 2014 per promuovere l&#8217;economia cooperativa sociale responsabile, l&#8217;imprenditorialit\u00e0 sociale, l&#8217;economia circolare verde, l&#8217;integrazione della democrazia e dei diritti umani nella vita finanziaria e sociale, nonch\u00e9 l&#8217;innovazione eco-sociale. I [&hellip;]<\/p>\n","protected":false},"author":1,"featured_media":0,"parent":0,"menu_order":0,"comment_status":"closed","ping_status":"closed","template":"","meta":{"_uag_custom_page_level_css":"","site-sidebar-layout":"no-sidebar","site-content-layout":"page-builder","ast-site-content-layout":"full-width-container","site-content-style":"unboxed","site-sidebar-style":"unboxed","ast-global-header-display":"","ast-banner-title-visibility":"","ast-main-header-display":"","ast-hfb-above-header-display":"","ast-hfb-below-header-display":"","ast-hfb-mobile-header-display":"","site-post-title":"disabled","ast-breadcrumbs-content":"","ast-featured-img":"disabled","footer-sml-layout":"","ast-disable-related-posts":"","theme-transparent-header-meta":"default","adv-header-id-meta":"","stick-header-meta":"","header-above-stick-meta":"","header-main-stick-meta":"","header-below-stick-meta":"","astra-migrate-meta-layouts":"default","ast-page-background-enabled":"default","ast-page-background-meta":{"desktop":{"background-color":"","background-image":"","background-repeat":"repeat","background-position":"center center","background-size":"auto","background-attachment":"scroll","background-type":"","background-media":"","overlay-type":"","overlay-color":"","overlay-opacity":"","overlay-gradient":""},"tablet":{"background-color":"","background-image":"","background-repeat":"repeat","background-position":"center center","background-size":"auto","background-attachment":"scroll","background-type":"","background-media":"","overlay-type":"","overlay-color":"","overlay-opacity":"","overlay-gradient":""},"mobile":{"background-color":"","background-image":"","background-repeat":"repeat","background-position":"center center","background-size":"auto","background-attachment":"scroll","background-type":"","background-media":"","overlay-type":"","overlay-color":"","overlay-opacity":"","overlay-gradient":""}},"ast-content-background-meta":{"desktop":{"background-color":"var(--ast-global-color-5)","background-image":"","background-repeat":"repeat","background-position":"center center","background-size":"auto","background-attachment":"scroll","background-type":"","background-media":"","overlay-type":"","overlay-color":"","overlay-opacity":"","overlay-gradient":""},"tablet":{"background-color":"var(--ast-global-color-5)","background-image":"","background-repeat":"repeat","background-position":"center center","background-size":"auto","background-attachment":"scroll","background-type":"","background-media":"","overlay-type":"","overlay-color":"","overlay-opacity":"","overlay-gradient":""},"mobile":{"background-color":"var(--ast-global-color-5)","background-image":"","background-repeat":"repeat","background-position":"center center","background-size":"auto","background-attachment":"scroll","background-type":"","background-media":"","overlay-type":"","overlay-color":"","overlay-opacity":"","overlay-gradient":""}},"footnotes":""},"class_list":["post-2878","page","type-page","status-publish","hentry"],"uagb_featured_image_src":{"full":false,"thumbnail":false,"medium":false,"medium_large":false,"large":false,"1536x1536":false,"2048x2048":false},"uagb_author_info":{"display_name":"raisissoftware.admin","author_link":"https:\/\/e-locum.eu\/it\/author\/raisissoftware-admin\/"},"uagb_comment_info":0,"uagb_excerpt":"Wind of Renewal Wind of Renewal, impresa cooperativa sociale di utilit\u00e0 collettiva e sociale (greco) Informazioni aggiuntive L&#8217;impresa sociale greca Wind of Renewal \u00e8 stata costituita nel 2014 per promuovere l&#8217;economia cooperativa sociale responsabile, l&#8217;imprenditorialit\u00e0 sociale, l&#8217;economia circolare verde, l&#8217;integrazione della democrazia e dei diritti umani nella vita finanziaria e sociale, nonch\u00e9 l&#8217;innovazione eco-sociale. I&hellip;","_links":{"self":[{"href":"https:\/\/e-locum.eu\/it\/wp-json\/wp\/v2\/pages\/2878","targetHints":{"allow":["GET"]}}],"collection":[{"href":"https:\/\/e-locum.eu\/it\/wp-json\/wp\/v2\/pages"}],"about":[{"href":"https:\/\/e-locum.eu\/it\/wp-json\/wp\/v2\/types\/page"}],"author":[{"embeddable":true,"href":"https:\/\/e-locum.eu\/it\/wp-json\/wp\/v2\/users\/1"}],"replies":[{"embeddable":true,"href":"https:\/\/e-locum.eu\/it\/wp-json\/wp\/v2\/comments?post=2878"}],"version-history":[{"count":1,"href":"https:\/\/e-locum.eu\/it\/wp-json\/wp\/v2\/pages\/2878\/revisions"}],"predecessor-version":[{"id":2879,"href":"https:\/\/e-locum.eu\/it\/wp-json\/wp\/v2\/pages\/2878\/revisions\/2879"}],"wp:attachment":[{"href":"https:\/\/e-locum.eu\/it\/wp-json\/wp\/v2\/media?parent=2878"}],"curies":[{"name":"wp","href":"https:\/\/api.w.org\/{rel}","templated":true}]}}