{"id":2866,"date":"2024-07-16T08:22:48","date_gmt":"2024-07-16T08:22:48","guid":{"rendered":"https:\/\/e-locum.eu\/reves\/"},"modified":"2025-12-18T12:56:29","modified_gmt":"2025-12-18T12:56:29","slug":"reves","status":"publish","type":"page","link":"https:\/\/e-locum.eu\/it\/reves\/","title":{"rendered":"Reves"},"content":{"rendered":"\t\t<div data-elementor-type=\"wp-post\" data-elementor-id=\"2866\" class=\"elementor elementor-2866 elementor-1727\" data-elementor-post-type=\"page\">\n\t\t\t\t<div class=\"elementor-element elementor-element-qa2xtqv e-flex e-con-boxed e-con e-parent\" data-id=\"qa2xtqv\" data-element_type=\"container\" data-e-type=\"container\" data-settings=\"{&quot;background_background&quot;:&quot;classic&quot;}\">\n\t\t\t\t\t<div class=\"e-con-inner\">\n\t\t<div class=\"elementor-element elementor-element-c1b36fd e-con-full animated-slow e-flex elementor-invisible e-con e-child\" data-id=\"c1b36fd\" data-element_type=\"container\" data-e-type=\"container\" data-settings=\"{&quot;background_background&quot;:&quot;classic&quot;,&quot;animation&quot;:&quot;zoomIn&quot;}\">\n\t\t\t\t<div class=\"elementor-element elementor-element-c04ee8a elementor-widget elementor-widget-heading\" data-id=\"c04ee8a\" data-element_type=\"widget\" data-e-type=\"widget\" data-widget_type=\"heading.default\">\n\t\t\t\t<div class=\"elementor-widget-container\">\n\t\t\t\t\t<h2 class=\"elementor-heading-title elementor-size-default\">Reves<\/h2>\t\t\t\t<\/div>\n\t\t\t\t<\/div>\n\t\t\t\t<div class=\"elementor-element elementor-element-e55af1c elementor-widget elementor-widget-text-editor\" data-id=\"e55af1c\" data-element_type=\"widget\" data-e-type=\"widget\" data-widget_type=\"text-editor.default\">\n\t\t\t\t<div class=\"elementor-widget-container\">\n\t\t\t\t\t\t\t\t\t<p>Rete europea delle citt\u00e0 e delle regioni dell&#8217;economia sociale AISBL <strong>(Belgio)<\/strong><\/p>\n\t\t\t\t\t\t\t\t<\/div>\n\t\t\t\t<\/div>\n\t\t\t\t<div class=\"elementor-element elementor-element-330149b elementor-widget elementor-widget-image\" data-id=\"330149b\" data-element_type=\"widget\" data-e-type=\"widget\" data-widget_type=\"image.default\">\n\t\t\t\t<div class=\"elementor-widget-container\">\n\t\t\t\t\t\t\t\t\t\t\t\t\t\t\t<img fetchpriority=\"high\" decoding=\"async\" width=\"1000\" height=\"662\" src=\"https:\/\/e-locum.eu\/wp-content\/uploads\/2024\/07\/REVES-transformed-min.png\" class=\"attachment-large size-large wp-image-2821\" alt=\"\" srcset=\"https:\/\/e-locum.eu\/wp-content\/uploads\/2024\/07\/REVES-transformed-min.png 1000w, https:\/\/e-locum.eu\/wp-content\/uploads\/2024\/07\/REVES-transformed-min-300x199.png 300w, https:\/\/e-locum.eu\/wp-content\/uploads\/2024\/07\/REVES-transformed-min-768x508.png 768w\" sizes=\"(max-width: 1000px) 100vw, 1000px\" \/>\t\t\t\t\t\t\t\t\t\t\t\t\t\t\t<\/div>\n\t\t\t\t<\/div>\n\t\t\t\t<\/div>\n\t\t<div class=\"elementor-element elementor-element-1009169 e-con-full e-flex e-con e-child\" data-id=\"1009169\" data-element_type=\"container\" data-e-type=\"container\">\n\t\t\t\t<\/div>\n\t\t\t\t\t<\/div>\n\t\t\t\t<\/div>\n\t\t<div class=\"elementor-element elementor-element-bfc5512 e-flex e-con-boxed e-con e-parent\" data-id=\"bfc5512\" data-element_type=\"container\" data-e-type=\"container\">\n\t\t\t\t\t<div class=\"e-con-inner\">\n\t\t\t\t<div class=\"elementor-element elementor-element-64ca386 elementor-widget-divider--view-line_text elementor-widget-divider--element-align-left elementor-widget elementor-widget-divider\" data-id=\"64ca386\" data-element_type=\"widget\" data-e-type=\"widget\" data-widget_type=\"divider.default\">\n\t\t\t\t<div class=\"elementor-widget-container\">\n\t\t\t\t\t\t\t<div class=\"elementor-divider\">\n\t\t\t<span class=\"elementor-divider-separator\">\n\t\t\t\t\t\t\t<span class=\"elementor-divider__text elementor-divider__element\">\n\t\t\t\tInformazioni aggiuntive\t\t\t\t<\/span>\n\t\t\t\t\t\t<\/span>\n\t\t<\/div>\n\t\t\t\t\t\t<\/div>\n\t\t\t\t<\/div>\n\t\t<div class=\"elementor-element elementor-element-0337bfb e-con-full e-flex e-con e-child\" data-id=\"0337bfb\" data-element_type=\"container\" data-e-type=\"container\">\n\t\t\t\t<div class=\"elementor-element elementor-element-cdb051e elementor-widget elementor-widget-text-editor\" data-id=\"cdb051e\" data-element_type=\"widget\" data-e-type=\"widget\" data-widget_type=\"text-editor.default\">\n\t\t\t\t<div class=\"elementor-widget-container\">\n\t\t\t\t\t\t\t\t\t<p><span style=\"font-weight: 400;\">REVES \u00e8 un social network per l&#8217;innovazione, sia in termini di metodi che di procedure, basato sulla co-costruzione e sulle capacit\u00e0 condivise dei suoi membri e dei loro territori. Svolge attivit\u00e0 volte a sviluppare modelli di economia sociale per una societ\u00e0 europea sostenibile, equa e partecipativa.<\/span><\/p>\n<p><span style=\"font-weight: 400;\">Uno degli strumenti principali utilizzati da REVES per il perseguimento di questo obiettivo \u00e8 l&#8217;organizzazione di attivit\u00e0 di apprendimento tra pari e di scambio tra partenariati territoriali. Inoltre, \u00e8 l&#8217;unica organizzazione europea basata su un partenariato tra enti locali e regionali e organizzazioni territoriali dell&#8217;economia sociale. I membri di REVES sono autorit\u00e0 locali o organizzazioni dell&#8217;economia sociale che stanno sviluppando o sono intenzionate a sviluppare politiche per promuovere un&#8217;economia basata sulla solidariet\u00e0 e una societ\u00e0 pi\u00f9 equa, inclusiva, partecipativa e responsabile.<\/span><\/p>\n<p><span style=\"font-weight: 400;\">Dal 1996, insieme ai suoi membri, ha sviluppato, condiviso e proposto politiche di partenariato per promuovere la centralit\u00e0 del livello regionale e locale nella costruzione europea. I suoi membri provengono da 13 Stati membri dell&#8217;UE e collabora attivamente con il Parlamento europeo, la Commissione (REVES fa parte dei gruppi di esperti GECES ed ESIF-SD della CE e partecipa al dialogo strutturato con la DG EMPL), il Comitato europeo delle regioni e il Comitato economico e sociale europeo. Inoltre, REVES \u00e8 membro fondatore di Social Economy Europe ed \u00e8 un partner per tutte le organizzazioni della societ\u00e0 civile dell&#8217;UE che condividono e perseguono una visione di una societ\u00e0 sostenibile ed equa. REVES \u00e8 anche partner dell&#8217;alleanza delle competenze dell&#8217;UE per la prossimit\u00e0 e il settore dell&#8217;economia sociale. Negli ultimi anni, REVES ha partecipato o co-diretto operazioni nel quadro del programma COSME e nel quadro dell&#8217;Azione Globale per l&#8217;Economia Sociale dell&#8217;OCSE, ed \u00e8 costantemente attiva nelle iniziative finanziate da ERASMUS+ dal 2014.<\/span><\/p>\n<p>\u00a0<\/p>\n<p><span style=\"font-weight: 400;\">Sito web: <\/span><a href=\"https:\/\/www.revesnetwork.eu\/\" target=\"_blank\" rel=\"noopener\"><span style=\"font-weight: 400;\">REVES Network \u2013 Rete Europea di Citt\u00e0 e Regioni per l&#8217;economia sociale<\/span><\/a><\/p>\n\t\t\t\t\t\t\t\t<\/div>\n\t\t\t\t<\/div>\n\t\t\t\t<\/div>\n\t\t\t\t\t<\/div>\n\t\t\t\t<\/div>\n\t\t\t\t<\/div>\n\t\t","protected":false},"excerpt":{"rendered":"<p>Reves Rete europea delle citt\u00e0 e delle regioni dell&#8217;economia sociale AISBL (Belgio) Informazioni aggiuntive REVES \u00e8 un social network per l&#8217;innovazione, sia in termini di metodi che di procedure, basato sulla co-costruzione e sulle capacit\u00e0 condivise dei suoi membri e dei loro territori. Svolge attivit\u00e0 volte a sviluppare modelli di economia sociale per una societ\u00e0 [&hellip;]<\/p>\n","protected":false},"author":1,"featured_media":0,"parent":0,"menu_order":0,"comment_status":"closed","ping_status":"closed","template":"","meta":{"_uag_custom_page_level_css":"","site-sidebar-layout":"no-sidebar","site-content-layout":"page-builder","ast-site-content-layout":"full-width-container","site-content-style":"unboxed","site-sidebar-style":"unboxed","ast-global-header-display":"","ast-banner-title-visibility":"","ast-main-header-display":"","ast-hfb-above-header-display":"","ast-hfb-below-header-display":"","ast-hfb-mobile-header-display":"","site-post-title":"disabled","ast-breadcrumbs-content":"","ast-featured-img":"disabled","footer-sml-layout":"","ast-disable-related-posts":"","theme-transparent-header-meta":"default","adv-header-id-meta":"","stick-header-meta":"","header-above-stick-meta":"","header-main-stick-meta":"","header-below-stick-meta":"","astra-migrate-meta-layouts":"default","ast-page-background-enabled":"default","ast-page-background-meta":{"desktop":{"background-color":"","background-image":"","background-repeat":"repeat","background-position":"center center","background-size":"auto","background-attachment":"scroll","background-type":"","background-media":"","overlay-type":"","overlay-color":"","overlay-opacity":"","overlay-gradient":""},"tablet":{"background-color":"","background-image":"","background-repeat":"repeat","background-position":"center center","background-size":"auto","background-attachment":"scroll","background-type":"","background-media":"","overlay-type":"","overlay-color":"","overlay-opacity":"","overlay-gradient":""},"mobile":{"background-color":"","background-image":"","background-repeat":"repeat","background-position":"center center","background-size":"auto","background-attachment":"scroll","background-type":"","background-media":"","overlay-type":"","overlay-color":"","overlay-opacity":"","overlay-gradient":""}},"ast-content-background-meta":{"desktop":{"background-color":"var(--ast-global-color-5)","background-image":"","background-repeat":"repeat","background-position":"center center","background-size":"auto","background-attachment":"scroll","background-type":"","background-media":"","overlay-type":"","overlay-color":"","overlay-opacity":"","overlay-gradient":""},"tablet":{"background-color":"var(--ast-global-color-5)","background-image":"","background-repeat":"repeat","background-position":"center center","background-size":"auto","background-attachment":"scroll","background-type":"","background-media":"","overlay-type":"","overlay-color":"","overlay-opacity":"","overlay-gradient":""},"mobile":{"background-color":"var(--ast-global-color-5)","background-image":"","background-repeat":"repeat","background-position":"center center","background-size":"auto","background-attachment":"scroll","background-type":"","background-media":"","overlay-type":"","overlay-color":"","overlay-opacity":"","overlay-gradient":""}},"footnotes":""},"class_list":["post-2866","page","type-page","status-publish","hentry"],"uagb_featured_image_src":{"full":false,"thumbnail":false,"medium":false,"medium_large":false,"large":false,"1536x1536":false,"2048x2048":false},"uagb_author_info":{"display_name":"raisissoftware.admin","author_link":"https:\/\/e-locum.eu\/it\/author\/raisissoftware-admin\/"},"uagb_comment_info":0,"uagb_excerpt":"Reves Rete europea delle citt\u00e0 e delle regioni dell&#8217;economia sociale AISBL (Belgio) Informazioni aggiuntive REVES \u00e8 un social network per l&#8217;innovazione, sia in termini di metodi che di procedure, basato sulla co-costruzione e sulle capacit\u00e0 condivise dei suoi membri e dei loro territori. Svolge attivit\u00e0 volte a sviluppare modelli di economia sociale per una societ\u00e0&hellip;","_links":{"self":[{"href":"https:\/\/e-locum.eu\/it\/wp-json\/wp\/v2\/pages\/2866","targetHints":{"allow":["GET"]}}],"collection":[{"href":"https:\/\/e-locum.eu\/it\/wp-json\/wp\/v2\/pages"}],"about":[{"href":"https:\/\/e-locum.eu\/it\/wp-json\/wp\/v2\/types\/page"}],"author":[{"embeddable":true,"href":"https:\/\/e-locum.eu\/it\/wp-json\/wp\/v2\/users\/1"}],"replies":[{"embeddable":true,"href":"https:\/\/e-locum.eu\/it\/wp-json\/wp\/v2\/comments?post=2866"}],"version-history":[{"count":1,"href":"https:\/\/e-locum.eu\/it\/wp-json\/wp\/v2\/pages\/2866\/revisions"}],"predecessor-version":[{"id":2867,"href":"https:\/\/e-locum.eu\/it\/wp-json\/wp\/v2\/pages\/2866\/revisions\/2867"}],"wp:attachment":[{"href":"https:\/\/e-locum.eu\/it\/wp-json\/wp\/v2\/media?parent=2866"}],"curies":[{"name":"wp","href":"https:\/\/api.w.org\/{rel}","templated":true}]}}