{"id":2824,"date":"2024-07-16T08:22:38","date_gmt":"2024-07-16T08:22:38","guid":{"rendered":"https:\/\/e-locum.eu\/drustvo-humanitas\/"},"modified":"2025-12-18T12:34:47","modified_gmt":"2025-12-18T12:34:47","slug":"drustvo-humanitas","status":"publish","type":"page","link":"https:\/\/e-locum.eu\/it\/drustvo-humanitas\/","title":{"rendered":"Dru\u0161tvo Humanitas"},"content":{"rendered":"\t\t<div data-elementor-type=\"wp-post\" data-elementor-id=\"2824\" class=\"elementor elementor-2824 elementor-1726\" data-elementor-post-type=\"page\">\n\t\t\t\t<div class=\"elementor-element elementor-element-qa2xtqv e-flex e-con-boxed e-con e-parent\" data-id=\"qa2xtqv\" data-element_type=\"container\" data-e-type=\"container\" data-settings=\"{&quot;background_background&quot;:&quot;classic&quot;}\">\n\t\t\t\t\t<div class=\"e-con-inner\">\n\t\t<div class=\"elementor-element elementor-element-c1b36fd e-con-full animated-slow e-flex elementor-invisible e-con e-child\" data-id=\"c1b36fd\" data-element_type=\"container\" data-e-type=\"container\" data-settings=\"{&quot;background_background&quot;:&quot;classic&quot;,&quot;animation&quot;:&quot;zoomIn&quot;}\">\n\t\t\t\t<div class=\"elementor-element elementor-element-c04ee8a elementor-widget elementor-widget-heading\" data-id=\"c04ee8a\" data-element_type=\"widget\" data-e-type=\"widget\" data-widget_type=\"heading.default\">\n\t\t\t\t<div class=\"elementor-widget-container\">\n\t\t\t\t\t<h2 class=\"elementor-heading-title elementor-size-default\">Dru\u0161tvo Humanitas<\/h2>\t\t\t\t<\/div>\n\t\t\t\t<\/div>\n\t\t\t\t<div class=\"elementor-element elementor-element-e55af1c elementor-widget elementor-widget-text-editor\" data-id=\"e55af1c\" data-element_type=\"widget\" data-e-type=\"widget\" data-widget_type=\"text-editor.default\">\n\t\t\t\t<div class=\"elementor-widget-container\">\n\t\t\t\t\t\t\t\t\t<p>Centro per l&#8217;apprendimento e la cooperazione globale <strong>(Slovenia)<\/strong><\/p>\n\t\t\t\t\t\t\t\t<\/div>\n\t\t\t\t<\/div>\n\t\t\t\t<div class=\"elementor-element elementor-element-330149b elementor-widget elementor-widget-image\" data-id=\"330149b\" data-element_type=\"widget\" data-e-type=\"widget\" data-widget_type=\"image.default\">\n\t\t\t\t<div class=\"elementor-widget-container\">\n\t\t\t\t\t\t\t\t\t\t\t\t\t\t\t<img fetchpriority=\"high\" decoding=\"async\" width=\"1000\" height=\"1000\" src=\"https:\/\/e-locum.eu\/wp-content\/uploads\/2024\/07\/humanitas_logo_01-min.png\" class=\"attachment-large size-large wp-image-2813\" alt=\"\" srcset=\"https:\/\/e-locum.eu\/wp-content\/uploads\/2024\/07\/humanitas_logo_01-min.png 1000w, https:\/\/e-locum.eu\/wp-content\/uploads\/2024\/07\/humanitas_logo_01-min-300x300.png 300w, https:\/\/e-locum.eu\/wp-content\/uploads\/2024\/07\/humanitas_logo_01-min-150x150.png 150w, https:\/\/e-locum.eu\/wp-content\/uploads\/2024\/07\/humanitas_logo_01-min-768x768.png 768w\" sizes=\"(max-width: 1000px) 100vw, 1000px\" \/>\t\t\t\t\t\t\t\t\t\t\t\t\t\t\t<\/div>\n\t\t\t\t<\/div>\n\t\t\t\t<\/div>\n\t\t<div class=\"elementor-element elementor-element-1009169 e-con-full e-flex e-con e-child\" data-id=\"1009169\" data-element_type=\"container\" data-e-type=\"container\">\n\t\t\t\t<\/div>\n\t\t\t\t\t<\/div>\n\t\t\t\t<\/div>\n\t\t<div class=\"elementor-element elementor-element-bfc5512 e-flex e-con-boxed e-con e-parent\" data-id=\"bfc5512\" data-element_type=\"container\" data-e-type=\"container\">\n\t\t\t\t\t<div class=\"e-con-inner\">\n\t\t\t\t<div class=\"elementor-element elementor-element-64ca386 elementor-widget-divider--view-line_text elementor-widget-divider--element-align-left elementor-widget elementor-widget-divider\" data-id=\"64ca386\" data-element_type=\"widget\" data-e-type=\"widget\" data-widget_type=\"divider.default\">\n\t\t\t\t<div class=\"elementor-widget-container\">\n\t\t\t\t\t\t\t<div class=\"elementor-divider\">\n\t\t\t<span class=\"elementor-divider-separator\">\n\t\t\t\t\t\t\t<span class=\"elementor-divider__text elementor-divider__element\">\n\t\t\t\tInformazioni aggiuntive\t\t\t\t<\/span>\n\t\t\t\t\t\t<\/span>\n\t\t<\/div>\n\t\t\t\t\t\t<\/div>\n\t\t\t\t<\/div>\n\t\t<div class=\"elementor-element elementor-element-0337bfb e-con-full e-flex e-con e-child\" data-id=\"0337bfb\" data-element_type=\"container\" data-e-type=\"container\">\n\t\t\t\t<div class=\"elementor-element elementor-element-cdb051e elementor-widget elementor-widget-text-editor\" data-id=\"cdb051e\" data-element_type=\"widget\" data-e-type=\"widget\" data-widget_type=\"text-editor.default\">\n\t\t\t\t<div class=\"elementor-widget-container\">\n\t\t\t\t\t\t\t\t\t<p><span style=\"font-weight: 400;\">Humanitas \u00e8 stata fondata nel 2000. \u00c8 un&#8217;organizzazione non governativa, un&#8217;organizzazione senza scopo di lucro che si occupa principalmente di diritti umani e azioni di sostegno. La nostra missione \u00e8 quella di sensibilizzare l&#8217;opinione pubblica su problemi globali come la povert\u00e0, il consumo eccessivo, il divario tra paesi economicamente diversi e, attraverso l&#8217;educazione e la sensibilizzazione, promuovere l&#8217;inclusione sociale e la responsabilit\u00e0. Le principali attivit\u00e0 di Humanitas sono: educazione globale, progetti di cooperazione allo sviluppo, commercio equo e solidale, adozioni a distanza (con programmi principalmente in Africa) e turismo responsabile. Siamo una ONG di medio livello secondo il settore delle ONG slovene, con attualmente 7 dipendenti. Dal 2000, Humanitas conduce numerosi workshop interculturali di educazione globale (GE) sui diritti umani, in particolare su pregiudizi, stereotipi, discorsi d&#8217;odio, discriminazione, diversit\u00e0, migrazioni ecc. nelle scuole (per insegnanti e bambini). Nel 2012 abbiamo iniziato a lavorare con la metodologia &#8220;Attraverso gli occhi degli altri&#8221; in stretta collaborazione con una delle sue autrici, Vanessa Andreotti. Realizziamo pi\u00f9 di 100 workshop e seminari di educazione globale all&#8217;anno su argomenti menzionati e simili. Manteniamo inoltre contatti regolari e continuativi con oltre 30 scuole, il che significa che ci contattano ogni anno per pianificare l&#8217;anno scolastico successivo. Inoltre, abbiamo collaborato con pi\u00f9 di 150 scuole in tutta la Slovenia e all&#8217;estero.<\/span><\/p>\n<p>\u00a0<\/p>\n<p><span style=\"font-weight: 400;\">A livello internazionale, siamo attivi nella rete EPTO (European peer training organization), che organizza corsi di formazione contro la discriminazione e la diversit\u00e0 per formatori futuri e gi\u00e0 esistenti e siamo rappresentanti nazionali nel gruppo di lavoro CONCORD HUB 4 sull&#8217;educazione alla cittadinanza globale e l&#8217;impegno pubblico.<\/span><\/p>\n<p>\u00a0<\/p>\n<p><span style=\"font-weight: 400;\">Il principale campo di lavoro di Humanitas \u00e8 l&#8217;educazione globale, ma un argomento essenziale incluso nell&#8217;educazione interculturale e ai diritti umani insieme all&#8217;educazione alla diversit\u00e0. In questo modo tutti i nostri progetti GE internazionali hanno affrontato anche i temi della migrazione, della lotta alla discriminazione e della diversit\u00e0.<\/span><\/p>\n<p>\u00a0<\/p>\n<p><span style=\"font-weight: 400;\">Sito web: <\/span><a href=\"https:\/\/www.humanitas.si\/homepage\/\" target=\"_blank\" rel=\"noopener\"><span style=\"font-weight: 400;\">Homepage &#8211; Dru\u0161tvo Humanitas<\/span><\/a><\/p>\n\t\t\t\t\t\t\t\t<\/div>\n\t\t\t\t<\/div>\n\t\t\t\t<\/div>\n\t\t\t\t\t<\/div>\n\t\t\t\t<\/div>\n\t\t\t\t<\/div>\n\t\t","protected":false},"excerpt":{"rendered":"<p>Dru\u0161tvo Humanitas Centro per l&#8217;apprendimento e la cooperazione globale (Slovenia) Informazioni aggiuntive Humanitas \u00e8 stata fondata nel 2000. \u00c8 un&#8217;organizzazione non governativa, un&#8217;organizzazione senza scopo di lucro che si occupa principalmente di diritti umani e azioni di sostegno. La nostra missione \u00e8 quella di sensibilizzare l&#8217;opinione pubblica su problemi globali come la povert\u00e0, il consumo [&hellip;]<\/p>\n","protected":false},"author":1,"featured_media":0,"parent":0,"menu_order":0,"comment_status":"closed","ping_status":"closed","template":"","meta":{"_uag_custom_page_level_css":"","site-sidebar-layout":"no-sidebar","site-content-layout":"page-builder","ast-site-content-layout":"full-width-container","site-content-style":"unboxed","site-sidebar-style":"unboxed","ast-global-header-display":"","ast-banner-title-visibility":"","ast-main-header-display":"","ast-hfb-above-header-display":"","ast-hfb-below-header-display":"","ast-hfb-mobile-header-display":"","site-post-title":"disabled","ast-breadcrumbs-content":"","ast-featured-img":"disabled","footer-sml-layout":"","ast-disable-related-posts":"","theme-transparent-header-meta":"default","adv-header-id-meta":"","stick-header-meta":"","header-above-stick-meta":"","header-main-stick-meta":"","header-below-stick-meta":"","astra-migrate-meta-layouts":"default","ast-page-background-enabled":"default","ast-page-background-meta":{"desktop":{"background-color":"","background-image":"","background-repeat":"repeat","background-position":"center center","background-size":"auto","background-attachment":"scroll","background-type":"","background-media":"","overlay-type":"","overlay-color":"","overlay-opacity":"","overlay-gradient":""},"tablet":{"background-color":"","background-image":"","background-repeat":"repeat","background-position":"center center","background-size":"auto","background-attachment":"scroll","background-type":"","background-media":"","overlay-type":"","overlay-color":"","overlay-opacity":"","overlay-gradient":""},"mobile":{"background-color":"","background-image":"","background-repeat":"repeat","background-position":"center center","background-size":"auto","background-attachment":"scroll","background-type":"","background-media":"","overlay-type":"","overlay-color":"","overlay-opacity":"","overlay-gradient":""}},"ast-content-background-meta":{"desktop":{"background-color":"var(--ast-global-color-5)","background-image":"","background-repeat":"repeat","background-position":"center center","background-size":"auto","background-attachment":"scroll","background-type":"","background-media":"","overlay-type":"","overlay-color":"","overlay-opacity":"","overlay-gradient":""},"tablet":{"background-color":"var(--ast-global-color-5)","background-image":"","background-repeat":"repeat","background-position":"center center","background-size":"auto","background-attachment":"scroll","background-type":"","background-media":"","overlay-type":"","overlay-color":"","overlay-opacity":"","overlay-gradient":""},"mobile":{"background-color":"var(--ast-global-color-5)","background-image":"","background-repeat":"repeat","background-position":"center center","background-size":"auto","background-attachment":"scroll","background-type":"","background-media":"","overlay-type":"","overlay-color":"","overlay-opacity":"","overlay-gradient":""}},"footnotes":""},"class_list":["post-2824","page","type-page","status-publish","hentry"],"uagb_featured_image_src":{"full":false,"thumbnail":false,"medium":false,"medium_large":false,"large":false,"1536x1536":false,"2048x2048":false},"uagb_author_info":{"display_name":"raisissoftware.admin","author_link":"https:\/\/e-locum.eu\/it\/author\/raisissoftware-admin\/"},"uagb_comment_info":0,"uagb_excerpt":"Dru\u0161tvo Humanitas Centro per l&#8217;apprendimento e la cooperazione globale (Slovenia) Informazioni aggiuntive Humanitas \u00e8 stata fondata nel 2000. \u00c8 un&#8217;organizzazione non governativa, un&#8217;organizzazione senza scopo di lucro che si occupa principalmente di diritti umani e azioni di sostegno. La nostra missione \u00e8 quella di sensibilizzare l&#8217;opinione pubblica su problemi globali come la povert\u00e0, il consumo&hellip;","_links":{"self":[{"href":"https:\/\/e-locum.eu\/it\/wp-json\/wp\/v2\/pages\/2824","targetHints":{"allow":["GET"]}}],"collection":[{"href":"https:\/\/e-locum.eu\/it\/wp-json\/wp\/v2\/pages"}],"about":[{"href":"https:\/\/e-locum.eu\/it\/wp-json\/wp\/v2\/types\/page"}],"author":[{"embeddable":true,"href":"https:\/\/e-locum.eu\/it\/wp-json\/wp\/v2\/users\/1"}],"replies":[{"embeddable":true,"href":"https:\/\/e-locum.eu\/it\/wp-json\/wp\/v2\/comments?post=2824"}],"version-history":[{"count":1,"href":"https:\/\/e-locum.eu\/it\/wp-json\/wp\/v2\/pages\/2824\/revisions"}],"predecessor-version":[{"id":2826,"href":"https:\/\/e-locum.eu\/it\/wp-json\/wp\/v2\/pages\/2824\/revisions\/2826"}],"wp:attachment":[{"href":"https:\/\/e-locum.eu\/it\/wp-json\/wp\/v2\/media?parent=2824"}],"curies":[{"name":"wp","href":"https:\/\/api.w.org\/{rel}","templated":true}]}}