{"id":2806,"date":"2024-07-16T06:39:41","date_gmt":"2024-07-16T06:39:41","guid":{"rendered":"https:\/\/e-locum.eu\/consorzio-vives\/"},"modified":"2025-12-18T12:22:44","modified_gmt":"2025-12-18T12:22:44","slug":"consorzio-vives","status":"publish","type":"page","link":"https:\/\/e-locum.eu\/it\/consorzio-vives\/","title":{"rendered":"Consorzio Vives"},"content":{"rendered":"\t\t<div data-elementor-type=\"wp-post\" data-elementor-id=\"2806\" class=\"elementor elementor-2806 elementor-1592\" data-elementor-post-type=\"page\">\n\t\t\t\t<div class=\"elementor-element elementor-element-qa2xtqv e-flex e-con-boxed e-con e-parent\" data-id=\"qa2xtqv\" data-element_type=\"container\" data-e-type=\"container\" data-settings=\"{&quot;background_background&quot;:&quot;classic&quot;}\">\n\t\t\t\t\t<div class=\"e-con-inner\">\n\t\t<div class=\"elementor-element elementor-element-c1b36fd e-con-full animated-slow e-flex elementor-invisible e-con e-child\" data-id=\"c1b36fd\" data-element_type=\"container\" data-e-type=\"container\" data-settings=\"{&quot;background_background&quot;:&quot;classic&quot;,&quot;animation&quot;:&quot;zoomIn&quot;}\">\n\t\t\t\t<div class=\"elementor-element elementor-element-c04ee8a elementor-widget elementor-widget-heading\" data-id=\"c04ee8a\" data-element_type=\"widget\" data-e-type=\"widget\" data-widget_type=\"heading.default\">\n\t\t\t\t<div class=\"elementor-widget-container\">\n\t\t\t\t\t<h2 class=\"elementor-heading-title elementor-size-default\">Consorzio Vives<\/h2>\t\t\t\t<\/div>\n\t\t\t\t<\/div>\n\t\t\t\t<div class=\"elementor-element elementor-element-e55af1c elementor-widget elementor-widget-text-editor\" data-id=\"e55af1c\" data-element_type=\"widget\" data-e-type=\"widget\" data-widget_type=\"text-editor.default\">\n\t\t\t\t<div class=\"elementor-widget-container\">\n\t\t\t\t\t\t\t\t\t<p><span style=\"font-weight: 400;\">Consorzio di Cooperative Sociali &#8211; Societ\u00e0 Cooperativa Sociale Impresa Sociale &#8211; ONLUS<\/span><b> (Italia)<\/b><\/p>\n\t\t\t\t\t\t\t\t<\/div>\n\t\t\t\t<\/div>\n\t\t\t\t<div class=\"elementor-element elementor-element-330149b elementor-widget elementor-widget-image\" data-id=\"330149b\" data-element_type=\"widget\" data-e-type=\"widget\" data-widget_type=\"image.default\">\n\t\t\t\t<div class=\"elementor-widget-container\">\n\t\t\t\t\t\t\t\t\t\t\t\t\t\t\t<img fetchpriority=\"high\" decoding=\"async\" width=\"896\" height=\"315\" src=\"https:\/\/e-locum.eu\/wp-content\/uploads\/2024\/07\/replicate-prediction-bgpw4j8m9hrg80cgppq94qskx0-min-1-e1721111466375.png\" class=\"attachment-large size-large wp-image-2805\" alt=\"\" srcset=\"https:\/\/e-locum.eu\/wp-content\/uploads\/2024\/07\/replicate-prediction-bgpw4j8m9hrg80cgppq94qskx0-min-1-e1721111466375.png 896w, https:\/\/e-locum.eu\/wp-content\/uploads\/2024\/07\/replicate-prediction-bgpw4j8m9hrg80cgppq94qskx0-min-1-e1721111466375-300x105.png 300w, https:\/\/e-locum.eu\/wp-content\/uploads\/2024\/07\/replicate-prediction-bgpw4j8m9hrg80cgppq94qskx0-min-1-e1721111466375-768x270.png 768w\" sizes=\"(max-width: 896px) 100vw, 896px\" \/>\t\t\t\t\t\t\t\t\t\t\t\t\t\t\t<\/div>\n\t\t\t\t<\/div>\n\t\t\t\t<\/div>\n\t\t<div class=\"elementor-element elementor-element-1009169 e-con-full e-flex e-con e-child\" data-id=\"1009169\" data-element_type=\"container\" data-e-type=\"container\">\n\t\t\t\t<\/div>\n\t\t\t\t\t<\/div>\n\t\t\t\t<\/div>\n\t\t<div class=\"elementor-element elementor-element-bfc5512 e-flex e-con-boxed e-con e-parent\" data-id=\"bfc5512\" data-element_type=\"container\" data-e-type=\"container\">\n\t\t\t\t\t<div class=\"e-con-inner\">\n\t\t\t\t<div class=\"elementor-element elementor-element-64ca386 elementor-widget-divider--view-line_text elementor-widget-divider--element-align-left elementor-widget elementor-widget-divider\" data-id=\"64ca386\" data-element_type=\"widget\" data-e-type=\"widget\" data-widget_type=\"divider.default\">\n\t\t\t\t<div class=\"elementor-widget-container\">\n\t\t\t\t\t\t\t<div class=\"elementor-divider\">\n\t\t\t<span class=\"elementor-divider-separator\">\n\t\t\t\t\t\t\t<span class=\"elementor-divider__text elementor-divider__element\">\n\t\t\t\tInformazioni aggiuntive\t\t\t\t<\/span>\n\t\t\t\t\t\t<\/span>\n\t\t<\/div>\n\t\t\t\t\t\t<\/div>\n\t\t\t\t<\/div>\n\t\t<div class=\"elementor-element elementor-element-0337bfb e-con-full e-flex e-con e-child\" data-id=\"0337bfb\" data-element_type=\"container\" data-e-type=\"container\">\n\t\t\t\t<div class=\"elementor-element elementor-element-cdb051e elementor-widget elementor-widget-text-editor\" data-id=\"cdb051e\" data-element_type=\"widget\" data-e-type=\"widget\" data-widget_type=\"text-editor.default\">\n\t\t\t\t<div class=\"elementor-widget-container\">\n\t\t\t\t\t\t\t\t\t<p><span style=\"font-weight: 400;\">VIVES \u00e8 un Consorzio di 3 cooperative sociali operanti nelle quattro ex province (almeno una ciascuna) che compongono la Regione Friuli Venezia Giulia: Codess FVG, Agenzia Sociale 2001 e FAI, che sono tra le pi\u00f9 importanti organizzazioni dell&#8217;economia sociale del territorio.<\/span><\/p>\n<p><span style=\"font-weight: 400;\">Da oltre 30 anni, le 3 cooperative e il loro consorzio forniscono servizi sociali, educativi e sanitari per bambini, giovani, anziani, migranti, disabili e altri gruppi vulnerabili, agendo come imprese sociali, appaltatori o partner della societ\u00e0 civile di oltre 50 enti locali della Regione.<\/span><\/p>\n<p><span style=\"font-weight: 400;\">Nel 2013, hanno costituito il Consorzio con l&#8217;obiettivo di rafforzare la loro capacit\u00e0 istituzionale e operativa, per affrontare i profondi cambiamenti del welfare contemporaneo, adottando un modello competitivo, ma innovativo e socialmente responsabile. approccio.<\/span><\/p>\n<p><span style=\"font-weight: 400;\">Governance democratica, inclusione e investimento dei margini operativi per la costruzione della comunit\u00e0 sono i pilastri principali dell&#8217;economia sociale perseguita da VIVES e dalle cooperative ad essa affiliate.<\/span><\/p>\n<p><span style=\"font-weight: 400;\">Il Consiglio di Amministrazione \u00e8 composto da 3 membri, un Presidente e due Vicepresidenti, uno per ciascuna cooperativa. Il personale \u00e8 composto dai dipendenti (distaccati o meno) delle sue entit\u00e0 affiliate; pertanto, VIVES impiega di fatto pi\u00f9 di 1.700 lavoratori.<\/span><\/p>\n<p><span style=\"font-weight: 400;\">Oltre il 60% di loro sono donne e una quota rilevante \u00e8 composta da cittadini non italiani (35% in FAI e 10% ciascuno nei restanti due).<\/span><\/p>\n<p><span style=\"font-weight: 400;\">Infine, VIVES \u00e8 membro attivo della rete europea REVES dal 2015 e cos\u00ec lo \u00e8 Agenzia Sociale dal 2001 nella rete CEFEC (entrambe le reti sono Partner nella presente Azione).<\/span><\/p>\n<p>\u00a0<\/p>\n<p><span style=\"font-weight: 400;\">Sito web: <\/span><a href=\"https:\/\/consorziovives.it\/\" target=\"_blank\" rel=\"noopener\"><span style=\"font-weight: 400;\">Consorzio Vives<\/span><\/a><span style=\"font-weight: 400;\">\u00a0<\/span><\/p>\n\t\t\t\t\t\t\t\t<\/div>\n\t\t\t\t<\/div>\n\t\t\t\t<\/div>\n\t\t\t\t\t<\/div>\n\t\t\t\t<\/div>\n\t\t\t\t<\/div>\n\t\t","protected":false},"excerpt":{"rendered":"<p>Consorzio Vives Consorzio di Cooperative Sociali &#8211; Societ\u00e0 Cooperativa Sociale Impresa Sociale &#8211; ONLUS (Italia) Informazioni aggiuntive VIVES \u00e8 un Consorzio di 3 cooperative sociali operanti nelle quattro ex province (almeno una ciascuna) che compongono la Regione Friuli Venezia Giulia: Codess FVG, Agenzia Sociale 2001 e FAI, che sono tra le pi\u00f9 importanti organizzazioni dell&#8217;economia [&hellip;]<\/p>\n","protected":false},"author":1,"featured_media":0,"parent":0,"menu_order":0,"comment_status":"closed","ping_status":"closed","template":"","meta":{"_uag_custom_page_level_css":"","site-sidebar-layout":"no-sidebar","site-content-layout":"page-builder","ast-site-content-layout":"full-width-container","site-content-style":"unboxed","site-sidebar-style":"unboxed","ast-global-header-display":"","ast-banner-title-visibility":"","ast-main-header-display":"","ast-hfb-above-header-display":"","ast-hfb-below-header-display":"","ast-hfb-mobile-header-display":"","site-post-title":"disabled","ast-breadcrumbs-content":"","ast-featured-img":"disabled","footer-sml-layout":"","ast-disable-related-posts":"","theme-transparent-header-meta":"default","adv-header-id-meta":"","stick-header-meta":"","header-above-stick-meta":"","header-main-stick-meta":"","header-below-stick-meta":"","astra-migrate-meta-layouts":"default","ast-page-background-enabled":"default","ast-page-background-meta":{"desktop":{"background-color":"","background-image":"","background-repeat":"repeat","background-position":"center center","background-size":"auto","background-attachment":"scroll","background-type":"","background-media":"","overlay-type":"","overlay-color":"","overlay-opacity":"","overlay-gradient":""},"tablet":{"background-color":"","background-image":"","background-repeat":"repeat","background-position":"center center","background-size":"auto","background-attachment":"scroll","background-type":"","background-media":"","overlay-type":"","overlay-color":"","overlay-opacity":"","overlay-gradient":""},"mobile":{"background-color":"","background-image":"","background-repeat":"repeat","background-position":"center center","background-size":"auto","background-attachment":"scroll","background-type":"","background-media":"","overlay-type":"","overlay-color":"","overlay-opacity":"","overlay-gradient":""}},"ast-content-background-meta":{"desktop":{"background-color":"var(--ast-global-color-5)","background-image":"","background-repeat":"repeat","background-position":"center center","background-size":"auto","background-attachment":"scroll","background-type":"","background-media":"","overlay-type":"","overlay-color":"","overlay-opacity":"","overlay-gradient":""},"tablet":{"background-color":"var(--ast-global-color-5)","background-image":"","background-repeat":"repeat","background-position":"center center","background-size":"auto","background-attachment":"scroll","background-type":"","background-media":"","overlay-type":"","overlay-color":"","overlay-opacity":"","overlay-gradient":""},"mobile":{"background-color":"var(--ast-global-color-5)","background-image":"","background-repeat":"repeat","background-position":"center center","background-size":"auto","background-attachment":"scroll","background-type":"","background-media":"","overlay-type":"","overlay-color":"","overlay-opacity":"","overlay-gradient":""}},"footnotes":""},"class_list":["post-2806","page","type-page","status-publish","hentry"],"uagb_featured_image_src":{"full":false,"thumbnail":false,"medium":false,"medium_large":false,"large":false,"1536x1536":false,"2048x2048":false},"uagb_author_info":{"display_name":"raisissoftware.admin","author_link":"https:\/\/e-locum.eu\/it\/author\/raisissoftware-admin\/"},"uagb_comment_info":0,"uagb_excerpt":"Consorzio Vives Consorzio di Cooperative Sociali &#8211; Societ\u00e0 Cooperativa Sociale Impresa Sociale &#8211; ONLUS (Italia) Informazioni aggiuntive VIVES \u00e8 un Consorzio di 3 cooperative sociali operanti nelle quattro ex province (almeno una ciascuna) che compongono la Regione Friuli Venezia Giulia: Codess FVG, Agenzia Sociale 2001 e FAI, che sono tra le pi\u00f9 importanti organizzazioni dell&#8217;economia&hellip;","_links":{"self":[{"href":"https:\/\/e-locum.eu\/it\/wp-json\/wp\/v2\/pages\/2806","targetHints":{"allow":["GET"]}}],"collection":[{"href":"https:\/\/e-locum.eu\/it\/wp-json\/wp\/v2\/pages"}],"about":[{"href":"https:\/\/e-locum.eu\/it\/wp-json\/wp\/v2\/types\/page"}],"author":[{"embeddable":true,"href":"https:\/\/e-locum.eu\/it\/wp-json\/wp\/v2\/users\/1"}],"replies":[{"embeddable":true,"href":"https:\/\/e-locum.eu\/it\/wp-json\/wp\/v2\/comments?post=2806"}],"version-history":[{"count":1,"href":"https:\/\/e-locum.eu\/it\/wp-json\/wp\/v2\/pages\/2806\/revisions"}],"predecessor-version":[{"id":2807,"href":"https:\/\/e-locum.eu\/it\/wp-json\/wp\/v2\/pages\/2806\/revisions\/2807"}],"wp:attachment":[{"href":"https:\/\/e-locum.eu\/it\/wp-json\/wp\/v2\/media?parent=2806"}],"curies":[{"name":"wp","href":"https:\/\/api.w.org\/{rel}","templated":true}]}}