{"id":2616,"date":"2025-10-21T12:27:41","date_gmt":"2025-10-21T12:27:41","guid":{"rendered":"https:\/\/e-locum.eu\/encheiridio-dimiourgias-periechomenou-kai-meson-koinonikis-diktyosis\/"},"modified":"2025-12-18T09:34:07","modified_gmt":"2025-12-18T09:34:07","slug":"encheiridio-dimiourgias-periechomenou-kai-meson-koinonikis-diktyosis","status":"publish","type":"page","link":"https:\/\/e-locum.eu\/el\/encheiridio-dimiourgias-periechomenou-kai-meson-koinonikis-diktyosis\/","title":{"rendered":"Encheir\u00eddio dimiourg\u00edas periechom\u00e9nou kai m\u00e9son koinonik\u00eds dikt\u00fdosis"},"content":{"rendered":"\t\t<div data-elementor-type=\"wp-page\" data-elementor-id=\"2616\" class=\"elementor elementor-2616 elementor-2480\" data-elementor-post-type=\"page\">\n\t\t\t\t<div class=\"elementor-element elementor-element-627801b e-flex e-con-boxed e-con e-parent\" data-id=\"627801b\" data-element_type=\"container\" data-e-type=\"container\">\n\t\t\t\t\t<div class=\"e-con-inner\">\n\t\t\t\t<div class=\"elementor-element elementor-element-54de3147 elementor-widget elementor-widget-text-editor\" data-id=\"54de3147\" data-element_type=\"widget\" data-e-type=\"widget\" data-widget_type=\"text-editor.default\">\n\t\t\t\t<div class=\"elementor-widget-container\">\n\t\t\t\t\t\t\t\t\t<br><div class=\"wp-block-cover\" style=\"min-height: 393px;\">\r\n\r\n<img fetchpriority=\"high\" decoding=\"async\" width=\"682\" height=\"1024\" class=\"wp-block-cover__image-background wp-image-2485\" src=\"https:\/\/e-locum.eu\/wp-content\/uploads\/2025\/10\/g4295ce529a3997854a5974430a7b86e2b57602ed67e526c5fda4ea30ba53b8e0c194822038a811c43fbfc2211ba0f2c676a48ba5ab44793971eec78bc37e8555_1280-5238360-682x1024.jpg\" alt=\"\u03bc\u03ad\u03c1\u03b7, \u03bc\u03ad\u03c3\u03b1 \u03ba\u03bf\u03b9\u03bd\u03c9\u03bd\u03b9\u03ba\u03ae\u03c2 \u03b4\u03b9\u03ba\u03c4\u03cd\u03c9\u03c3\u03b7\u03c2, influencer, \u03bc\u03ad\u03c3\u03b1 \u03b5\u03bd\u03b7\u03bc\u03ad\u03c1\u03c9\u03c3\u03b7\u03c2, \u03ba\u03bf\u03b9\u03bd\u03ae \u03c7\u03c1\u03ae\u03c3\u03b7, \u03c6\u03cc\u03c1\u03bf\u03c5\u03bc, \u03c4\u03ac\u03c3\u03b7, \u03b9\u03c3\u03c4\u03cc\u03c4\u03bf\u03c0\u03bf\u03c2, \u03b4\u03af\u03ba\u03c4\u03c5\u03bf, \u03bd\u03ad\u03b1, facebook, twitter, \u03b9\u03c3\u03c4\u03bf\u03bb\u03cc\u03b3\u03b9\u03bf, \u03c3\u03c5\u03bd\u03bf\u03bc\u03b9\u03bb\u03af\u03b1, \u03c4\u03b5\u03c7\u03bd\u03bf\u03bb\u03bf\u03b3\u03af\u03b1, \u03b5\u03c0\u03b9\u03ba\u03bf\u03b9\u03bd\u03c9\u03bd\u03af\u03b1, \u03b4\u03b9\u03b1\u03b4\u03af\u03ba\u03c4\u03c5\u03bf, smartphone, \u03ac\u03bd\u03b8\u03c1\u03c9\u03c0\u03bf\u03b9, \u03ba\u03bf\u03b9\u03bd\u03c9\u03bd\u03b9\u03ba\u03ac \u03b4\u03af\u03ba\u03c4\u03c5\u03b1, \u03b4\u03b9\u03ba\u03c4\u03cd\u03c9\u03c3\u03b7, \u03bc\u03ac\u03c1\u03ba\u03b5\u03c4\u03b9\u03bd\u03b3\u03ba, whatsapp, \u03c3\u03cd\u03bd\u03b4\u03b5\u03c3\u03b7, influencer, influencer, influencer, influencer, \u03c6\u03cc\u03c1\u03bf\u03c5\u03bc, \u03c6\u03cc\u03c1\u03bf\u03c5\u03bc, \u03c6\u03cc\u03c1\u03bf\u03c5\u03bc, \u03c6\u03cc\u03c1\u03bf\u03c5\u03bc, \u03c6\u03cc\u03c1\u03bf\u03c5\u03bc, whatsapp, whatsapp, whatsapp\" data-object-fit=\"cover\" srcset=\"https:\/\/e-locum.eu\/wp-content\/uploads\/2025\/10\/g4295ce529a3997854a5974430a7b86e2b57602ed67e526c5fda4ea30ba53b8e0c194822038a811c43fbfc2211ba0f2c676a48ba5ab44793971eec78bc37e8555_1280-5238360-682x1024.jpg 682w, https:\/\/e-locum.eu\/wp-content\/uploads\/2025\/10\/g4295ce529a3997854a5974430a7b86e2b57602ed67e526c5fda4ea30ba53b8e0c194822038a811c43fbfc2211ba0f2c676a48ba5ab44793971eec78bc37e8555_1280-5238360-200x300.jpg 200w, https:\/\/e-locum.eu\/wp-content\/uploads\/2025\/10\/g4295ce529a3997854a5974430a7b86e2b57602ed67e526c5fda4ea30ba53b8e0c194822038a811c43fbfc2211ba0f2c676a48ba5ab44793971eec78bc37e8555_1280-5238360-768x1152.jpg 768w, https:\/\/e-locum.eu\/wp-content\/uploads\/2025\/10\/g4295ce529a3997854a5974430a7b86e2b57602ed67e526c5fda4ea30ba53b8e0c194822038a811c43fbfc2211ba0f2c676a48ba5ab44793971eec78bc37e8555_1280-5238360.jpg 853w\" sizes=\"(max-width: 682px) 100vw, 682px\" \/>\r\n<div class=\"wp-block-cover__inner-container\">\r\n\r\n\r\n<p class=\"has-text-align-center has-large-font-size\">\u03a0\u03ce\u03c2 \u03bd\u03b1 \u0394\u03b7\u03bc\u03b9\u03bf\u03c5\u03c1\u03b3\u03b5\u03af\u03c4\u03b5, \u03bd\u03b1 \u03a3\u03c5\u03bd\u03b4\u03b5\u03b8\u03b5\u03af\u03c4\u03b5 \u03ba\u03b1\u03b9 \u03bd\u03b1 \u03a0\u03b1\u03c1\u03b1\u03bc\u03ad\u03bd\u03b5\u03c4\u03b5 \u0391\u03c3\u03c6\u03b1\u03bb\u03b5\u03af\u03c2<\/p>\r\n\r\n\r\n<\/div><br><\/div><br><br><br>\u03a4\u03b1 \u03bc\u03ad\u03c3\u03b1 \u03ba\u03bf\u03b9\u03bd\u03c9\u03bd\u03b9\u03ba\u03ae\u03c2 \u03b4\u03b9\u03ba\u03c4\u03cd\u03c9\u03c3\u03b7\u03c2 \u03ad\u03c7\u03bf\u03c5\u03bd \u03b3\u03af\u03bd\u03b5\u03b9 \u03b1\u03bd\u03b1\u03c0\u03cc\u03c3\u03c0\u03b1\u03c3\u03c4\u03bf \u03ba\u03bf\u03bc\u03bc\u03ac\u03c4\u03b9 \u03c4\u03b7\u03c2 \u03ba\u03b1\u03b8\u03b7\u03bc\u03b5\u03c1\u03b9\u03bd\u03ae\u03c2 \u03b6\u03c9\u03ae\u03c2. \u0395\u03af\u03bd\u03b1\u03b9 \u03ad\u03bd\u03b1 \u03bc\u03ad\u03c1\u03bf\u03c2 \u03b3\u03b9\u03b1 \u03bd\u03b1 \u03c3\u03c5\u03bd\u03b4\u03b5\u03b8\u03bf\u03cd\u03bc\u03b5 \u03bc\u03b5 \u03c6\u03af\u03bb\u03bf\u03c5\u03c2, \u03bd\u03b1 \u03bc\u03ac\u03b8\u03bf\u03c5\u03bc\u03b5 \u03bd\u03ad\u03b1 \u03c0\u03c1\u03ac\u03b3\u03bc\u03b1\u03c4\u03b1 \u03ba\u03b1\u03b9 \u03bd\u03b1 \u03b2\u03c1\u03bf\u03cd\u03bc\u03b5 \u03ad\u03bc\u03c0\u03bd\u03b5\u03c5\u03c3\u03b7. \u0395\u03af\u03bd\u03b1\u03b9 \u03b5\u03c0\u03af\u03c3\u03b7\u03c2 \u03bc\u03b9\u03b1 \u03c0\u03bb\u03b1\u03c4\u03c6\u03cc\u03c1\u03bc\u03b1 \u03bc\u03ad\u03c3\u03c9 \u03c4\u03b7\u03c2 \u03bf\u03c0\u03bf\u03af\u03b1\u03c2 \u03bc\u03c0\u03bf\u03c1\u03bf\u03cd\u03bc\u03b5 \u03bd\u03b1 \u03bc\u03bf\u03b9\u03c1\u03b1\u03c3\u03c4\u03bf\u03cd\u03bc\u03b5 \u03c4\u03b9\u03c2 \u03b4\u03b9\u03ba\u03ad\u03c2 \u03bc\u03b1\u03c2 \u03b9\u03b4\u03ad\u03b5\u03c2 \u03bc\u03b5 \u03c4\u03bf\u03bd \u03ba\u03cc\u03c3\u03bc\u03bf. \u0393\u03b9\u03b1 \u03c0\u03bf\u03bb\u03bb\u03bf\u03cd\u03c2 \u03bd\u03ad\u03bf\u03c5\u03c2, \u03b5\u03af\u03bd\u03b1\u03b9 \u03b5\u03c0\u03af\u03c3\u03b7\u03c2 \u03ad\u03bd\u03b1\u03c2 \u03c7\u03ce\u03c1\u03bf\u03c2 \u03b3\u03b9\u03b1 \u03bd\u03b1 \u03c0\u03b5\u03b9\u03c1\u03b1\u03bc\u03b1\u03c4\u03b9\u03c3\u03c4\u03bf\u03cd\u03bd \u03bc\u03b5 \u03c4\u03b7 \u03b4\u03b7\u03bc\u03b9\u03bf\u03c5\u03c1\u03b3\u03b9\u03ba\u03cc\u03c4\u03b7\u03c4\u03b1, \u03b5\u03af\u03c4\u03b5 \u03c0\u03c1\u03cc\u03ba\u03b5\u03b9\u03c4\u03b1\u03b9 \u03b3\u03b9\u03b1 \u03c4\u03b7\u03bd \u03b1\u03bd\u03ac\u03c1\u03c4\u03b7\u03c3\u03b7 \u03c6\u03c9\u03c4\u03bf\u03b3\u03c1\u03b1\u03c6\u03b9\u03ce\u03bd, \u03c4\u03b7\u03bd \u03b7\u03c7\u03bf\u03b3\u03c1\u03ac\u03c6\u03b7\u03c3\u03b7 \u03b1\u03c3\u03c4\u03b5\u03af\u03c9\u03bd \u03b2\u03af\u03bd\u03c4\u03b5\u03bf, \u03b5\u03af\u03c4\u03b5 \u03b1\u03ba\u03cc\u03bc\u03b1 \u03ba\u03b1\u03b9 \u03b3\u03b9\u03b1 \u03c4\u03b7\u03bd \u03ad\u03bd\u03b1\u03c1\u03be\u03b7 \u03b5\u03bd\u03cc\u03c2 podcast.<br><br><br><br>\u03a9\u03c3\u03c4\u03cc\u03c3\u03bf, \u03bf \u03b4\u03b9\u03b1\u03b4\u03b9\u03ba\u03c4\u03c5\u03b1\u03ba\u03cc\u03c2 \u03ba\u03cc\u03c3\u03bc\u03bf\u03c2 \u03bc\u03c0\u03bf\u03c1\u03b5\u03af \u03b5\u03c0\u03af\u03c3\u03b7\u03c2 \u03bd\u03b1 \u03b5\u03af\u03bd\u03b1\u03b9 \u03b4\u03cd\u03c3\u03ba\u03bf\u03bb\u03bf\u03c2. \u039f\u03b9 \u03ba\u03af\u03bd\u03b4\u03c5\u03bd\u03bf\u03b9 \u03c0\u03b5\u03c1\u03b9\u03bb\u03b1\u03bc\u03b2\u03ac\u03bd\u03bf\u03c5\u03bd \u03b6\u03b7\u03c4\u03ae\u03bc\u03b1\u03c4\u03b1 \u03b1\u03c0\u03bf\u03c1\u03c1\u03ae\u03c4\u03bf\u03c5, \u03ba\u03c5\u03b2\u03b5\u03c1\u03bd\u03bf\u03b5\u03ba\u03c6\u03bf\u03b2\u03b9\u03c3\u03bc\u03cc, \u03c0\u03b1\u03c1\u03b1\u03c0\u03bb\u03b7\u03c1\u03bf\u03c6\u03cc\u03c1\u03b7\u03c3\u03b7 \u03ba\u03b1\u03b9 \u03c0\u03c1\u03bf\u03b2\u03bb\u03ae\u03bc\u03b1\u03c4\u03b1 \u03c8\u03c5\u03c7\u03b9\u03ba\u03ae\u03c2 \u03c5\u03b3\u03b5\u03af\u03b1\u03c2. \u0397 \u03c0\u03af\u03b5\u03c3\u03b7 \u03bd\u03b1 \u00ab\u03b3\u03af\u03bd\u03bf\u03c5\u03bd viral\u00bb \u03ae \u03bd\u03b1 \u03c6\u03b1\u03bd\u03bf\u03cd\u03bd \u03c4\u03ad\u03bb\u03b5\u03b9\u03bf\u03b9 \u03bc\u03c0\u03bf\u03c1\u03b5\u03af \u03bc\u03b5\u03c1\u03b9\u03ba\u03ad\u03c2 \u03c6\u03bf\u03c1\u03ad\u03c2 \u03bd\u03b1 \u03b5\u03af\u03bd\u03b1\u03b9 \u03c3\u03c5\u03bd\u03c4\u03c1\u03b9\u03c0\u03c4\u03b9\u03ba\u03ae. \u0393\u03b9&#8217; \u03b1\u03c5\u03c4\u03cc \u03c5\u03c0\u03ac\u03c1\u03c7\u03b5\u03b9 \u03b1\u03c5\u03c4\u03cc\u03c2 \u03bf \u03bf\u03b4\u03b7\u03b3\u03cc\u03c2.<br><br><br><blockquote class=\"wp-block-quote\">\r\n\r\n\u039c\u03c0\u03bf\u03c1\u03b5\u03af\u03c4\u03b5 \u03bd\u03b1 \u03c4\u03bf\u03bd \u03ba\u03b1\u03c4\u03b5\u03b2\u03ac\u03c3\u03b5\u03c4\u03b5 \u03b1\u03c0\u03cc <a href=\"https:\/\/e-locum.eu\/wp-content\/uploads\/2025\/10\/E-LoCUM_Guidelines-for-social-media-creation.pdf\"><strong>\u0395\u0394\u03a9<\/strong><\/a>, \u03b1\u03bd \u03b5\u03bd\u03b4\u03b9\u03b1\u03c6\u03ad\u03c1\u03b5\u03c3\u03c4\u03b5 \u03bd\u03b1 \u03bc\u03ac\u03b8\u03b5\u03c4\u03b5 \u03c0\u03b5\u03c1\u03b9\u03c3\u03c3\u03cc\u03c4\u03b5\u03c1\u03b1!\r\n\r\n<\/blockquote>\t\t\t\t\t\t\t\t<\/div>\n\t\t\t\t<\/div>\n\t\t\t\t\t<\/div>\n\t\t\t\t<\/div>\n\t\t\t\t<\/div>\n\t\t","protected":false},"excerpt":{"rendered":"<p>\u03a0\u03ce\u03c2 \u03bd\u03b1 \u0394\u03b7\u03bc\u03b9\u03bf\u03c5\u03c1\u03b3\u03b5\u03af\u03c4\u03b5, \u03bd\u03b1 \u03a3\u03c5\u03bd\u03b4\u03b5\u03b8\u03b5\u03af\u03c4\u03b5 \u03ba\u03b1\u03b9 \u03bd\u03b1 \u03a0\u03b1\u03c1\u03b1\u03bc\u03ad\u03bd\u03b5\u03c4\u03b5 \u0391\u03c3\u03c6\u03b1\u03bb\u03b5\u03af\u03c2 \u03a4\u03b1 \u03bc\u03ad\u03c3\u03b1 \u03ba\u03bf\u03b9\u03bd\u03c9\u03bd\u03b9\u03ba\u03ae\u03c2 \u03b4\u03b9\u03ba\u03c4\u03cd\u03c9\u03c3\u03b7\u03c2 \u03ad\u03c7\u03bf\u03c5\u03bd \u03b3\u03af\u03bd\u03b5\u03b9 \u03b1\u03bd\u03b1\u03c0\u03cc\u03c3\u03c0\u03b1\u03c3\u03c4\u03bf \u03ba\u03bf\u03bc\u03bc\u03ac\u03c4\u03b9 \u03c4\u03b7\u03c2 \u03ba\u03b1\u03b8\u03b7\u03bc\u03b5\u03c1\u03b9\u03bd\u03ae\u03c2 \u03b6\u03c9\u03ae\u03c2. \u0395\u03af\u03bd\u03b1\u03b9 \u03ad\u03bd\u03b1 \u03bc\u03ad\u03c1\u03bf\u03c2 \u03b3\u03b9\u03b1 \u03bd\u03b1 \u03c3\u03c5\u03bd\u03b4\u03b5\u03b8\u03bf\u03cd\u03bc\u03b5 \u03bc\u03b5 \u03c6\u03af\u03bb\u03bf\u03c5\u03c2, \u03bd\u03b1 \u03bc\u03ac\u03b8\u03bf\u03c5\u03bc\u03b5 \u03bd\u03ad\u03b1 \u03c0\u03c1\u03ac\u03b3\u03bc\u03b1\u03c4\u03b1 \u03ba\u03b1\u03b9 \u03bd\u03b1 \u03b2\u03c1\u03bf\u03cd\u03bc\u03b5 \u03ad\u03bc\u03c0\u03bd\u03b5\u03c5\u03c3\u03b7. \u0395\u03af\u03bd\u03b1\u03b9 \u03b5\u03c0\u03af\u03c3\u03b7\u03c2 \u03bc\u03b9\u03b1 \u03c0\u03bb\u03b1\u03c4\u03c6\u03cc\u03c1\u03bc\u03b1 \u03bc\u03ad\u03c3\u03c9 \u03c4\u03b7\u03c2 \u03bf\u03c0\u03bf\u03af\u03b1\u03c2 \u03bc\u03c0\u03bf\u03c1\u03bf\u03cd\u03bc\u03b5 \u03bd\u03b1 \u03bc\u03bf\u03b9\u03c1\u03b1\u03c3\u03c4\u03bf\u03cd\u03bc\u03b5 \u03c4\u03b9\u03c2 \u03b4\u03b9\u03ba\u03ad\u03c2 \u03bc\u03b1\u03c2 \u03b9\u03b4\u03ad\u03b5\u03c2 \u03bc\u03b5 \u03c4\u03bf\u03bd \u03ba\u03cc\u03c3\u03bc\u03bf. \u0393\u03b9\u03b1 \u03c0\u03bf\u03bb\u03bb\u03bf\u03cd\u03c2 [&hellip;]<\/p>\n","protected":false},"author":1,"featured_media":0,"parent":0,"menu_order":0,"comment_status":"closed","ping_status":"closed","template":"","meta":{"_uag_custom_page_level_css":"","site-sidebar-layout":"default","site-content-layout":"","ast-site-content-layout":"default","site-content-style":"default","site-sidebar-style":"default","ast-global-header-display":"","ast-banner-title-visibility":"","ast-main-header-display":"","ast-hfb-above-header-display":"","ast-hfb-below-header-display":"","ast-hfb-mobile-header-display":"","site-post-title":"","ast-breadcrumbs-content":"","ast-featured-img":"","footer-sml-layout":"","ast-disable-related-posts":"","theme-transparent-header-meta":"","adv-header-id-meta":"","stick-header-meta":"","header-above-stick-meta":"","header-main-stick-meta":"","header-below-stick-meta":"","astra-migrate-meta-layouts":"default","ast-page-background-enabled":"default","ast-page-background-meta":{"desktop":{"background-color":"","background-image":"","background-repeat":"repeat","background-position":"center center","background-size":"auto","background-attachment":"scroll","background-type":"","background-media":"","overlay-type":"","overlay-color":"","overlay-opacity":"","overlay-gradient":""},"tablet":{"background-color":"","background-image":"","background-repeat":"repeat","background-position":"center center","background-size":"auto","background-attachment":"scroll","background-type":"","background-media":"","overlay-type":"","overlay-color":"","overlay-opacity":"","overlay-gradient":""},"mobile":{"background-color":"","background-image":"","background-repeat":"repeat","background-position":"center center","background-size":"auto","background-attachment":"scroll","background-type":"","background-media":"","overlay-type":"","overlay-color":"","overlay-opacity":"","overlay-gradient":""}},"ast-content-background-meta":{"desktop":{"background-color":"var(--ast-global-color-5)","background-image":"","background-repeat":"repeat","background-position":"center center","background-size":"auto","background-attachment":"scroll","background-type":"","background-media":"","overlay-type":"","overlay-color":"","overlay-opacity":"","overlay-gradient":""},"tablet":{"background-color":"var(--ast-global-color-5)","background-image":"","background-repeat":"repeat","background-position":"center center","background-size":"auto","background-attachment":"scroll","background-type":"","background-media":"","overlay-type":"","overlay-color":"","overlay-opacity":"","overlay-gradient":""},"mobile":{"background-color":"var(--ast-global-color-5)","background-image":"","background-repeat":"repeat","background-position":"center center","background-size":"auto","background-attachment":"scroll","background-type":"","background-media":"","overlay-type":"","overlay-color":"","overlay-opacity":"","overlay-gradient":""}},"footnotes":""},"class_list":["post-2616","page","type-page","status-publish","hentry"],"uagb_featured_image_src":{"full":false,"thumbnail":false,"medium":false,"medium_large":false,"large":false,"1536x1536":false,"2048x2048":false},"uagb_author_info":{"display_name":"raisissoftware.admin","author_link":"https:\/\/e-locum.eu\/el\/author\/raisissoftware-admin\/"},"uagb_comment_info":0,"uagb_excerpt":"\u03a0\u03ce\u03c2 \u03bd\u03b1 \u0394\u03b7\u03bc\u03b9\u03bf\u03c5\u03c1\u03b3\u03b5\u03af\u03c4\u03b5, \u03bd\u03b1 \u03a3\u03c5\u03bd\u03b4\u03b5\u03b8\u03b5\u03af\u03c4\u03b5 \u03ba\u03b1\u03b9 \u03bd\u03b1 \u03a0\u03b1\u03c1\u03b1\u03bc\u03ad\u03bd\u03b5\u03c4\u03b5 \u0391\u03c3\u03c6\u03b1\u03bb\u03b5\u03af\u03c2 \u03a4\u03b1 \u03bc\u03ad\u03c3\u03b1 \u03ba\u03bf\u03b9\u03bd\u03c9\u03bd\u03b9\u03ba\u03ae\u03c2 \u03b4\u03b9\u03ba\u03c4\u03cd\u03c9\u03c3\u03b7\u03c2 \u03ad\u03c7\u03bf\u03c5\u03bd \u03b3\u03af\u03bd\u03b5\u03b9 \u03b1\u03bd\u03b1\u03c0\u03cc\u03c3\u03c0\u03b1\u03c3\u03c4\u03bf \u03ba\u03bf\u03bc\u03bc\u03ac\u03c4\u03b9 \u03c4\u03b7\u03c2 \u03ba\u03b1\u03b8\u03b7\u03bc\u03b5\u03c1\u03b9\u03bd\u03ae\u03c2 \u03b6\u03c9\u03ae\u03c2. \u0395\u03af\u03bd\u03b1\u03b9 \u03ad\u03bd\u03b1 \u03bc\u03ad\u03c1\u03bf\u03c2 \u03b3\u03b9\u03b1 \u03bd\u03b1 \u03c3\u03c5\u03bd\u03b4\u03b5\u03b8\u03bf\u03cd\u03bc\u03b5 \u03bc\u03b5 \u03c6\u03af\u03bb\u03bf\u03c5\u03c2, \u03bd\u03b1 \u03bc\u03ac\u03b8\u03bf\u03c5\u03bc\u03b5 \u03bd\u03ad\u03b1 \u03c0\u03c1\u03ac\u03b3\u03bc\u03b1\u03c4\u03b1 \u03ba\u03b1\u03b9 \u03bd\u03b1 \u03b2\u03c1\u03bf\u03cd\u03bc\u03b5 \u03ad\u03bc\u03c0\u03bd\u03b5\u03c5\u03c3\u03b7. \u0395\u03af\u03bd\u03b1\u03b9 \u03b5\u03c0\u03af\u03c3\u03b7\u03c2 \u03bc\u03b9\u03b1 \u03c0\u03bb\u03b1\u03c4\u03c6\u03cc\u03c1\u03bc\u03b1 \u03bc\u03ad\u03c3\u03c9 \u03c4\u03b7\u03c2 \u03bf\u03c0\u03bf\u03af\u03b1\u03c2 \u03bc\u03c0\u03bf\u03c1\u03bf\u03cd\u03bc\u03b5 \u03bd\u03b1 \u03bc\u03bf\u03b9\u03c1\u03b1\u03c3\u03c4\u03bf\u03cd\u03bc\u03b5 \u03c4\u03b9\u03c2 \u03b4\u03b9\u03ba\u03ad\u03c2 \u03bc\u03b1\u03c2 \u03b9\u03b4\u03ad\u03b5\u03c2 \u03bc\u03b5 \u03c4\u03bf\u03bd \u03ba\u03cc\u03c3\u03bc\u03bf. \u0393\u03b9\u03b1 \u03c0\u03bf\u03bb\u03bb\u03bf\u03cd\u03c2&hellip;","_links":{"self":[{"href":"https:\/\/e-locum.eu\/el\/wp-json\/wp\/v2\/pages\/2616","targetHints":{"allow":["GET"]}}],"collection":[{"href":"https:\/\/e-locum.eu\/el\/wp-json\/wp\/v2\/pages"}],"about":[{"href":"https:\/\/e-locum.eu\/el\/wp-json\/wp\/v2\/types\/page"}],"author":[{"embeddable":true,"href":"https:\/\/e-locum.eu\/el\/wp-json\/wp\/v2\/users\/1"}],"replies":[{"embeddable":true,"href":"https:\/\/e-locum.eu\/el\/wp-json\/wp\/v2\/comments?post=2616"}],"version-history":[{"count":3,"href":"https:\/\/e-locum.eu\/el\/wp-json\/wp\/v2\/pages\/2616\/revisions"}],"predecessor-version":[{"id":2619,"href":"https:\/\/e-locum.eu\/el\/wp-json\/wp\/v2\/pages\/2616\/revisions\/2619"}],"wp:attachment":[{"href":"https:\/\/e-locum.eu\/el\/wp-json\/wp\/v2\/media?parent=2616"}],"curies":[{"name":"wp","href":"https:\/\/api.w.org\/{rel}","templated":true}]}}